{"id":1707,"date":"2023-12-14T09:39:26","date_gmt":"2023-12-14T09:39:26","guid":{"rendered":"http:\/\/eightandargot.com\/?page_id=1707"},"modified":"2025-05-20T12:41:10","modified_gmt":"2025-05-20T10:41:10","slug":"seguimiento-de-envios","status":"publish","type":"page","link":"https:\/\/eightandargot.com\/en\/seguimiento-de-envios\/","title":{"rendered":"TRACK YOUR SHIPMENT"},"content":{"rendered":"<style>.kb-row-layout-id1707_98e2c6-e7 > .kt-row-column-wrap{align-content:start;}:where(.kb-row-layout-id1707_98e2c6-e7 > .kt-row-column-wrap) > .wp-block-kadence-column{justify-content:start;}.kb-row-layout-id1707_98e2c6-e7 > .kt-row-column-wrap{column-gap:var(--global-kb-gap-md, 2rem);row-gap:var(--global-kb-gap-md, 2rem);max-width:1000px;margin-left:auto;margin-right:auto;padding-top:var(--global-kb-spacing-sm, 1.5rem);padding-bottom:var(--global-kb-spacing-sm, 1.5rem);grid-template-columns:minmax(0, 1fr);}.kb-row-layout-id1707_98e2c6-e7 > .kt-row-layout-overlay{opacity:0.30;}@media all and (max-width: 1024px){.kb-row-layout-id1707_98e2c6-e7 > .kt-row-column-wrap{grid-template-columns:minmax(0, 1fr);}}@media all and (max-width: 767px){.kb-row-layout-id1707_98e2c6-e7 > .kt-row-column-wrap{row-gap:var(--global-kb-gap-none, 0rem );grid-template-columns:minmax(0, 1fr);}}<\/style><div class=\"kb-row-layout-wrap kb-row-layout-id1707_98e2c6-e7 alignnone wp-block-kadence-rowlayout\"><div class=\"kt-row-column-wrap kt-has-1-columns kt-row-layout-equal kt-tab-layout-inherit kt-mobile-layout-row kt-row-valign-top\">\n<style>.kadence-column1707_079481-d0 > .kt-inside-inner-col,.kadence-column1707_079481-d0 > .kt-inside-inner-col:before{border-top-left-radius:0px;border-top-right-radius:0px;border-bottom-right-radius:0px;border-bottom-left-radius:0px;}.kadence-column1707_079481-d0 > .kt-inside-inner-col{column-gap:var(--global-kb-gap-sm, 1rem);}.kadence-column1707_079481-d0 > .kt-inside-inner-col{flex-direction:column;}.kadence-column1707_079481-d0 > .kt-inside-inner-col > .aligncenter{width:100%;}.kadence-column1707_079481-d0 > .kt-inside-inner-col:before{opacity:0.3;}.kadence-column1707_079481-d0{position:relative;}@media all and (max-width: 1024px){.kadence-column1707_079481-d0 > .kt-inside-inner-col{flex-direction:column;justify-content:center;}}@media all and (max-width: 767px){.kadence-column1707_079481-d0 > .kt-inside-inner-col{flex-direction:column;justify-content:center;}}<\/style>\n<div class=\"wp-block-kadence-column kadence-column1707_079481-d0\"><div class=\"kt-inside-inner-col\"><style>.wp-block-kadence-advancedheading.kt-adv-heading1707_eb288e-2b, .wp-block-kadence-advancedheading.kt-adv-heading1707_eb288e-2b[data-kb-block=\"kb-adv-heading1707_eb288e-2b\"]{font-size:26px;font-style:normal;}.wp-block-kadence-advancedheading.kt-adv-heading1707_eb288e-2b mark.kt-highlight, .wp-block-kadence-advancedheading.kt-adv-heading1707_eb288e-2b[data-kb-block=\"kb-adv-heading1707_eb288e-2b\"] mark.kt-highlight{font-style:normal;color:#f76a0c;-webkit-box-decoration-break:clone;box-decoration-break:clone;padding-top:0px;padding-right:0px;padding-bottom:0px;padding-left:0px;}@media all and (max-width: 767px){.wp-block-kadence-advancedheading.kt-adv-heading1707_eb288e-2b, .wp-block-kadence-advancedheading.kt-adv-heading1707_eb288e-2b[data-kb-block=\"kb-adv-heading1707_eb288e-2b\"]{font-size:20px;}}<\/style>\n<h6 class=\"kt-adv-heading1707_eb288e-2b wp-block-kadence-advancedheading\" data-kb-block=\"kb-adv-heading1707_eb288e-2b\">TRACK YOUR SHIPMENT<\/h6>\n<\/div><\/div>\n\n<\/div><\/div>\n\n<style>.kb-row-layout-id1707_4a0b86-b2 > .kt-row-column-wrap{align-content:start;}:where(.kb-row-layout-id1707_4a0b86-b2 > .kt-row-column-wrap) > .wp-block-kadence-column{justify-content:start;}.kb-row-layout-id1707_4a0b86-b2 > .kt-row-column-wrap{column-gap:88px;row-gap:var(--global-kb-gap-md, 2rem);max-width:1000px;margin-left:auto;margin-right:auto;padding-top:var(--global-kb-spacing-sm, 1.5rem);grid-template-columns:repeat(2, minmax(0, 1fr));}.kb-row-layout-id1707_4a0b86-b2 > .kt-row-layout-overlay{opacity:0.30;}@media all and (max-width: 1024px){.kb-row-layout-id1707_4a0b86-b2 > .kt-row-column-wrap{grid-template-columns:repeat(2, minmax(0, 1fr));}}@media all and (max-width: 767px){.kb-row-layout-id1707_4a0b86-b2 > .kt-row-column-wrap{grid-template-columns:minmax(0, 1fr);}}<\/style><div class=\"kb-row-layout-wrap kb-row-layout-id1707_4a0b86-b2 alignnone wp-block-kadence-rowlayout\"><div class=\"kt-row-column-wrap kt-has-2-columns kt-row-layout-equal kt-tab-layout-inherit kt-mobile-layout-row kt-row-valign-top\">\n<style>.kadence-column1707_519568-87 > .kt-inside-inner-col,.kadence-column1707_519568-87 > .kt-inside-inner-col:before{border-top-left-radius:0px;border-top-right-radius:0px;border-bottom-right-radius:0px;border-bottom-left-radius:0px;}.kadence-column1707_519568-87 > .kt-inside-inner-col{column-gap:var(--global-kb-gap-sm, 1rem);}.kadence-column1707_519568-87 > .kt-inside-inner-col{flex-direction:column;}.kadence-column1707_519568-87 > .kt-inside-inner-col > .aligncenter{width:100%;}.kadence-column1707_519568-87 > .kt-inside-inner-col:before{opacity:0.3;}.kadence-column1707_519568-87{position:relative;}@media all and (max-width: 1024px){.kadence-column1707_519568-87 > .kt-inside-inner-col{flex-direction:column;justify-content:center;}}@media all and (max-width: 767px){.kadence-column1707_519568-87 > .kt-inside-inner-col{flex-direction:column;justify-content:center;}}<\/style>\n<div class=\"wp-block-kadence-column kadence-column1707_519568-87\"><div class=\"kt-inside-inner-col\">\n<p><strong>Once your order has been SHIPPED<\/strong>, you\u00b4ll receive an email with the&nbsp;<strong>TRACKING NUMBER<\/strong> and all the details you need to follow your parcel online and check its status in real time. Please note that tracking updates will appear progressively as the shipment moves through transit.<\/p>\n\n\n\n<p><strong>When your order is OUT FOR DELIVERY<\/strong>, you\u2019ll receive a new notification directly from the carrier*.<br>If you won\u2019t be at the delivery address, that same message will allow you to choose the most convenient available alternative and easily reschedule your delivery:<\/p>\n\n\n\n<blockquote class=\"wp-block-quote is-layout-flow wp-block-quote-is-layout-flow\">\n<ul class=\"wp-block-list\">\n<li>Reschedule the date and time<\/li>\n\n\n\n<li>Authorise delivery to a neighbour or doorman<\/li>\n\n\n\n<li>Collect it from the nearest Pick Up point<\/li>\n\n\n\n<li>Or stop by the local delivery depot.<\/li>\n<\/ul>\n<\/blockquote>\n\n\n\n<p><strong>It&#039;s that easy<\/strong>. Because at EIGHT &amp; ARG\u00d4T, we believe that the journey matters just as much as the destination. That\u2019s why we make sure your order is thoughtfully handled and cared for every step of the way \u2014 and that you feel informed and at ease, right up to the moment it reaches your feet \u2765<\/p>\n\n\n\n<p>(<em>If you didn't find any of these emails, be sure to check your spam or junk folder \u2014 just in case<\/em>).<\/p>\n\n\n\n<p class=\"has-small-font-size\">*With TIPSA and DHL EXPRESS.<\/p>\n<\/div><\/div>\n\n\n<style>.kadence-column1707_6a88c6-ba > .kt-inside-inner-col,.kadence-column1707_6a88c6-ba > .kt-inside-inner-col:before{border-top-left-radius:0px;border-top-right-radius:0px;border-bottom-right-radius:0px;border-bottom-left-radius:0px;}.kadence-column1707_6a88c6-ba > .kt-inside-inner-col{column-gap:var(--global-kb-gap-sm, 1rem);}.kadence-column1707_6a88c6-ba > .kt-inside-inner-col{flex-direction:column;}.kadence-column1707_6a88c6-ba > .kt-inside-inner-col > .aligncenter{width:100%;}.kadence-column1707_6a88c6-ba > .kt-inside-inner-col:before{opacity:0.3;}.kadence-column1707_6a88c6-ba{position:relative;}@media all and (max-width: 1024px){.kadence-column1707_6a88c6-ba > .kt-inside-inner-col{flex-direction:column;justify-content:center;}}@media all and (max-width: 767px){.kadence-column1707_6a88c6-ba > .kt-inside-inner-col{flex-direction:column;justify-content:center;}}<\/style>\n<div class=\"wp-block-kadence-column kadence-column1707_6a88c6-ba\"><div class=\"kt-inside-inner-col\">\n<figure class=\"wp-block-image size-full\"><img loading=\"lazy\" decoding=\"async\" width=\"852\" height=\"568\" src=\"https:\/\/eightandargot.com\/wp-content\/uploads\/2025\/05\/use-edited-2.png\" alt=\"\" class=\"wp-image-4710\" style=\"aspect-ratio:3\/2;object-fit:cover\" srcset=\"https:\/\/eightandargot.com\/wp-content\/uploads\/2025\/05\/use-edited-2.png 852w, https:\/\/eightandargot.com\/wp-content\/uploads\/2025\/05\/use-edited-2-300x200.png 300w, https:\/\/eightandargot.com\/wp-content\/uploads\/2025\/05\/use-edited-2-768x512.png 768w, https:\/\/eightandargot.com\/wp-content\/uploads\/2025\/05\/use-edited-2-18x12.png 18w\" sizes=\"auto, (max-width: 852px) 100vw, 852px\" \/><\/figure>\n\n\n\n<div class=\"wp-block-columns is-layout-flex wp-container-core-columns-is-layout-9d6595d7 wp-block-columns-is-layout-flex\">\n<div class=\"wp-block-column is-layout-flow wp-block-column-is-layout-flow\" style=\"flex-basis:100%\">\n<figure class=\"wp-block-image size-large\"><img loading=\"lazy\" decoding=\"async\" width=\"1080\" height=\"810\" src=\"https:\/\/eightandargot.com\/wp-content\/uploads\/2025\/05\/Diseno-sin-titulo_20250519_212620_0000-LAST-edited-1.jpg\" alt=\"\" class=\"wp-image-4697\" style=\"aspect-ratio:4\/3;object-fit:cover\" srcset=\"https:\/\/eightandargot.com\/wp-content\/uploads\/2025\/05\/Diseno-sin-titulo_20250519_212620_0000-LAST-edited-1.jpg 1080w, https:\/\/eightandargot.com\/wp-content\/uploads\/2025\/05\/Diseno-sin-titulo_20250519_212620_0000-LAST-edited-1-300x225.jpg 300w, https:\/\/eightandargot.com\/wp-content\/uploads\/2025\/05\/Diseno-sin-titulo_20250519_212620_0000-LAST-edited-1-1024x768.jpg 1024w, https:\/\/eightandargot.com\/wp-content\/uploads\/2025\/05\/Diseno-sin-titulo_20250519_212620_0000-LAST-edited-1-768x576.jpg 768w, https:\/\/eightandargot.com\/wp-content\/uploads\/2025\/05\/Diseno-sin-titulo_20250519_212620_0000-LAST-edited-1-16x12.jpg 16w\" sizes=\"auto, (max-width: 1080px) 100vw, 1080px\" \/><\/figure>\n<\/div>\n<\/div>\n<\/div><\/div>\n\n<\/div><\/div>\n\n\n<p><\/p>\n\n\n\n<p class=\"has-small-font-size\"><\/p>","protected":false},"excerpt":{"rendered":"<p>Shipment Tracking When your order has been shipped, you will receive an email with the tracking number and information to access your package&#039;s online tracking, so you can check its progress in real time. Please note that the information will be updated as the package progresses in transit. When\u2026<\/p>","protected":false},"author":1,"featured_media":0,"parent":0,"menu_order":13,"comment_status":"closed","ping_status":"closed","template":"","meta":{"_acf_changed":false,"_kad_blocks_custom_css":"","_kad_blocks_head_custom_js":"","_kad_blocks_body_custom_js":"","_kad_blocks_footer_custom_js":"","_kadence_starter_templates_imported_post":false,"_kad_post_transparent":"","_kad_post_title":"hide","_kad_post_layout":"normal","_kad_post_sidebar_id":"","_kad_post_content_style":"","_kad_post_vertical_padding":"","_kad_post_feature":"","_kad_post_feature_position":"","_kad_post_header":false,"_kad_post_footer":false,"footnotes":""},"class_list":["post-1707","page","type-page","status-publish","hentry"],"acf":[],"yoast_head":"<!-- This site is optimized with the Yoast SEO plugin v25.5 - https:\/\/yoast.com\/wordpress\/plugins\/seo\/ -->\n<title>Seguimiento de env\u00edos - EIGHT &amp; ARG\u00d4T<\/title>\n<meta name=\"robots\" content=\"index, follow, max-snippet:-1, max-image-preview:large, max-video-preview:-1\" \/>\n<link rel=\"canonical\" href=\"https:\/\/eightandargot.com\/en\/seguimiento-de-envios\/\" \/>\n<meta property=\"og:locale\" content=\"en_GB\" \/>\n<meta property=\"og:type\" content=\"article\" \/>\n<meta property=\"og:title\" content=\"Seguimiento de env\u00edos - EIGHT &amp; ARG\u00d4T\" \/>\n<meta property=\"og:description\" content=\"Seguimiento de env\u00edos Cuando tu pedido haya sido EXPEDIDO, recibir\u00e1s un correo electr\u00f3nico con el&nbsp;N\u00ba de SEGUIMIENTO y la informaci\u00f3n para acceder al rastreo online de tu paquete, y as\u00ed poder consultar su trayecto en tiempo real. Ten en cuenta que los datos se ir\u00e1n actualizando a medida que el paquete avance en tr\u00e1nsito. Cuando...\" \/>\n<meta property=\"og:url\" content=\"https:\/\/eightandargot.com\/en\/seguimiento-de-envios\/\" \/>\n<meta property=\"og:site_name\" content=\"EIGHT &amp; ARG\u00d4T\" \/>\n<meta property=\"article:modified_time\" content=\"2025-05-20T10:41:10+00:00\" \/>\n<meta property=\"og:image\" content=\"https:\/\/eightandargot.com\/wp-content\/uploads\/2025\/05\/use-edited-2.png\" \/>\n\t<meta property=\"og:image:width\" content=\"852\" \/>\n\t<meta property=\"og:image:height\" content=\"568\" \/>\n\t<meta property=\"og:image:type\" content=\"image\/png\" \/>\n<meta name=\"twitter:card\" content=\"summary_large_image\" \/>\n<meta name=\"twitter:label1\" content=\"Estimated reading time\" \/>\n\t<meta name=\"twitter:data1\" content=\"2 minutes\" \/>\n<script type=\"application\/ld+json\" class=\"yoast-schema-graph\">{\"@context\":\"https:\/\/schema.org\",\"@graph\":[{\"@type\":\"WebPage\",\"@id\":\"https:\/\/eightandargot.com\/seguimiento-de-envios\/\",\"url\":\"https:\/\/eightandargot.com\/seguimiento-de-envios\/\",\"name\":\"Seguimiento de env\u00edos - EIGHT & ARG\u00d4T\",\"isPartOf\":{\"@id\":\"https:\/\/eightandargot.com\/#website\"},\"primaryImageOfPage\":{\"@id\":\"https:\/\/eightandargot.com\/seguimiento-de-envios\/#primaryimage\"},\"image\":{\"@id\":\"https:\/\/eightandargot.com\/seguimiento-de-envios\/#primaryimage\"},\"thumbnailUrl\":\"https:\/\/eightandargot.com\/wp-content\/uploads\/2025\/05\/use-edited-2.png\",\"datePublished\":\"2023-12-14T09:39:26+00:00\",\"dateModified\":\"2025-05-20T10:41:10+00:00\",\"breadcrumb\":{\"@id\":\"https:\/\/eightandargot.com\/seguimiento-de-envios\/#breadcrumb\"},\"inLanguage\":\"en-GB\",\"potentialAction\":[{\"@type\":\"ReadAction\",\"target\":[\"https:\/\/eightandargot.com\/seguimiento-de-envios\/\"]}]},{\"@type\":\"ImageObject\",\"inLanguage\":\"en-GB\",\"@id\":\"https:\/\/eightandargot.com\/seguimiento-de-envios\/#primaryimage\",\"url\":\"https:\/\/eightandargot.com\/wp-content\/uploads\/2025\/05\/use-edited-2.png\",\"contentUrl\":\"https:\/\/eightandargot.com\/wp-content\/uploads\/2025\/05\/use-edited-2.png\"},{\"@type\":\"BreadcrumbList\",\"@id\":\"https:\/\/eightandargot.com\/seguimiento-de-envios\/#breadcrumb\",\"itemListElement\":[{\"@type\":\"ListItem\",\"position\":1,\"name\":\"Portada\",\"item\":\"https:\/\/eightandargot.com\/\"},{\"@type\":\"ListItem\",\"position\":2,\"name\":\"Seguimiento de env\u00edos\"}]},{\"@type\":\"WebSite\",\"@id\":\"https:\/\/eightandargot.com\/#website\",\"url\":\"https:\/\/eightandargot.com\/\",\"name\":\"EIGHT &amp; ARG\u00d4T\",\"description\":\"Boutique Online\",\"publisher\":{\"@id\":\"https:\/\/eightandargot.com\/#organization\"},\"potentialAction\":[{\"@type\":\"SearchAction\",\"target\":{\"@type\":\"EntryPoint\",\"urlTemplate\":\"https:\/\/eightandargot.com\/?s={search_term_string}\"},\"query-input\":{\"@type\":\"PropertyValueSpecification\",\"valueRequired\":true,\"valueName\":\"search_term_string\"}}],\"inLanguage\":\"en-GB\"},{\"@type\":\"Organization\",\"@id\":\"https:\/\/eightandargot.com\/#organization\",\"name\":\"EIGHT &amp; ARG\u00d4T\",\"url\":\"https:\/\/eightandargot.com\/\",\"logo\":{\"@type\":\"ImageObject\",\"inLanguage\":\"en-GB\",\"@id\":\"https:\/\/eightandargot.com\/#\/schema\/logo\/image\/\",\"url\":\"https:\/\/eightandargot.com\/wp-content\/uploads\/2023\/10\/logo-1.png\",\"contentUrl\":\"https:\/\/eightandargot.com\/wp-content\/uploads\/2023\/10\/logo-1.png\",\"width\":1068,\"height\":128,\"caption\":\"EIGHT &amp; ARG\u00d4T\"},\"image\":{\"@id\":\"https:\/\/eightandargot.com\/#\/schema\/logo\/image\/\"}}]}<\/script>\n<!-- \/ Yoast SEO plugin. -->","yoast_head_json":{"title":"Seguimiento de env\u00edos - EIGHT & ARG\u00d4T","robots":{"index":"index","follow":"follow","max-snippet":"max-snippet:-1","max-image-preview":"max-image-preview:large","max-video-preview":"max-video-preview:-1"},"canonical":"https:\/\/eightandargot.com\/en\/seguimiento-de-envios\/","og_locale":"en_GB","og_type":"article","og_title":"Seguimiento de env\u00edos - EIGHT & ARG\u00d4T","og_description":"Seguimiento de env\u00edos Cuando tu pedido haya sido EXPEDIDO, recibir\u00e1s un correo electr\u00f3nico con el&nbsp;N\u00ba de SEGUIMIENTO y la informaci\u00f3n para acceder al rastreo online de tu paquete, y as\u00ed poder consultar su trayecto en tiempo real. Ten en cuenta que los datos se ir\u00e1n actualizando a medida que el paquete avance en tr\u00e1nsito. Cuando...","og_url":"https:\/\/eightandargot.com\/en\/seguimiento-de-envios\/","og_site_name":"EIGHT &amp; ARG\u00d4T","article_modified_time":"2025-05-20T10:41:10+00:00","og_image":[{"width":852,"height":568,"url":"https:\/\/eightandargot.com\/wp-content\/uploads\/2025\/05\/use-edited-2.png","type":"image\/png"}],"twitter_card":"summary_large_image","twitter_misc":{"Estimated reading time":"2 minutes"},"schema":{"@context":"https:\/\/schema.org","@graph":[{"@type":"WebPage","@id":"https:\/\/eightandargot.com\/seguimiento-de-envios\/","url":"https:\/\/eightandargot.com\/seguimiento-de-envios\/","name":"Seguimiento de env\u00edos - EIGHT & ARG\u00d4T","isPartOf":{"@id":"https:\/\/eightandargot.com\/#website"},"primaryImageOfPage":{"@id":"https:\/\/eightandargot.com\/seguimiento-de-envios\/#primaryimage"},"image":{"@id":"https:\/\/eightandargot.com\/seguimiento-de-envios\/#primaryimage"},"thumbnailUrl":"https:\/\/eightandargot.com\/wp-content\/uploads\/2025\/05\/use-edited-2.png","datePublished":"2023-12-14T09:39:26+00:00","dateModified":"2025-05-20T10:41:10+00:00","breadcrumb":{"@id":"https:\/\/eightandargot.com\/seguimiento-de-envios\/#breadcrumb"},"inLanguage":"en-GB","potentialAction":[{"@type":"ReadAction","target":["https:\/\/eightandargot.com\/seguimiento-de-envios\/"]}]},{"@type":"ImageObject","inLanguage":"en-GB","@id":"https:\/\/eightandargot.com\/seguimiento-de-envios\/#primaryimage","url":"https:\/\/eightandargot.com\/wp-content\/uploads\/2025\/05\/use-edited-2.png","contentUrl":"https:\/\/eightandargot.com\/wp-content\/uploads\/2025\/05\/use-edited-2.png"},{"@type":"BreadcrumbList","@id":"https:\/\/eightandargot.com\/seguimiento-de-envios\/#breadcrumb","itemListElement":[{"@type":"ListItem","position":1,"name":"Portada","item":"https:\/\/eightandargot.com\/"},{"@type":"ListItem","position":2,"name":"Seguimiento de env\u00edos"}]},{"@type":"WebSite","@id":"https:\/\/eightandargot.com\/#website","url":"https:\/\/eightandargot.com\/","name":"EIGHT &amp; ARG\u00d4T","description":"Boutique Online","publisher":{"@id":"https:\/\/eightandargot.com\/#organization"},"potentialAction":[{"@type":"SearchAction","target":{"@type":"EntryPoint","urlTemplate":"https:\/\/eightandargot.com\/?s={search_term_string}"},"query-input":{"@type":"PropertyValueSpecification","valueRequired":true,"valueName":"search_term_string"}}],"inLanguage":"en-GB"},{"@type":"Organization","@id":"https:\/\/eightandargot.com\/#organization","name":"EIGHT &amp; ARG\u00d4T","url":"https:\/\/eightandargot.com\/","logo":{"@type":"ImageObject","inLanguage":"en-GB","@id":"https:\/\/eightandargot.com\/#\/schema\/logo\/image\/","url":"https:\/\/eightandargot.com\/wp-content\/uploads\/2023\/10\/logo-1.png","contentUrl":"https:\/\/eightandargot.com\/wp-content\/uploads\/2023\/10\/logo-1.png","width":1068,"height":128,"caption":"EIGHT &amp; ARG\u00d4T"},"image":{"@id":"https:\/\/eightandargot.com\/#\/schema\/logo\/image\/"}}]}},"taxonomy_info":[],"featured_image_src_large":false,"author_info":{"display_name":"eloi","author_link":"https:\/\/eightandargot.com\/en\/author\/eloi\/"},"comment_info":0,"_links":{"self":[{"href":"https:\/\/eightandargot.com\/en\/wp-json\/wp\/v2\/pages\/1707","targetHints":{"allow":["GET"]}}],"collection":[{"href":"https:\/\/eightandargot.com\/en\/wp-json\/wp\/v2\/pages"}],"about":[{"href":"https:\/\/eightandargot.com\/en\/wp-json\/wp\/v2\/types\/page"}],"author":[{"embeddable":true,"href":"https:\/\/eightandargot.com\/en\/wp-json\/wp\/v2\/users\/1"}],"replies":[{"embeddable":true,"href":"https:\/\/eightandargot.com\/en\/wp-json\/wp\/v2\/comments?post=1707"}],"version-history":[{"count":0,"href":"https:\/\/eightandargot.com\/en\/wp-json\/wp\/v2\/pages\/1707\/revisions"}],"wp:attachment":[{"href":"https:\/\/eightandargot.com\/en\/wp-json\/wp\/v2\/media?parent=1707"}],"curies":[{"name":"wp","href":"https:\/\/api.w.org\/{rel}","templated":true}]}}