{"id":2143,"date":"2024-01-03T08:02:33","date_gmt":"2024-01-03T08:02:33","guid":{"rendered":"http:\/\/eightandargot.com\/?page_id=2143"},"modified":"2024-12-02T11:47:04","modified_gmt":"2024-12-02T10:47:04","slug":"tarjetas-regalo","status":"publish","type":"page","link":"https:\/\/eightandargot.com\/en\/tarjetas-regalo\/","title":{"rendered":"Gift cards"},"content":{"rendered":"<style>.kb-row-layout-id2143_36e80e-09 > .kt-row-column-wrap{align-content:start;}:where(.kb-row-layout-id2143_36e80e-09 > .kt-row-column-wrap) > .wp-block-kadence-column{justify-content:start;}.kb-row-layout-id2143_36e80e-09 > .kt-row-column-wrap{column-gap:var(--global-kb-gap-md, 2rem);row-gap:var(--global-kb-gap-md, 2rem);max-width:1000px;margin-left:auto;margin-right:auto;padding-top:50px;padding-right:24px;padding-bottom:24px;padding-left:24px;grid-template-columns:minmax(0, 1fr);}.kb-row-layout-id2143_36e80e-09 > .kt-row-layout-overlay{opacity:0.30;}@media all and (max-width: 1024px){.kb-row-layout-id2143_36e80e-09 > .kt-row-column-wrap{grid-template-columns:minmax(0, 1fr);}}@media all and (max-width: 767px){.kb-row-layout-id2143_36e80e-09 > .kt-row-column-wrap{grid-template-columns:minmax(0, 1fr);}}<\/style><div class=\"kb-row-layout-wrap kb-row-layout-id2143_36e80e-09 alignnone wp-block-kadence-rowlayout\"><div class=\"kt-row-column-wrap kt-has-1-columns kt-row-layout-equal kt-tab-layout-inherit kt-mobile-layout-row kt-row-valign-top\">\n<style>.kadence-column2143_148367-04 > .kt-inside-inner-col,.kadence-column2143_148367-04 > .kt-inside-inner-col:before{border-top-left-radius:0px;border-top-right-radius:0px;border-bottom-right-radius:0px;border-bottom-left-radius:0px;}.kadence-column2143_148367-04 > .kt-inside-inner-col{column-gap:var(--global-kb-gap-sm, 1rem);}.kadence-column2143_148367-04 > .kt-inside-inner-col{flex-direction:column;}.kadence-column2143_148367-04 > .kt-inside-inner-col > .aligncenter{width:100%;}.kadence-column2143_148367-04 > .kt-inside-inner-col:before{opacity:0.3;}.kadence-column2143_148367-04{position:relative;}@media all and (max-width: 1024px){.kadence-column2143_148367-04 > .kt-inside-inner-col{flex-direction:column;justify-content:center;}}@media all and (max-width: 767px){.kadence-column2143_148367-04 > .kt-inside-inner-col{flex-direction:column;justify-content:center;}}<\/style>\n<div class=\"wp-block-kadence-column kadence-column2143_148367-04\"><div class=\"kt-inside-inner-col\"><style>.wp-block-kadence-advancedheading.kt-adv-heading2143_0e219f-52, .wp-block-kadence-advancedheading.kt-adv-heading2143_0e219f-52[data-kb-block=\"kb-adv-heading2143_0e219f-52\"]{text-align:center;font-size:28px;font-style:normal;}.wp-block-kadence-advancedheading.kt-adv-heading2143_0e219f-52 mark.kt-highlight, .wp-block-kadence-advancedheading.kt-adv-heading2143_0e219f-52[data-kb-block=\"kb-adv-heading2143_0e219f-52\"] mark.kt-highlight{font-style:normal;color:#f76a0c;-webkit-box-decoration-break:clone;box-decoration-break:clone;padding-top:0px;padding-right:0px;padding-bottom:0px;padding-left:0px;}<\/style>\n<h2 class=\"kt-adv-heading2143_0e219f-52 wp-block-kadence-advancedheading\" data-kb-block=\"kb-adv-heading2143_0e219f-52\">Gift Cards<\/h2>\n<\/div><\/div>\n\n<\/div><\/div>\n\n<style>.kb-row-layout-id2143_758fec-80 > .kt-row-column-wrap{align-content:start;}:where(.kb-row-layout-id2143_758fec-80 > .kt-row-column-wrap) > .wp-block-kadence-column{justify-content:start;}.kb-row-layout-id2143_758fec-80 > .kt-row-column-wrap{column-gap:var(--global-kb-gap-md, 2rem);row-gap:var(--global-kb-gap-md, 2rem);max-width:1000px;margin-left:auto;margin-right:auto;padding-top:40px;padding-right:24px;padding-bottom:85px;padding-left:24px;grid-template-columns:minmax(0, 1fr);}.kb-row-layout-id2143_758fec-80 > .kt-row-layout-overlay{opacity:0.30;}@media all and (max-width: 1024px){.kb-row-layout-id2143_758fec-80 > .kt-row-column-wrap{grid-template-columns:minmax(0, 1fr);}}@media all and (max-width: 767px){.kb-row-layout-id2143_758fec-80 > .kt-row-column-wrap{grid-template-columns:minmax(0, 1fr);}}<\/style><div class=\"kb-row-layout-wrap kb-row-layout-id2143_758fec-80 alignnone wp-block-kadence-rowlayout\"><div class=\"kt-row-column-wrap kt-has-1-columns kt-row-layout-equal kt-tab-layout-inherit kt-mobile-layout-row kt-row-valign-top\">\n<style>.kadence-column2143_b73847-26 > .kt-inside-inner-col,.kadence-column2143_b73847-26 > .kt-inside-inner-col:before{border-top-left-radius:0px;border-top-right-radius:0px;border-bottom-right-radius:0px;border-bottom-left-radius:0px;}.kadence-column2143_b73847-26 > .kt-inside-inner-col{column-gap:var(--global-kb-gap-sm, 1rem);}.kadence-column2143_b73847-26 > .kt-inside-inner-col{flex-direction:column;}.kadence-column2143_b73847-26 > .kt-inside-inner-col > .aligncenter{width:100%;}.kadence-column2143_b73847-26 > .kt-inside-inner-col:before{opacity:0.3;}.kadence-column2143_b73847-26{position:relative;}@media all and (max-width: 1024px){.kadence-column2143_b73847-26 > .kt-inside-inner-col{flex-direction:column;justify-content:center;}}@media all and (max-width: 767px){.kadence-column2143_b73847-26 > .kt-inside-inner-col{flex-direction:column;justify-content:center;}}<\/style>\n<div class=\"wp-block-kadence-column kadence-column2143_b73847-26\"><div class=\"kt-inside-inner-col\">\n<p class=\"has-text-align-center\">Looking to gift EIGHT &amp; ARG\u00d4T but unsure about the style or size?<br>We make it easier than ever with our <strong>GIFT VOUCHERS<\/strong> for any amount you wish.<\/p>\n\n\n\n<p>This option is currently not available via website, and <strong>its purchase is processed through personalized email assistance<\/strong>. Get in touch, and we'll be happy to provide more details!<br><br>Customer Service: Email&nbsp;<a href=\"mailto:shop@eightandargot.com\">shop@eightandargot.com<\/a> Telephone (+34) 93 781 12 51<\/p>\n<\/div><\/div>\n\n<\/div><\/div>\n\n\n<p><\/p>","protected":false},"excerpt":{"rendered":"<p>Gift Cards Want to give EIGHT &amp; ARG\u00d4T as a gift but aren&#039;t sure about the model or size? We&#039;ve made it easier than ever with our gift vouchers for the amount of your choice. This option is currently not available online, and your purchase is processed individually by email. Contact us and we&#039;ll let you know! Attention\u2026<\/p>","protected":false},"author":1,"featured_media":0,"parent":0,"menu_order":12,"comment_status":"closed","ping_status":"closed","template":"","meta":{"_acf_changed":false,"_kad_blocks_custom_css":"","_kad_blocks_head_custom_js":"","_kad_blocks_body_custom_js":"","_kad_blocks_footer_custom_js":"","_kadence_starter_templates_imported_post":false,"_kad_post_transparent":"","_kad_post_title":"","_kad_post_layout":"","_kad_post_sidebar_id":"","_kad_post_content_style":"","_kad_post_vertical_padding":"","_kad_post_feature":"","_kad_post_feature_position":"","_kad_post_header":false,"_kad_post_footer":false,"footnotes":""},"class_list":["post-2143","page","type-page","status-publish","hentry"],"acf":[],"yoast_head":"<!-- This site is optimized with the Yoast SEO plugin v25.5 - https:\/\/yoast.com\/wordpress\/plugins\/seo\/ -->\n<title>Tarjetas regalo - EIGHT &amp; ARG\u00d4T<\/title>\n<meta name=\"robots\" content=\"index, follow, max-snippet:-1, max-image-preview:large, max-video-preview:-1\" \/>\n<link rel=\"canonical\" href=\"https:\/\/eightandargot.com\/en\/tarjetas-regalo\/\" \/>\n<meta property=\"og:locale\" content=\"en_GB\" \/>\n<meta property=\"og:type\" content=\"article\" \/>\n<meta property=\"og:title\" content=\"Tarjetas regalo - EIGHT &amp; ARG\u00d4T\" \/>\n<meta property=\"og:description\" content=\"Tarjetas Regalo \u00bfQuieres regalar EIGHT &amp; ARG\u00d4T pero no est\u00e1s seguro\/a del modelo o talla?Te lo ponemos m\u00e1s f\u00e1cil que nunca con nuestros VALE REGALO por el importe que t\u00fa elijas. Esta opci\u00f3n de momento no est\u00e1 disponible via web, y su compra se gestiona de forma personalizada por email. Cont\u00e1ctanos y te informamos! Atenci\u00f3n...\" \/>\n<meta property=\"og:url\" content=\"https:\/\/eightandargot.com\/en\/tarjetas-regalo\/\" \/>\n<meta property=\"og:site_name\" content=\"EIGHT &amp; ARG\u00d4T\" \/>\n<meta property=\"article:modified_time\" content=\"2024-12-02T10:47:04+00:00\" \/>\n<meta name=\"twitter:card\" content=\"summary_large_image\" \/>\n<meta name=\"twitter:label1\" content=\"Estimated reading time\" \/>\n\t<meta name=\"twitter:data1\" content=\"1 minute\" \/>\n<script type=\"application\/ld+json\" class=\"yoast-schema-graph\">{\"@context\":\"https:\/\/schema.org\",\"@graph\":[{\"@type\":\"WebPage\",\"@id\":\"https:\/\/eightandargot.com\/tarjetas-regalo\/\",\"url\":\"https:\/\/eightandargot.com\/tarjetas-regalo\/\",\"name\":\"Tarjetas regalo - EIGHT & ARG\u00d4T\",\"isPartOf\":{\"@id\":\"https:\/\/eightandargot.com\/#website\"},\"datePublished\":\"2024-01-03T08:02:33+00:00\",\"dateModified\":\"2024-12-02T10:47:04+00:00\",\"breadcrumb\":{\"@id\":\"https:\/\/eightandargot.com\/tarjetas-regalo\/#breadcrumb\"},\"inLanguage\":\"en-GB\",\"potentialAction\":[{\"@type\":\"ReadAction\",\"target\":[\"https:\/\/eightandargot.com\/tarjetas-regalo\/\"]}]},{\"@type\":\"BreadcrumbList\",\"@id\":\"https:\/\/eightandargot.com\/tarjetas-regalo\/#breadcrumb\",\"itemListElement\":[{\"@type\":\"ListItem\",\"position\":1,\"name\":\"Portada\",\"item\":\"https:\/\/eightandargot.com\/\"},{\"@type\":\"ListItem\",\"position\":2,\"name\":\"Tarjetas regalo\"}]},{\"@type\":\"WebSite\",\"@id\":\"https:\/\/eightandargot.com\/#website\",\"url\":\"https:\/\/eightandargot.com\/\",\"name\":\"EIGHT &amp; ARG\u00d4T\",\"description\":\"Boutique Online\",\"publisher\":{\"@id\":\"https:\/\/eightandargot.com\/#organization\"},\"potentialAction\":[{\"@type\":\"SearchAction\",\"target\":{\"@type\":\"EntryPoint\",\"urlTemplate\":\"https:\/\/eightandargot.com\/?s={search_term_string}\"},\"query-input\":{\"@type\":\"PropertyValueSpecification\",\"valueRequired\":true,\"valueName\":\"search_term_string\"}}],\"inLanguage\":\"en-GB\"},{\"@type\":\"Organization\",\"@id\":\"https:\/\/eightandargot.com\/#organization\",\"name\":\"EIGHT &amp; ARG\u00d4T\",\"url\":\"https:\/\/eightandargot.com\/\",\"logo\":{\"@type\":\"ImageObject\",\"inLanguage\":\"en-GB\",\"@id\":\"https:\/\/eightandargot.com\/#\/schema\/logo\/image\/\",\"url\":\"https:\/\/eightandargot.com\/wp-content\/uploads\/2023\/10\/logo-1.png\",\"contentUrl\":\"https:\/\/eightandargot.com\/wp-content\/uploads\/2023\/10\/logo-1.png\",\"width\":1068,\"height\":128,\"caption\":\"EIGHT &amp; ARG\u00d4T\"},\"image\":{\"@id\":\"https:\/\/eightandargot.com\/#\/schema\/logo\/image\/\"}}]}<\/script>\n<!-- \/ Yoast SEO plugin. -->","yoast_head_json":{"title":"Tarjetas regalo - EIGHT & ARG\u00d4T","robots":{"index":"index","follow":"follow","max-snippet":"max-snippet:-1","max-image-preview":"max-image-preview:large","max-video-preview":"max-video-preview:-1"},"canonical":"https:\/\/eightandargot.com\/en\/tarjetas-regalo\/","og_locale":"en_GB","og_type":"article","og_title":"Tarjetas regalo - EIGHT & ARG\u00d4T","og_description":"Tarjetas Regalo \u00bfQuieres regalar EIGHT &amp; ARG\u00d4T pero no est\u00e1s seguro\/a del modelo o talla?Te lo ponemos m\u00e1s f\u00e1cil que nunca con nuestros VALE REGALO por el importe que t\u00fa elijas. Esta opci\u00f3n de momento no est\u00e1 disponible via web, y su compra se gestiona de forma personalizada por email. Cont\u00e1ctanos y te informamos! Atenci\u00f3n...","og_url":"https:\/\/eightandargot.com\/en\/tarjetas-regalo\/","og_site_name":"EIGHT &amp; ARG\u00d4T","article_modified_time":"2024-12-02T10:47:04+00:00","twitter_card":"summary_large_image","twitter_misc":{"Estimated reading time":"1 minute"},"schema":{"@context":"https:\/\/schema.org","@graph":[{"@type":"WebPage","@id":"https:\/\/eightandargot.com\/tarjetas-regalo\/","url":"https:\/\/eightandargot.com\/tarjetas-regalo\/","name":"Tarjetas regalo - EIGHT & ARG\u00d4T","isPartOf":{"@id":"https:\/\/eightandargot.com\/#website"},"datePublished":"2024-01-03T08:02:33+00:00","dateModified":"2024-12-02T10:47:04+00:00","breadcrumb":{"@id":"https:\/\/eightandargot.com\/tarjetas-regalo\/#breadcrumb"},"inLanguage":"en-GB","potentialAction":[{"@type":"ReadAction","target":["https:\/\/eightandargot.com\/tarjetas-regalo\/"]}]},{"@type":"BreadcrumbList","@id":"https:\/\/eightandargot.com\/tarjetas-regalo\/#breadcrumb","itemListElement":[{"@type":"ListItem","position":1,"name":"Portada","item":"https:\/\/eightandargot.com\/"},{"@type":"ListItem","position":2,"name":"Tarjetas regalo"}]},{"@type":"WebSite","@id":"https:\/\/eightandargot.com\/#website","url":"https:\/\/eightandargot.com\/","name":"EIGHT &amp; ARG\u00d4T","description":"Boutique Online","publisher":{"@id":"https:\/\/eightandargot.com\/#organization"},"potentialAction":[{"@type":"SearchAction","target":{"@type":"EntryPoint","urlTemplate":"https:\/\/eightandargot.com\/?s={search_term_string}"},"query-input":{"@type":"PropertyValueSpecification","valueRequired":true,"valueName":"search_term_string"}}],"inLanguage":"en-GB"},{"@type":"Organization","@id":"https:\/\/eightandargot.com\/#organization","name":"EIGHT &amp; ARG\u00d4T","url":"https:\/\/eightandargot.com\/","logo":{"@type":"ImageObject","inLanguage":"en-GB","@id":"https:\/\/eightandargot.com\/#\/schema\/logo\/image\/","url":"https:\/\/eightandargot.com\/wp-content\/uploads\/2023\/10\/logo-1.png","contentUrl":"https:\/\/eightandargot.com\/wp-content\/uploads\/2023\/10\/logo-1.png","width":1068,"height":128,"caption":"EIGHT &amp; ARG\u00d4T"},"image":{"@id":"https:\/\/eightandargot.com\/#\/schema\/logo\/image\/"}}]}},"taxonomy_info":[],"featured_image_src_large":false,"author_info":{"display_name":"eloi","author_link":"https:\/\/eightandargot.com\/en\/author\/eloi\/"},"comment_info":0,"_links":{"self":[{"href":"https:\/\/eightandargot.com\/en\/wp-json\/wp\/v2\/pages\/2143","targetHints":{"allow":["GET"]}}],"collection":[{"href":"https:\/\/eightandargot.com\/en\/wp-json\/wp\/v2\/pages"}],"about":[{"href":"https:\/\/eightandargot.com\/en\/wp-json\/wp\/v2\/types\/page"}],"author":[{"embeddable":true,"href":"https:\/\/eightandargot.com\/en\/wp-json\/wp\/v2\/users\/1"}],"replies":[{"embeddable":true,"href":"https:\/\/eightandargot.com\/en\/wp-json\/wp\/v2\/comments?post=2143"}],"version-history":[{"count":0,"href":"https:\/\/eightandargot.com\/en\/wp-json\/wp\/v2\/pages\/2143\/revisions"}],"wp:attachment":[{"href":"https:\/\/eightandargot.com\/en\/wp-json\/wp\/v2\/media?parent=2143"}],"curies":[{"name":"wp","href":"https:\/\/api.w.org\/{rel}","templated":true}]}}