{"id":674,"date":"2023-10-18T07:37:21","date_gmt":"2023-10-18T07:37:21","guid":{"rendered":"http:\/\/eightandargot.com\/?page_id=674"},"modified":"2024-12-02T10:49:41","modified_gmt":"2024-12-02T09:49:41","slug":"politica-de-privacidad","status":"publish","type":"page","link":"https:\/\/eightandargot.com\/en\/politica-de-privacidad\/","title":{"rendered":"Privacy"},"content":{"rendered":"<style>.kb-row-layout-id674_e4f491-a4 > .kt-row-column-wrap{align-content:start;}:where(.kb-row-layout-id674_e4f491-a4 > .kt-row-column-wrap) > .wp-block-kadence-column{justify-content:start;}.kb-row-layout-id674_e4f491-a4 > .kt-row-column-wrap{column-gap:var(--global-kb-gap-md, 2rem);row-gap:var(--global-kb-gap-md, 2rem);max-width:1000px;margin-left:auto;margin-right:auto;padding-bottom:var(--global-kb-spacing-sm, 1.5rem);grid-template-columns:minmax(0, 1fr);}.kb-row-layout-id674_e4f491-a4 > .kt-row-layout-overlay{opacity:0.30;}@media all and (max-width: 1024px){.kb-row-layout-id674_e4f491-a4 > .kt-row-column-wrap{grid-template-columns:minmax(0, 1fr);}}@media all and (max-width: 767px){.kb-row-layout-id674_e4f491-a4 > .kt-row-column-wrap{grid-template-columns:minmax(0, 1fr);}}<\/style><div class=\"kb-row-layout-wrap kb-row-layout-id674_e4f491-a4 alignnone wp-block-kadence-rowlayout\"><div class=\"kt-row-column-wrap kt-has-1-columns kt-row-layout-equal kt-tab-layout-inherit kt-mobile-layout-row kt-row-valign-top\">\n<style>.kadence-column674_4daab0-ee > .kt-inside-inner-col,.kadence-column674_4daab0-ee > .kt-inside-inner-col:before{border-top-left-radius:0px;border-top-right-radius:0px;border-bottom-right-radius:0px;border-bottom-left-radius:0px;}.kadence-column674_4daab0-ee > .kt-inside-inner-col{column-gap:var(--global-kb-gap-sm, 1rem);}.kadence-column674_4daab0-ee > .kt-inside-inner-col{flex-direction:column;}.kadence-column674_4daab0-ee > .kt-inside-inner-col > .aligncenter{width:100%;}.kadence-column674_4daab0-ee > .kt-inside-inner-col:before{opacity:0.3;}.kadence-column674_4daab0-ee{position:relative;}@media all and (max-width: 1024px){.kadence-column674_4daab0-ee > .kt-inside-inner-col{flex-direction:column;justify-content:center;}}@media all and (max-width: 767px){.kadence-column674_4daab0-ee > .kt-inside-inner-col{flex-direction:column;justify-content:center;}}<\/style>\n<div class=\"wp-block-kadence-column kadence-column674_4daab0-ee\"><div class=\"kt-inside-inner-col\"><style>.wp-block-kadence-advancedheading.kt-adv-heading674_4ce797-20, .wp-block-kadence-advancedheading.kt-adv-heading674_4ce797-20[data-kb-block=\"kb-adv-heading674_4ce797-20\"]{text-align:center;font-size:26px;font-style:normal;}.wp-block-kadence-advancedheading.kt-adv-heading674_4ce797-20 mark.kt-highlight, .wp-block-kadence-advancedheading.kt-adv-heading674_4ce797-20[data-kb-block=\"kb-adv-heading674_4ce797-20\"] mark.kt-highlight{font-style:normal;color:#f76a0c;-webkit-box-decoration-break:clone;box-decoration-break:clone;padding-top:0px;padding-right:0px;padding-bottom:0px;padding-left:0px;}@media all and (max-width: 767px){.wp-block-kadence-advancedheading.kt-adv-heading674_4ce797-20, .wp-block-kadence-advancedheading.kt-adv-heading674_4ce797-20[data-kb-block=\"kb-adv-heading674_4ce797-20\"]{font-size:20px;}}<\/style>\n<h6 class=\"kt-adv-heading674_4ce797-20 wp-block-kadence-advancedheading\" data-kb-block=\"kb-adv-heading674_4ce797-20\">PRIVACY POLICY<\/h6>\n<\/div><\/div>\n\n<\/div><\/div>\n\n<style>.kb-row-layout-id674_245e87-c5 > .kt-row-column-wrap{align-content:start;}:where(.kb-row-layout-id674_245e87-c5 > .kt-row-column-wrap) > .wp-block-kadence-column{justify-content:start;}.kb-row-layout-id674_245e87-c5 > .kt-row-column-wrap{column-gap:var(--global-kb-gap-md, 2rem);row-gap:var(--global-kb-gap-md, 2rem);max-width:1000px;margin-left:auto;margin-right:auto;padding-top:var(--global-kb-spacing-sm, 1.5rem);padding-bottom:var(--global-kb-spacing-sm, 1.5rem);grid-template-columns:minmax(0, 1fr);}.kb-row-layout-id674_245e87-c5 > .kt-row-layout-overlay{opacity:0.30;}@media all and (max-width: 1024px){.kb-row-layout-id674_245e87-c5 > .kt-row-column-wrap{grid-template-columns:minmax(0, 1fr);}}@media all and (max-width: 767px){.kb-row-layout-id674_245e87-c5 > .kt-row-column-wrap{grid-template-columns:minmax(0, 1fr);}}<\/style><div class=\"kb-row-layout-wrap kb-row-layout-id674_245e87-c5 alignnone wp-block-kadence-rowlayout\"><div class=\"kt-row-column-wrap kt-has-1-columns kt-row-layout-equal kt-tab-layout-inherit kt-mobile-layout-row kt-row-valign-top\">\n<style>.kadence-column674_efad13-d9 > .kt-inside-inner-col,.kadence-column674_efad13-d9 > .kt-inside-inner-col:before{border-top-left-radius:0px;border-top-right-radius:0px;border-bottom-right-radius:0px;border-bottom-left-radius:0px;}.kadence-column674_efad13-d9 > .kt-inside-inner-col{column-gap:var(--global-kb-gap-sm, 1rem);}.kadence-column674_efad13-d9 > .kt-inside-inner-col{flex-direction:column;}.kadence-column674_efad13-d9 > .kt-inside-inner-col > .aligncenter{width:100%;}.kadence-column674_efad13-d9 > .kt-inside-inner-col:before{opacity:0.3;}.kadence-column674_efad13-d9{position:relative;}@media all and (max-width: 1024px){.kadence-column674_efad13-d9 > .kt-inside-inner-col{flex-direction:column;justify-content:center;}}@media all and (max-width: 767px){.kadence-column674_efad13-d9 > .kt-inside-inner-col{flex-direction:column;justify-content:center;}}<\/style>\n<div class=\"wp-block-kadence-column kadence-column674_efad13-d9\"><div class=\"kt-inside-inner-col\"><style>.wp-block-kadence-advancedheading.kt-adv-heading674_f982cb-d8, .wp-block-kadence-advancedheading.kt-adv-heading674_f982cb-d8[data-kb-block=\"kb-adv-heading674_f982cb-d8\"]{font-size:21px;font-style:normal;}.wp-block-kadence-advancedheading.kt-adv-heading674_f982cb-d8 mark.kt-highlight, .wp-block-kadence-advancedheading.kt-adv-heading674_f982cb-d8[data-kb-block=\"kb-adv-heading674_f982cb-d8\"] mark.kt-highlight{font-style:normal;color:#f76a0c;-webkit-box-decoration-break:clone;box-decoration-break:clone;padding-top:0px;padding-right:0px;padding-bottom:0px;padding-left:0px;}@media all and (max-width: 767px){.wp-block-kadence-advancedheading.kt-adv-heading674_f982cb-d8, .wp-block-kadence-advancedheading.kt-adv-heading674_f982cb-d8[data-kb-block=\"kb-adv-heading674_f982cb-d8\"]{font-size:var(--global-kb-font-size-md, 1.25rem);}}<\/style>\n<h3 class=\"kt-adv-heading674_f982cb-d8 wp-block-kadence-advancedheading\" data-kb-block=\"kb-adv-heading674_f982cb-d8\"><strong>INFORMATION TO THE USER<\/strong><\/h3>\n\n\n\n<p>The website <a href=\"https:\/\/eightandargot.com\/en\/\">www.eightandargot.com <\/a>(hereinafter, EIGHT &amp; ARG\u00d4T) informs users about its policy regarding the processing and protection of personal data of users and customers that may be collected when browsing its website.<\/p>\n\n\n\n<p>The owner of the website is responsible for the processing of the user&#039;s personal data, and therefore provides the following information regarding the processing of your data:<\/p>\n\n\n<style>.wp-block-kadence-advancedheading.kt-adv-heading674_36b129-d1, .wp-block-kadence-advancedheading.kt-adv-heading674_36b129-d1[data-kb-block=\"kb-adv-heading674_36b129-d1\"]{font-size:21px;font-style:normal;}.wp-block-kadence-advancedheading.kt-adv-heading674_36b129-d1 mark.kt-highlight, .wp-block-kadence-advancedheading.kt-adv-heading674_36b129-d1[data-kb-block=\"kb-adv-heading674_36b129-d1\"] mark.kt-highlight{font-style:normal;color:#f76a0c;-webkit-box-decoration-break:clone;box-decoration-break:clone;padding-top:0px;padding-right:0px;padding-bottom:0px;padding-left:0px;}@media all and (max-width: 767px){.wp-block-kadence-advancedheading.kt-adv-heading674_36b129-d1, .wp-block-kadence-advancedheading.kt-adv-heading674_36b129-d1[data-kb-block=\"kb-adv-heading674_36b129-d1\"]{font-size:var(--global-kb-font-size-md, 1.25rem);}}<\/style>\n<h3 class=\"kt-adv-heading674_36b129-d1 wp-block-kadence-advancedheading\" data-kb-block=\"kb-adv-heading674_36b129-d1\"><strong>PURPOSES AND LEGITIMATION of the processing of data sent through:<\/strong><\/h3>\n\n\n\n<ul class=\"wp-block-list\">\n<li><strong>Contact Form<br>Purpose<\/strong>: Respond to your requests for information or suggestions and resolve your doubts, queries or requests.<br><strong>Legitimation<\/strong>: The user&#039;s consent when requesting information from us through our contact form.<\/li>\n\n\n\n<li><strong>Sending emails<br>Purpose<\/strong>: Respond to your requests for information or suggestions and address your questions or queries about our services or products.<br><strong>Legitimation<\/strong>: User consent when requesting information from us through our email addresses.<\/li>\n\n\n\n<li><strong>User Registration<br>Purposes<\/strong>: Process and manage your registration as a registered user. The purpose of registration is to facilitate your future purchases by saving your data.<br><strong>Legitimation<\/strong>: User consent when registering as a user of EIGHT &amp; ARG\u00d4T.<\/li>\n\n\n\n<li><strong>Purchase process with or without registration<br>Purposes<\/strong>: Process and manage the delivery of your order, payment and any resulting administrative tasks.<br><strong>Legitimation<\/strong>: Execution of contract for the sale of products.<\/li>\n\n\n\n<li><strong>Subscription to our Newsletter<br>Purpose<\/strong>: Sending our commercial newsletter and informative and advertising communications about our products and services, promotions or brand events, including by electronic means (email, SMS, WhatsApp).<br><strong>Legitimation<\/strong>: User consent when subscribing to our newsletter.<\/li>\n\n\n\n<li><strong>Sending your CV by email or through the contact form.<br>Purpose<\/strong>: Have your CV available to participate in our personnel selection processes.<br><strong>Legitimation<\/strong>: The user&#039;s consent when sending us their personal information and CV for our personnel selection processes.<\/li>\n<\/ul>\n\n\n\n<p>The personal data requested is necessary to process your requests, so if you do not provide it to us, we may not be able to serve you properly or fulfill the purposes indicated above.<\/p>\n\n\n\n<p><strong>Data retention criteria<\/strong>: The personal data provided will be kept until consent is revoked or suspension is requested by the interested party, exercising their rights over the data, and in any case in compliance with the legal limitation periods that apply to them.<\/p>\n\n\n\n<p><strong>Recipients of your data: <\/strong>Your data is confidential and will not be transferred to third parties, unless legally required. No international data transfers are made.<\/p>\n\n\n\n<p><strong>Rights of interested parties<\/strong>: Right to withdraw your consent at any time. You may exercise your rights of access, rectification, deletion, cancellation, portability of your data and the limitation or opposition to its processing, as well as not being subject to automated individual decisions, by writing and accompanied by a copy of an official document that identifies you, through the following email address: <a href=\"mailto:info@eightandargot.com\">info@eightandargot.com<\/a><\/p>\n\n\n<style>.wp-block-kadence-advancedheading.kt-adv-heading674_4456f8-a7, .wp-block-kadence-advancedheading.kt-adv-heading674_4456f8-a7[data-kb-block=\"kb-adv-heading674_4456f8-a7\"]{font-size:21px;font-style:normal;}.wp-block-kadence-advancedheading.kt-adv-heading674_4456f8-a7 mark.kt-highlight, .wp-block-kadence-advancedheading.kt-adv-heading674_4456f8-a7[data-kb-block=\"kb-adv-heading674_4456f8-a7\"] mark.kt-highlight{font-style:normal;color:#f76a0c;-webkit-box-decoration-break:clone;box-decoration-break:clone;padding-top:0px;padding-right:0px;padding-bottom:0px;padding-left:0px;}@media all and (max-width: 767px){.wp-block-kadence-advancedheading.kt-adv-heading674_4456f8-a7, .wp-block-kadence-advancedheading.kt-adv-heading674_4456f8-a7[data-kb-block=\"kb-adv-heading674_4456f8-a7\"]{font-size:var(--global-kb-font-size-md, 1.25rem);}}<\/style>\n<h3 class=\"kt-adv-heading674_4456f8-a7 wp-block-kadence-advancedheading\" data-kb-block=\"kb-adv-heading674_4456f8-a7\"><strong>INFORMATION PROVIDED BY THE USER<\/strong><\/h3>\n\n\n\n<p>The provision of personal data requires a minimum age of 14 years, or where applicable, sufficient legal capacity to enter into a contract.<\/p>\n\n\n\n<p>By entering their data in the contact forms or in download forms, users expressly and freely accept that their data are necessary for EIGHT &amp; ARG\u00d4T to process their request, and that the inclusion of data in the remaining fields is voluntary. The user guarantees that the personal data provided is true and is responsible for communicating any changes.<\/p>\n\n\n\n<p>All data requested through the website is necessary to provide an optimal service to the user. If all data is not provided, there is no guarantee that the information and services provided by EIGHT &amp; ARG\u00d4T will be fully tailored to your needs.<\/p>\n\n\n<style>.wp-block-kadence-advancedheading.kt-adv-heading674_b4f700-f8, .wp-block-kadence-advancedheading.kt-adv-heading674_b4f700-f8[data-kb-block=\"kb-adv-heading674_b4f700-f8\"]{font-size:21px;font-style:normal;}.wp-block-kadence-advancedheading.kt-adv-heading674_b4f700-f8 mark.kt-highlight, .wp-block-kadence-advancedheading.kt-adv-heading674_b4f700-f8[data-kb-block=\"kb-adv-heading674_b4f700-f8\"] mark.kt-highlight{font-style:normal;color:#f76a0c;-webkit-box-decoration-break:clone;box-decoration-break:clone;padding-top:0px;padding-right:0px;padding-bottom:0px;padding-left:0px;}@media all and (max-width: 767px){.wp-block-kadence-advancedheading.kt-adv-heading674_b4f700-f8, .wp-block-kadence-advancedheading.kt-adv-heading674_b4f700-f8[data-kb-block=\"kb-adv-heading674_b4f700-f8\"]{font-size:var(--global-kb-font-size-md, 1.25rem);}}<\/style>\n<h3 class=\"kt-adv-heading674_b4f700-f8 wp-block-kadence-advancedheading\" data-kb-block=\"kb-adv-heading674_b4f700-f8\"><strong>SECURITY MEASURES<\/strong><\/h3>\n\n\n\n<p>That in accordance with the provisions of current regulations on the protection of personal data, EIGHT &amp; ARG\u00d4T is complying with all the provisions of the RGPD and LOPD regulations for the processing of personal data under its responsibility, which are processed in a lawful, fair and transparent manner in relation to the interested party and are appropriate, relevant and limited to what is necessary in relation to the purposes for which they are processed.<\/p>\n\n\n\n<p>EIGHT &amp; ARG\u00d4T guarantees that it has implemented appropriate technical and organisational policies to apply the security measures established by the GDPR and the LOPD to protect the rights and freedoms of users, and has communicated to them the appropriate information so that they can exercise them.<\/p>\n\n\n<style>.wp-block-kadence-advancedheading.kt-adv-heading674_5c7023-a3, .wp-block-kadence-advancedheading.kt-adv-heading674_5c7023-a3[data-kb-block=\"kb-adv-heading674_5c7023-a3\"]{font-size:21px;font-style:normal;}.wp-block-kadence-advancedheading.kt-adv-heading674_5c7023-a3 mark.kt-highlight, .wp-block-kadence-advancedheading.kt-adv-heading674_5c7023-a3[data-kb-block=\"kb-adv-heading674_5c7023-a3\"] mark.kt-highlight{font-style:normal;color:#f76a0c;-webkit-box-decoration-break:clone;box-decoration-break:clone;padding-top:0px;padding-right:0px;padding-bottom:0px;padding-left:0px;}@media all and (max-width: 767px){.wp-block-kadence-advancedheading.kt-adv-heading674_5c7023-a3, .wp-block-kadence-advancedheading.kt-adv-heading674_5c7023-a3[data-kb-block=\"kb-adv-heading674_5c7023-a3\"]{font-size:var(--global-kb-font-size-md, 1.25rem);}}<\/style>\n<h3 class=\"kt-adv-heading674_5c7023-a3 wp-block-kadence-advancedheading\" data-kb-block=\"kb-adv-heading674_5c7023-a3\"><strong>SECURITY BREACHES<\/strong><\/h3>\n\n\n\n<p>EIGHT &amp; ARG\u00d4T will report any security breach affecting the database used by this website, or affecting any of our third-party services, to each and every person, whose data may have been affected, and to authorities, within 72 hours of detecting the breach.<\/p>\n\n\n\n<p>Last update: January 2024<\/p>\n<\/div><\/div>\n\n<\/div><\/div>","protected":false},"excerpt":{"rendered":"<p>PRIVACY POLICY USER INFORMATION The website www.eightandargot.com (hereinafter, EIGHT &amp; ARG\u00d4T) informs users of its policy regarding the processing and protection of personal data of users and customers that may be collected while browsing its website. The owner of the website\u2026<\/p>","protected":false},"author":1,"featured_media":0,"parent":0,"menu_order":23,"comment_status":"closed","ping_status":"closed","template":"","meta":{"_acf_changed":false,"_kad_blocks_custom_css":"","_kad_blocks_head_custom_js":"","_kad_blocks_body_custom_js":"","_kad_blocks_footer_custom_js":"","_kadence_starter_templates_imported_post":false,"_kad_post_transparent":"","_kad_post_title":"hide","_kad_post_layout":"normal","_kad_post_sidebar_id":"","_kad_post_content_style":"","_kad_post_vertical_padding":"","_kad_post_feature":"","_kad_post_feature_position":"","_kad_post_header":false,"_kad_post_footer":false,"footnotes":""},"class_list":["post-674","page","type-page","status-publish","hentry"],"acf":[],"yoast_head":"<!-- This site is optimized with the Yoast SEO plugin v25.5 - https:\/\/yoast.com\/wordpress\/plugins\/seo\/ -->\n<title>Pol\u00edtica de privacidad - EIGHT &amp; ARG\u00d4T<\/title>\n<meta name=\"robots\" content=\"index, follow, max-snippet:-1, max-image-preview:large, max-video-preview:-1\" \/>\n<link rel=\"canonical\" href=\"https:\/\/eightandargot.com\/en\/politica-de-privacidad\/\" \/>\n<meta property=\"og:locale\" content=\"en_GB\" \/>\n<meta property=\"og:type\" content=\"article\" \/>\n<meta property=\"og:title\" content=\"Pol\u00edtica de privacidad - EIGHT &amp; ARG\u00d4T\" \/>\n<meta property=\"og:description\" content=\"POL\u00cdTICA DE PRIVACIDAD INFORMACI\u00d3N AL USUARIO El sitio web www.eightandargot.com (en adelante, EIGHT &amp; ARG\u00d4T) informa a los usuarios sobre su pol\u00edtica respecto del tratamiento y protecci\u00f3n de los datos de car\u00e1cter personal de los usuarios y clientes que puedan ser recabados por la navegaci\u00f3n a trav\u00e9s de su sitio web. El titular del sitio...\" \/>\n<meta property=\"og:url\" content=\"https:\/\/eightandargot.com\/en\/politica-de-privacidad\/\" \/>\n<meta property=\"og:site_name\" content=\"EIGHT &amp; ARG\u00d4T\" \/>\n<meta property=\"article:modified_time\" content=\"2024-12-02T09:49:41+00:00\" \/>\n<meta name=\"twitter:card\" content=\"summary_large_image\" \/>\n<meta name=\"twitter:label1\" content=\"Estimated reading time\" \/>\n\t<meta name=\"twitter:data1\" content=\"4 minutes\" \/>\n<script type=\"application\/ld+json\" class=\"yoast-schema-graph\">{\"@context\":\"https:\/\/schema.org\",\"@graph\":[{\"@type\":\"WebPage\",\"@id\":\"https:\/\/eightandargot.com\/politica-de-privacidad\/\",\"url\":\"https:\/\/eightandargot.com\/politica-de-privacidad\/\",\"name\":\"Pol\u00edtica de privacidad - EIGHT &amp; ARG\u00d4T\",\"isPartOf\":{\"@id\":\"https:\/\/eightandargot.com\/#website\"},\"datePublished\":\"2023-10-18T07:37:21+00:00\",\"dateModified\":\"2024-12-02T09:49:41+00:00\",\"breadcrumb\":{\"@id\":\"https:\/\/eightandargot.com\/politica-de-privacidad\/#breadcrumb\"},\"inLanguage\":\"en-GB\",\"potentialAction\":[{\"@type\":\"ReadAction\",\"target\":[\"https:\/\/eightandargot.com\/politica-de-privacidad\/\"]}]},{\"@type\":\"BreadcrumbList\",\"@id\":\"https:\/\/eightandargot.com\/politica-de-privacidad\/#breadcrumb\",\"itemListElement\":[{\"@type\":\"ListItem\",\"position\":1,\"name\":\"Portada\",\"item\":\"https:\/\/eightandargot.com\/\"},{\"@type\":\"ListItem\",\"position\":2,\"name\":\"Pol\u00edtica de privacidad\"}]},{\"@type\":\"WebSite\",\"@id\":\"https:\/\/eightandargot.com\/#website\",\"url\":\"https:\/\/eightandargot.com\/\",\"name\":\"EIGHT &amp; ARG\u00d4T\",\"description\":\"Boutique Online\",\"publisher\":{\"@id\":\"https:\/\/eightandargot.com\/#organization\"},\"potentialAction\":[{\"@type\":\"SearchAction\",\"target\":{\"@type\":\"EntryPoint\",\"urlTemplate\":\"https:\/\/eightandargot.com\/?s={search_term_string}\"},\"query-input\":{\"@type\":\"PropertyValueSpecification\",\"valueRequired\":true,\"valueName\":\"search_term_string\"}}],\"inLanguage\":\"en-GB\"},{\"@type\":\"Organization\",\"@id\":\"https:\/\/eightandargot.com\/#organization\",\"name\":\"EIGHT &amp; ARG\u00d4T\",\"url\":\"https:\/\/eightandargot.com\/\",\"logo\":{\"@type\":\"ImageObject\",\"inLanguage\":\"en-GB\",\"@id\":\"https:\/\/eightandargot.com\/#\/schema\/logo\/image\/\",\"url\":\"https:\/\/eightandargot.com\/wp-content\/uploads\/2023\/10\/logo-1.png\",\"contentUrl\":\"https:\/\/eightandargot.com\/wp-content\/uploads\/2023\/10\/logo-1.png\",\"width\":1068,\"height\":128,\"caption\":\"EIGHT &amp; ARG\u00d4T\"},\"image\":{\"@id\":\"https:\/\/eightandargot.com\/#\/schema\/logo\/image\/\"}}]}<\/script>\n<!-- \/ Yoast SEO plugin. -->","yoast_head_json":{"title":"Pol\u00edtica de privacidad - EIGHT &amp; ARG\u00d4T","robots":{"index":"index","follow":"follow","max-snippet":"max-snippet:-1","max-image-preview":"max-image-preview:large","max-video-preview":"max-video-preview:-1"},"canonical":"https:\/\/eightandargot.com\/en\/politica-de-privacidad\/","og_locale":"en_GB","og_type":"article","og_title":"Pol\u00edtica de privacidad - EIGHT &amp; ARG\u00d4T","og_description":"POL\u00cdTICA DE PRIVACIDAD INFORMACI\u00d3N AL USUARIO El sitio web www.eightandargot.com (en adelante, EIGHT &amp; ARG\u00d4T) informa a los usuarios sobre su pol\u00edtica respecto del tratamiento y protecci\u00f3n de los datos de car\u00e1cter personal de los usuarios y clientes que puedan ser recabados por la navegaci\u00f3n a trav\u00e9s de su sitio web. El titular del sitio...","og_url":"https:\/\/eightandargot.com\/en\/politica-de-privacidad\/","og_site_name":"EIGHT &amp; ARG\u00d4T","article_modified_time":"2024-12-02T09:49:41+00:00","twitter_card":"summary_large_image","twitter_misc":{"Estimated reading time":"4 minutes"},"schema":{"@context":"https:\/\/schema.org","@graph":[{"@type":"WebPage","@id":"https:\/\/eightandargot.com\/politica-de-privacidad\/","url":"https:\/\/eightandargot.com\/politica-de-privacidad\/","name":"Pol\u00edtica de privacidad - EIGHT &amp; ARG\u00d4T","isPartOf":{"@id":"https:\/\/eightandargot.com\/#website"},"datePublished":"2023-10-18T07:37:21+00:00","dateModified":"2024-12-02T09:49:41+00:00","breadcrumb":{"@id":"https:\/\/eightandargot.com\/politica-de-privacidad\/#breadcrumb"},"inLanguage":"en-GB","potentialAction":[{"@type":"ReadAction","target":["https:\/\/eightandargot.com\/politica-de-privacidad\/"]}]},{"@type":"BreadcrumbList","@id":"https:\/\/eightandargot.com\/politica-de-privacidad\/#breadcrumb","itemListElement":[{"@type":"ListItem","position":1,"name":"Portada","item":"https:\/\/eightandargot.com\/"},{"@type":"ListItem","position":2,"name":"Pol\u00edtica de privacidad"}]},{"@type":"WebSite","@id":"https:\/\/eightandargot.com\/#website","url":"https:\/\/eightandargot.com\/","name":"EIGHT &amp; ARG\u00d4T","description":"Boutique Online","publisher":{"@id":"https:\/\/eightandargot.com\/#organization"},"potentialAction":[{"@type":"SearchAction","target":{"@type":"EntryPoint","urlTemplate":"https:\/\/eightandargot.com\/?s={search_term_string}"},"query-input":{"@type":"PropertyValueSpecification","valueRequired":true,"valueName":"search_term_string"}}],"inLanguage":"en-GB"},{"@type":"Organization","@id":"https:\/\/eightandargot.com\/#organization","name":"EIGHT &amp; ARG\u00d4T","url":"https:\/\/eightandargot.com\/","logo":{"@type":"ImageObject","inLanguage":"en-GB","@id":"https:\/\/eightandargot.com\/#\/schema\/logo\/image\/","url":"https:\/\/eightandargot.com\/wp-content\/uploads\/2023\/10\/logo-1.png","contentUrl":"https:\/\/eightandargot.com\/wp-content\/uploads\/2023\/10\/logo-1.png","width":1068,"height":128,"caption":"EIGHT &amp; ARG\u00d4T"},"image":{"@id":"https:\/\/eightandargot.com\/#\/schema\/logo\/image\/"}}]}},"taxonomy_info":[],"featured_image_src_large":false,"author_info":{"display_name":"eloi","author_link":"https:\/\/eightandargot.com\/en\/author\/eloi\/"},"comment_info":0,"_links":{"self":[{"href":"https:\/\/eightandargot.com\/en\/wp-json\/wp\/v2\/pages\/674","targetHints":{"allow":["GET"]}}],"collection":[{"href":"https:\/\/eightandargot.com\/en\/wp-json\/wp\/v2\/pages"}],"about":[{"href":"https:\/\/eightandargot.com\/en\/wp-json\/wp\/v2\/types\/page"}],"author":[{"embeddable":true,"href":"https:\/\/eightandargot.com\/en\/wp-json\/wp\/v2\/users\/1"}],"replies":[{"embeddable":true,"href":"https:\/\/eightandargot.com\/en\/wp-json\/wp\/v2\/comments?post=674"}],"version-history":[{"count":0,"href":"https:\/\/eightandargot.com\/en\/wp-json\/wp\/v2\/pages\/674\/revisions"}],"wp:attachment":[{"href":"https:\/\/eightandargot.com\/en\/wp-json\/wp\/v2\/media?parent=674"}],"curies":[{"name":"wp","href":"https:\/\/api.w.org\/{rel}","templated":true}]}}