{"id":676,"date":"2023-10-18T07:37:54","date_gmt":"2023-10-18T07:37:54","guid":{"rendered":"http:\/\/eightandargot.com\/?page_id=676"},"modified":"2024-12-02T10:55:52","modified_gmt":"2024-12-02T09:55:52","slug":"declaracion-de-accesiblidad","status":"publish","type":"page","link":"https:\/\/eightandargot.com\/en\/declaracion-de-accesiblidad\/","title":{"rendered":"Accessibility"},"content":{"rendered":"<style>.kb-row-layout-id676_f0a4d9-37 > .kt-row-column-wrap{align-content:start;}:where(.kb-row-layout-id676_f0a4d9-37 > .kt-row-column-wrap) > .wp-block-kadence-column{justify-content:start;}.kb-row-layout-id676_f0a4d9-37 > .kt-row-column-wrap{column-gap:var(--global-kb-gap-md, 2rem);row-gap:var(--global-kb-gap-md, 2rem);max-width:1000px;margin-left:auto;margin-right:auto;padding-bottom:var(--global-kb-spacing-sm, 1.5rem);grid-template-columns:minmax(0, 1fr);}.kb-row-layout-id676_f0a4d9-37 > .kt-row-layout-overlay{opacity:0.30;}@media all and (max-width: 1024px){.kb-row-layout-id676_f0a4d9-37 > .kt-row-column-wrap{grid-template-columns:minmax(0, 1fr);}}@media all and (max-width: 767px){.kb-row-layout-id676_f0a4d9-37 > .kt-row-column-wrap{grid-template-columns:minmax(0, 1fr);}}<\/style><div class=\"kb-row-layout-wrap kb-row-layout-id676_f0a4d9-37 alignnone wp-block-kadence-rowlayout\"><div class=\"kt-row-column-wrap kt-has-1-columns kt-row-layout-equal kt-tab-layout-inherit kt-mobile-layout-row kt-row-valign-top\">\n<style>.kadence-column676_21b394-f6 > .kt-inside-inner-col,.kadence-column676_21b394-f6 > .kt-inside-inner-col:before{border-top-left-radius:0px;border-top-right-radius:0px;border-bottom-right-radius:0px;border-bottom-left-radius:0px;}.kadence-column676_21b394-f6 > .kt-inside-inner-col{column-gap:var(--global-kb-gap-sm, 1rem);}.kadence-column676_21b394-f6 > .kt-inside-inner-col{flex-direction:column;}.kadence-column676_21b394-f6 > .kt-inside-inner-col > .aligncenter{width:100%;}.kadence-column676_21b394-f6 > .kt-inside-inner-col:before{opacity:0.3;}.kadence-column676_21b394-f6{position:relative;}@media all and (max-width: 1024px){.kadence-column676_21b394-f6 > .kt-inside-inner-col{flex-direction:column;justify-content:center;}}@media all and (max-width: 767px){.kadence-column676_21b394-f6 > .kt-inside-inner-col{flex-direction:column;justify-content:center;}}<\/style>\n<div class=\"wp-block-kadence-column kadence-column676_21b394-f6\"><div class=\"kt-inside-inner-col\"><style>.wp-block-kadence-advancedheading.kt-adv-heading676_fc449b-a4, .wp-block-kadence-advancedheading.kt-adv-heading676_fc449b-a4[data-kb-block=\"kb-adv-heading676_fc449b-a4\"]{text-align:center;font-size:26px;font-style:normal;}.wp-block-kadence-advancedheading.kt-adv-heading676_fc449b-a4 mark.kt-highlight, .wp-block-kadence-advancedheading.kt-adv-heading676_fc449b-a4[data-kb-block=\"kb-adv-heading676_fc449b-a4\"] mark.kt-highlight{font-style:normal;color:#f76a0c;-webkit-box-decoration-break:clone;box-decoration-break:clone;padding-top:0px;padding-right:0px;padding-bottom:0px;padding-left:0px;}@media all and (max-width: 767px){.wp-block-kadence-advancedheading.kt-adv-heading676_fc449b-a4, .wp-block-kadence-advancedheading.kt-adv-heading676_fc449b-a4[data-kb-block=\"kb-adv-heading676_fc449b-a4\"]{font-size:20px;}}<\/style>\n<h6 class=\"kt-adv-heading676_fc449b-a4 wp-block-kadence-advancedheading\" data-kb-block=\"kb-adv-heading676_fc449b-a4\">ACCESSIBILITY STATEMENT<\/h6>\n<\/div><\/div>\n\n<\/div><\/div>\n\n<style>.kb-row-layout-id676_c79889-4d > .kt-row-column-wrap{align-content:start;}:where(.kb-row-layout-id676_c79889-4d > .kt-row-column-wrap) > .wp-block-kadence-column{justify-content:start;}.kb-row-layout-id676_c79889-4d > .kt-row-column-wrap{column-gap:var(--global-kb-gap-md, 2rem);row-gap:var(--global-kb-gap-md, 2rem);max-width:1000px;margin-left:auto;margin-right:auto;padding-top:var(--global-kb-spacing-sm, 1.5rem);padding-bottom:var(--global-kb-spacing-sm, 1.5rem);grid-template-columns:minmax(0, 1fr);}.kb-row-layout-id676_c79889-4d > .kt-row-layout-overlay{opacity:0.30;}@media all and (max-width: 1024px){.kb-row-layout-id676_c79889-4d > .kt-row-column-wrap{grid-template-columns:minmax(0, 1fr);}}@media all and (max-width: 767px){.kb-row-layout-id676_c79889-4d > .kt-row-column-wrap{grid-template-columns:minmax(0, 1fr);}}<\/style><div class=\"kb-row-layout-wrap kb-row-layout-id676_c79889-4d alignnone wp-block-kadence-rowlayout\"><div class=\"kt-row-column-wrap kt-has-1-columns kt-row-layout-equal kt-tab-layout-inherit kt-mobile-layout-row kt-row-valign-top\">\n<style>.kadence-column676_f58772-59 > .kt-inside-inner-col,.kadence-column676_f58772-59 > .kt-inside-inner-col:before{border-top-left-radius:0px;border-top-right-radius:0px;border-bottom-right-radius:0px;border-bottom-left-radius:0px;}.kadence-column676_f58772-59 > .kt-inside-inner-col{column-gap:var(--global-kb-gap-sm, 1rem);}.kadence-column676_f58772-59 > .kt-inside-inner-col{flex-direction:column;}.kadence-column676_f58772-59 > .kt-inside-inner-col > .aligncenter{width:100%;}.kadence-column676_f58772-59 > .kt-inside-inner-col:before{opacity:0.3;}.kadence-column676_f58772-59{position:relative;}@media all and (max-width: 1024px){.kadence-column676_f58772-59 > .kt-inside-inner-col{flex-direction:column;justify-content:center;}}@media all and (max-width: 767px){.kadence-column676_f58772-59 > .kt-inside-inner-col{flex-direction:column;justify-content:center;}}<\/style>\n<div class=\"wp-block-kadence-column kadence-column676_f58772-59\"><div class=\"kt-inside-inner-col\">\n<p>This accessibility statement applies to the website <a href=\"https:\/\/eightandargot.com\/en\/\">www.eightandargot.com <\/a>(hereinafter, EIGHT &amp; ARG\u00d4T).<\/p>\n\n\n\n<p>EIGHT &amp; ARG\u00d4T is committed to making its website accessible, in accordance with Royal Decree 1112\/2018, of September 7, on the accessibility of websites and mobile applications in the public sector.<\/p>\n\n\n<style>.wp-block-kadence-advancedheading.kt-adv-heading676_a87295-e6, .wp-block-kadence-advancedheading.kt-adv-heading676_a87295-e6[data-kb-block=\"kb-adv-heading676_a87295-e6\"]{font-size:21px;font-style:normal;}.wp-block-kadence-advancedheading.kt-adv-heading676_a87295-e6 mark.kt-highlight, .wp-block-kadence-advancedheading.kt-adv-heading676_a87295-e6[data-kb-block=\"kb-adv-heading676_a87295-e6\"] mark.kt-highlight{font-style:normal;color:#f76a0c;-webkit-box-decoration-break:clone;box-decoration-break:clone;padding-top:0px;padding-right:0px;padding-bottom:0px;padding-left:0px;}@media all and (max-width: 767px){.wp-block-kadence-advancedheading.kt-adv-heading676_a87295-e6, .wp-block-kadence-advancedheading.kt-adv-heading676_a87295-e6[data-kb-block=\"kb-adv-heading676_a87295-e6\"]{font-size:var(--global-kb-font-size-md, 1.25rem);}}<\/style>\n<h3 class=\"kt-adv-heading676_a87295-e6 wp-block-kadence-advancedheading\" data-kb-block=\"kb-adv-heading676_a87295-e6\"><strong>COMPLIANCE STATUS<\/strong><\/h3>\n\n\n\n<p>This website is developed in accordance with RD 1112\/2018. <\/p>\n\n\n\n<p><strong>Preparing for this accessibility statement<\/strong>:<br>This statement was prepared on January 4, 2024.<br>The method used to prepare the declaration was a self-assessment.<\/p>\n\n\n<style>.wp-block-kadence-advancedheading.kt-adv-heading676_72ac26-77, .wp-block-kadence-advancedheading.kt-adv-heading676_72ac26-77[data-kb-block=\"kb-adv-heading676_72ac26-77\"]{font-size:21px;font-style:normal;}.wp-block-kadence-advancedheading.kt-adv-heading676_72ac26-77 mark.kt-highlight, .wp-block-kadence-advancedheading.kt-adv-heading676_72ac26-77[data-kb-block=\"kb-adv-heading676_72ac26-77\"] mark.kt-highlight{font-style:normal;color:#f76a0c;-webkit-box-decoration-break:clone;box-decoration-break:clone;padding-top:0px;padding-right:0px;padding-bottom:0px;padding-left:0px;}@media all and (max-width: 767px){.wp-block-kadence-advancedheading.kt-adv-heading676_72ac26-77, .wp-block-kadence-advancedheading.kt-adv-heading676_72ac26-77[data-kb-block=\"kb-adv-heading676_72ac26-77\"]{font-size:var(--global-kb-font-size-md, 1.25rem);}}<\/style>\n<h3 class=\"kt-adv-heading676_72ac26-77 wp-block-kadence-advancedheading\" data-kb-block=\"kb-adv-heading676_72ac26-77\"><strong>OBSERVATIONS AND CONTACT INFORMATION<\/strong><\/h3>\n\n\n\n<p>Through the contact form on this website or by email: <a href=\"mailto:info@eightandargot.com\">info@eightandargot.com <\/a>The user can make communications about accessibility requirements (article 10.2.a of RD 1112\/2018) such as:<\/p>\n\n\n\n<ul class=\"wp-block-list\">\n<li>Report any potential breaches by this website.<\/li>\n\n\n\n<li><span style=\"color: var(--global-palette3);\">Transmit other difficulties in accessing content.<\/span><\/li>\n\n\n\n<li>Ask any other questions or suggestions for improvement regarding the accessibility of the website.<\/li>\n<\/ul>\n\n\n\n<p><strong>You can present:<\/strong><\/p>\n\n\n\n<ul class=\"wp-block-list\">\n<li>Complaint regarding compliance with the requirements of RD 1112\/2018<\/li>\n\n\n\n<li>Request for accessible information relating to:<\/li>\n\n\n\n<li>Contents that are excluded from the scope of application of RD 1112\/2018 as established in article 3, section 4.<\/li>\n\n\n\n<li>Content that is exempt from accessibility requirements so as to impose a disproportionate burden.<\/li>\n<\/ul>\n\n\n\n<p>In the request for accessible information, the facts, reasons and request must be clearly specified in order to verify that it is a reasonable and legitimate request.<\/p>\n\n\n\n<p>Complaints and claims regarding accessible information will be made through the electronic office (<a href=\"https:\/\/sede.red.gob.es\/procedimientos\/quejas-y-sugerencias\">https:\/\/sede.red.gob.es\/procedimientos\/quejas-y-sugerencias<\/a>), and will be received and processed by the Information Systems area of Red.es.<\/p>\n\n\n<style>.wp-block-kadence-advancedheading.kt-adv-heading676_0892a0-47, .wp-block-kadence-advancedheading.kt-adv-heading676_0892a0-47[data-kb-block=\"kb-adv-heading676_0892a0-47\"]{font-size:21px;font-style:normal;}.wp-block-kadence-advancedheading.kt-adv-heading676_0892a0-47 mark.kt-highlight, .wp-block-kadence-advancedheading.kt-adv-heading676_0892a0-47[data-kb-block=\"kb-adv-heading676_0892a0-47\"] mark.kt-highlight{font-style:normal;color:#f76a0c;-webkit-box-decoration-break:clone;box-decoration-break:clone;padding-top:0px;padding-right:0px;padding-bottom:0px;padding-left:0px;}@media all and (max-width: 767px){.wp-block-kadence-advancedheading.kt-adv-heading676_0892a0-47, .wp-block-kadence-advancedheading.kt-adv-heading676_0892a0-47[data-kb-block=\"kb-adv-heading676_0892a0-47\"]{font-size:var(--global-kb-font-size-md, 1.25rem);}}<\/style>\n<h3 class=\"kt-adv-heading676_0892a0-47 wp-block-kadence-advancedheading\" data-kb-block=\"kb-adv-heading676_0892a0-47\"><strong>OPTIONAL CONTENT<\/strong><\/h3>\n\n\n\n<p>If you want to change the font size of the text in the main graphical browsers, use the following menus:<\/p>\n\n\n\n<ul class=\"wp-block-list\">\n<li>Safari: View &gt; Make Text Larger<\/li>\n\n\n\n<li>Chrome: Control the current page &gt; Text size<\/li>\n\n\n\n<li>Internet Explorer, Mozilla and Firefox: View &gt; Text Size<\/li>\n\n\n\n<li>Opera: View &gt; Zoom<\/li>\n<\/ul>\n\n\n\n<p>To resize everything on the page:<\/p>\n\n\n\n<ul class=\"wp-block-list\">\n<li>Ctrl + to increase it<\/li>\n\n\n\n<li>Ctrl \u2013 to decrease it<\/li>\n\n\n\n<li>Ctrl 0 restores the original text size<\/li>\n<\/ul>\n\n\n\n<p>If you want to override the style sheet or change the color of the text, you can consult the WAI&#039;s How to Change Text Size or Colors page, which can be read translated into Spanish at How to change text size or colors.<\/p>\n<\/div><\/div>\n\n<\/div><\/div>","protected":false},"excerpt":{"rendered":"<p>ACCESSIBILITY STATEMENT This accessibility statement applies to the website www.eightandargot.com (hereinafter, EIGHT &amp; ARG\u00d4T). EIGHT &amp; ARG\u00d4T is committed to making its website accessible, in accordance with Royal Decree 1112\/2018, of September 7, on the accessibility of websites and applications for mobile devices in the sector\u2026<\/p>","protected":false},"author":1,"featured_media":0,"parent":0,"menu_order":24,"comment_status":"closed","ping_status":"closed","template":"","meta":{"_acf_changed":false,"_kad_blocks_custom_css":"","_kad_blocks_head_custom_js":"","_kad_blocks_body_custom_js":"","_kad_blocks_footer_custom_js":"","_kadence_starter_templates_imported_post":false,"_kad_post_transparent":"","_kad_post_title":"hide","_kad_post_layout":"normal","_kad_post_sidebar_id":"","_kad_post_content_style":"","_kad_post_vertical_padding":"","_kad_post_feature":"","_kad_post_feature_position":"","_kad_post_header":false,"_kad_post_footer":false,"footnotes":""},"class_list":["post-676","page","type-page","status-publish","hentry"],"acf":[],"yoast_head":"<!-- This site is optimized with the Yoast SEO plugin v25.5 - https:\/\/yoast.com\/wordpress\/plugins\/seo\/ -->\n<title>Declaraci\u00f3n de accesibilidad - EIGHT &amp; ARG\u00d4T<\/title>\n<meta name=\"robots\" content=\"index, follow, max-snippet:-1, max-image-preview:large, max-video-preview:-1\" \/>\n<link rel=\"canonical\" href=\"https:\/\/eightandargot.com\/en\/declaracion-de-accesiblidad\/\" \/>\n<meta property=\"og:locale\" content=\"en_GB\" \/>\n<meta property=\"og:type\" content=\"article\" \/>\n<meta property=\"og:title\" content=\"Declaraci\u00f3n de accesibilidad - EIGHT &amp; ARG\u00d4T\" \/>\n<meta property=\"og:description\" content=\"DECLARACI\u00d3N DE ACCESIBILIDAD La presente declaraci\u00f3n de accesibilidad se aplica al sitio web www.eightandargot.com (en adelante, EIGHT &amp; ARG\u00d4T). EIGHT &amp; ARG\u00d4T se ha comprometido a hacer accesible su sitio web, de conformidad con el Real Decreto 1112\/2018, de 7 de septiembre, sobre accesibilidad de los sitios web y aplicaciones para dispositivos m\u00f3viles del sector...\" \/>\n<meta property=\"og:url\" content=\"https:\/\/eightandargot.com\/en\/declaracion-de-accesiblidad\/\" \/>\n<meta property=\"og:site_name\" content=\"EIGHT &amp; ARG\u00d4T\" \/>\n<meta property=\"article:modified_time\" content=\"2024-12-02T09:55:52+00:00\" \/>\n<meta name=\"twitter:card\" content=\"summary_large_image\" \/>\n<meta name=\"twitter:label1\" content=\"Estimated reading time\" \/>\n\t<meta name=\"twitter:data1\" content=\"2 minutes\" \/>\n<script type=\"application\/ld+json\" class=\"yoast-schema-graph\">{\"@context\":\"https:\/\/schema.org\",\"@graph\":[{\"@type\":\"WebPage\",\"@id\":\"https:\/\/eightandargot.com\/declaracion-de-accesiblidad\/\",\"url\":\"https:\/\/eightandargot.com\/declaracion-de-accesiblidad\/\",\"name\":\"Declaraci\u00f3n de accesibilidad - EIGHT & ARG\u00d4T\",\"isPartOf\":{\"@id\":\"https:\/\/eightandargot.com\/#website\"},\"datePublished\":\"2023-10-18T07:37:54+00:00\",\"dateModified\":\"2024-12-02T09:55:52+00:00\",\"breadcrumb\":{\"@id\":\"https:\/\/eightandargot.com\/declaracion-de-accesiblidad\/#breadcrumb\"},\"inLanguage\":\"en-GB\",\"potentialAction\":[{\"@type\":\"ReadAction\",\"target\":[\"https:\/\/eightandargot.com\/declaracion-de-accesiblidad\/\"]}]},{\"@type\":\"BreadcrumbList\",\"@id\":\"https:\/\/eightandargot.com\/declaracion-de-accesiblidad\/#breadcrumb\",\"itemListElement\":[{\"@type\":\"ListItem\",\"position\":1,\"name\":\"Portada\",\"item\":\"https:\/\/eightandargot.com\/\"},{\"@type\":\"ListItem\",\"position\":2,\"name\":\"Declaraci\u00f3n de accesibilidad\"}]},{\"@type\":\"WebSite\",\"@id\":\"https:\/\/eightandargot.com\/#website\",\"url\":\"https:\/\/eightandargot.com\/\",\"name\":\"EIGHT &amp; ARG\u00d4T\",\"description\":\"Boutique Online\",\"publisher\":{\"@id\":\"https:\/\/eightandargot.com\/#organization\"},\"potentialAction\":[{\"@type\":\"SearchAction\",\"target\":{\"@type\":\"EntryPoint\",\"urlTemplate\":\"https:\/\/eightandargot.com\/?s={search_term_string}\"},\"query-input\":{\"@type\":\"PropertyValueSpecification\",\"valueRequired\":true,\"valueName\":\"search_term_string\"}}],\"inLanguage\":\"en-GB\"},{\"@type\":\"Organization\",\"@id\":\"https:\/\/eightandargot.com\/#organization\",\"name\":\"EIGHT &amp; ARG\u00d4T\",\"url\":\"https:\/\/eightandargot.com\/\",\"logo\":{\"@type\":\"ImageObject\",\"inLanguage\":\"en-GB\",\"@id\":\"https:\/\/eightandargot.com\/#\/schema\/logo\/image\/\",\"url\":\"https:\/\/eightandargot.com\/wp-content\/uploads\/2023\/10\/logo-1.png\",\"contentUrl\":\"https:\/\/eightandargot.com\/wp-content\/uploads\/2023\/10\/logo-1.png\",\"width\":1068,\"height\":128,\"caption\":\"EIGHT &amp; ARG\u00d4T\"},\"image\":{\"@id\":\"https:\/\/eightandargot.com\/#\/schema\/logo\/image\/\"}}]}<\/script>\n<!-- \/ Yoast SEO plugin. -->","yoast_head_json":{"title":"Declaraci\u00f3n de accesibilidad - EIGHT & ARG\u00d4T","robots":{"index":"index","follow":"follow","max-snippet":"max-snippet:-1","max-image-preview":"max-image-preview:large","max-video-preview":"max-video-preview:-1"},"canonical":"https:\/\/eightandargot.com\/en\/declaracion-de-accesiblidad\/","og_locale":"en_GB","og_type":"article","og_title":"Declaraci\u00f3n de accesibilidad - EIGHT & ARG\u00d4T","og_description":"DECLARACI\u00d3N DE ACCESIBILIDAD La presente declaraci\u00f3n de accesibilidad se aplica al sitio web www.eightandargot.com (en adelante, EIGHT &amp; ARG\u00d4T). EIGHT &amp; ARG\u00d4T se ha comprometido a hacer accesible su sitio web, de conformidad con el Real Decreto 1112\/2018, de 7 de septiembre, sobre accesibilidad de los sitios web y aplicaciones para dispositivos m\u00f3viles del sector...","og_url":"https:\/\/eightandargot.com\/en\/declaracion-de-accesiblidad\/","og_site_name":"EIGHT &amp; ARG\u00d4T","article_modified_time":"2024-12-02T09:55:52+00:00","twitter_card":"summary_large_image","twitter_misc":{"Estimated reading time":"2 minutes"},"schema":{"@context":"https:\/\/schema.org","@graph":[{"@type":"WebPage","@id":"https:\/\/eightandargot.com\/declaracion-de-accesiblidad\/","url":"https:\/\/eightandargot.com\/declaracion-de-accesiblidad\/","name":"Declaraci\u00f3n de accesibilidad - EIGHT & ARG\u00d4T","isPartOf":{"@id":"https:\/\/eightandargot.com\/#website"},"datePublished":"2023-10-18T07:37:54+00:00","dateModified":"2024-12-02T09:55:52+00:00","breadcrumb":{"@id":"https:\/\/eightandargot.com\/declaracion-de-accesiblidad\/#breadcrumb"},"inLanguage":"en-GB","potentialAction":[{"@type":"ReadAction","target":["https:\/\/eightandargot.com\/declaracion-de-accesiblidad\/"]}]},{"@type":"BreadcrumbList","@id":"https:\/\/eightandargot.com\/declaracion-de-accesiblidad\/#breadcrumb","itemListElement":[{"@type":"ListItem","position":1,"name":"Portada","item":"https:\/\/eightandargot.com\/"},{"@type":"ListItem","position":2,"name":"Declaraci\u00f3n de accesibilidad"}]},{"@type":"WebSite","@id":"https:\/\/eightandargot.com\/#website","url":"https:\/\/eightandargot.com\/","name":"EIGHT &amp; ARG\u00d4T","description":"Boutique Online","publisher":{"@id":"https:\/\/eightandargot.com\/#organization"},"potentialAction":[{"@type":"SearchAction","target":{"@type":"EntryPoint","urlTemplate":"https:\/\/eightandargot.com\/?s={search_term_string}"},"query-input":{"@type":"PropertyValueSpecification","valueRequired":true,"valueName":"search_term_string"}}],"inLanguage":"en-GB"},{"@type":"Organization","@id":"https:\/\/eightandargot.com\/#organization","name":"EIGHT &amp; ARG\u00d4T","url":"https:\/\/eightandargot.com\/","logo":{"@type":"ImageObject","inLanguage":"en-GB","@id":"https:\/\/eightandargot.com\/#\/schema\/logo\/image\/","url":"https:\/\/eightandargot.com\/wp-content\/uploads\/2023\/10\/logo-1.png","contentUrl":"https:\/\/eightandargot.com\/wp-content\/uploads\/2023\/10\/logo-1.png","width":1068,"height":128,"caption":"EIGHT &amp; ARG\u00d4T"},"image":{"@id":"https:\/\/eightandargot.com\/#\/schema\/logo\/image\/"}}]}},"taxonomy_info":[],"featured_image_src_large":false,"author_info":{"display_name":"eloi","author_link":"https:\/\/eightandargot.com\/en\/author\/eloi\/"},"comment_info":0,"_links":{"self":[{"href":"https:\/\/eightandargot.com\/en\/wp-json\/wp\/v2\/pages\/676","targetHints":{"allow":["GET"]}}],"collection":[{"href":"https:\/\/eightandargot.com\/en\/wp-json\/wp\/v2\/pages"}],"about":[{"href":"https:\/\/eightandargot.com\/en\/wp-json\/wp\/v2\/types\/page"}],"author":[{"embeddable":true,"href":"https:\/\/eightandargot.com\/en\/wp-json\/wp\/v2\/users\/1"}],"replies":[{"embeddable":true,"href":"https:\/\/eightandargot.com\/en\/wp-json\/wp\/v2\/comments?post=676"}],"version-history":[{"count":0,"href":"https:\/\/eightandargot.com\/en\/wp-json\/wp\/v2\/pages\/676\/revisions"}],"wp:attachment":[{"href":"https:\/\/eightandargot.com\/en\/wp-json\/wp\/v2\/media?parent=676"}],"curies":[{"name":"wp","href":"https:\/\/api.w.org\/{rel}","templated":true}]}}