{"id":637,"date":"2023-10-18T06:41:15","date_gmt":"2023-10-18T06:41:15","guid":{"rendered":"http:\/\/eightandargot.com\/?post_type=product&#038;p=637"},"modified":"2025-05-06T06:04:22","modified_gmt":"2025-05-06T04:04:22","slug":"agneta-monk-straps","status":"publish","type":"product","link":"https:\/\/eightandargot.com\/en\/product\/agneta-monk-straps\/","title":{"rendered":"AGNETA monk straps"},"content":{"rendered":"<style>.kb-row-layout-id637_d33bef-5f > .kt-row-column-wrap{align-content:start;}:where(.kb-row-layout-id637_d33bef-5f > .kt-row-column-wrap) > .wp-block-kadence-column{justify-content:start;}.kb-row-layout-id637_d33bef-5f > .kt-row-column-wrap{column-gap:var(--global-kb-gap-none, 0rem );row-gap:var(--global-kb-gap-none, 0rem );padding-top:0px;padding-right:0px;padding-bottom:0px;padding-left:0px;grid-template-columns:repeat(2, minmax(0, 1fr));}.kb-row-layout-id637_d33bef-5f > .kt-row-layout-overlay{opacity:0.30;}@media all and (max-width: 1024px){.kb-row-layout-id637_d33bef-5f > .kt-row-column-wrap{grid-template-columns:repeat(2, minmax(0, 1fr));}}@media all and (max-width: 767px){.kb-row-layout-id637_d33bef-5f > .kt-row-column-wrap{grid-template-columns:repeat(2, minmax(0, 1fr));}}<\/style><div class=\"kb-row-layout-wrap kb-row-layout-id637_d33bef-5f alignnone wp-block-kadence-rowlayout\"><div class=\"kt-row-column-wrap kt-has-2-columns kt-row-layout-equal kt-tab-layout-inherit kt-mobile-layout-equal kt-row-valign-top\">\n<style>.kadence-column637_ad84a5-95 > .kt-inside-inner-col{padding-top:10px;padding-right:10px;padding-bottom:10px;padding-left:10px;}.kadence-column637_ad84a5-95 > .kt-inside-inner-col,.kadence-column637_ad84a5-95 > .kt-inside-inner-col:before{border-top-left-radius:0px;border-top-right-radius:0px;border-bottom-right-radius:0px;border-bottom-left-radius:0px;}.kadence-column637_ad84a5-95 > .kt-inside-inner-col{column-gap:var(--global-kb-gap-sm, 1rem);}.kadence-column637_ad84a5-95 > .kt-inside-inner-col{flex-direction:column;}.kadence-column637_ad84a5-95 > .kt-inside-inner-col > .aligncenter{width:100%;}.kadence-column637_ad84a5-95 > .kt-inside-inner-col:before{opacity:0.3;}.kadence-column637_ad84a5-95{position:relative;}@media all and (max-width: 1024px){.kadence-column637_ad84a5-95 > .kt-inside-inner-col{flex-direction:column;justify-content:center;}}@media all and (max-width: 767px){.kadence-column637_ad84a5-95 > .kt-inside-inner-col{flex-direction:column;justify-content:center;}}<\/style>\n<div class=\"wp-block-kadence-column kadence-column637_ad84a5-95\"><div class=\"kt-inside-inner-col\">\n<figure class=\"wp-block-image size-full\"><img loading=\"lazy\" decoding=\"async\" width=\"1854\" height=\"2471\" src=\"https:\/\/eightandargot.com\/wp-content\/uploads\/2023\/10\/AGNETA-1.jpg\" alt=\"\" class=\"wp-image-927\" srcset=\"https:\/\/eightandargot.com\/wp-content\/uploads\/2023\/10\/AGNETA-1.jpg 1854w, https:\/\/eightandargot.com\/wp-content\/uploads\/2023\/10\/AGNETA-1-225x300.jpg 225w, https:\/\/eightandargot.com\/wp-content\/uploads\/2023\/10\/AGNETA-1-768x1024.jpg 768w, https:\/\/eightandargot.com\/wp-content\/uploads\/2023\/10\/AGNETA-1-1152x1536.jpg 1152w, https:\/\/eightandargot.com\/wp-content\/uploads\/2023\/10\/AGNETA-1-1537x2048.jpg 1537w\" sizes=\"auto, (max-width: 1854px) 100vw, 1854px\" \/><\/figure>\n<\/div><\/div>\n\n\n<style>.kadence-column637_b6fd5a-38 > .kt-inside-inner-col{padding-top:10px;padding-right:10px;padding-bottom:10px;padding-left:10px;}.kadence-column637_b6fd5a-38 > .kt-inside-inner-col,.kadence-column637_b6fd5a-38 > .kt-inside-inner-col:before{border-top-left-radius:0px;border-top-right-radius:0px;border-bottom-right-radius:0px;border-bottom-left-radius:0px;}.kadence-column637_b6fd5a-38 > .kt-inside-inner-col{column-gap:var(--global-kb-gap-sm, 1rem);}.kadence-column637_b6fd5a-38 > .kt-inside-inner-col{flex-direction:column;}.kadence-column637_b6fd5a-38 > .kt-inside-inner-col > .aligncenter{width:100%;}.kadence-column637_b6fd5a-38 > .kt-inside-inner-col:before{opacity:0.3;}.kadence-column637_b6fd5a-38{position:relative;}@media all and (max-width: 1024px){.kadence-column637_b6fd5a-38 > .kt-inside-inner-col{flex-direction:column;justify-content:center;}}@media all and (max-width: 767px){.kadence-column637_b6fd5a-38 > .kt-inside-inner-col{flex-direction:column;justify-content:center;}}<\/style>\n<div class=\"wp-block-kadence-column kadence-column637_b6fd5a-38\"><div class=\"kt-inside-inner-col\">\n<figure class=\"wp-block-image size-full\"><img loading=\"lazy\" decoding=\"async\" width=\"1854\" height=\"2471\" src=\"https:\/\/eightandargot.com\/wp-content\/uploads\/2023\/10\/AGNETA-2.jpg\" alt=\"\" class=\"wp-image-928\" srcset=\"https:\/\/eightandargot.com\/wp-content\/uploads\/2023\/10\/AGNETA-2.jpg 1854w, https:\/\/eightandargot.com\/wp-content\/uploads\/2023\/10\/AGNETA-2-225x300.jpg 225w, https:\/\/eightandargot.com\/wp-content\/uploads\/2023\/10\/AGNETA-2-768x1024.jpg 768w, https:\/\/eightandargot.com\/wp-content\/uploads\/2023\/10\/AGNETA-2-1152x1536.jpg 1152w, https:\/\/eightandargot.com\/wp-content\/uploads\/2023\/10\/AGNETA-2-1537x2048.jpg 1537w\" sizes=\"auto, (max-width: 1854px) 100vw, 1854px\" \/><\/figure>\n<\/div><\/div>\n\n<\/div><\/div>\n\n<style>.kb-row-layout-id637_e4e293-a8 > .kt-row-column-wrap{align-content:start;}:where(.kb-row-layout-id637_e4e293-a8 > .kt-row-column-wrap) > .wp-block-kadence-column{justify-content:start;}.kb-row-layout-id637_e4e293-a8 > .kt-row-column-wrap{column-gap:var(--global-kb-gap-none, 0rem );row-gap:var(--global-kb-gap-none, 0rem );padding-top:0px;padding-right:0px;padding-bottom:0px;padding-left:0px;grid-template-columns:minmax(0, 1fr);}.kb-row-layout-id637_e4e293-a8 > .kt-row-layout-overlay{opacity:0.30;}@media all and (max-width: 1024px){.kb-row-layout-id637_e4e293-a8 > .kt-row-column-wrap{grid-template-columns:minmax(0, 1fr);}}@media all and (max-width: 767px){.kb-row-layout-id637_e4e293-a8 > .kt-row-column-wrap{grid-template-columns:minmax(0, 1fr);}}<\/style><div class=\"kb-row-layout-wrap kb-row-layout-id637_e4e293-a8 alignnone wp-block-kadence-rowlayout\"><div class=\"kt-row-column-wrap kt-has-1-columns kt-row-layout-equal kt-tab-layout-inherit kt-mobile-layout-row kt-row-valign-top\">\n<style>.kadence-column637_08d45e-72 > .kt-inside-inner-col{padding-top:10px;padding-right:10px;padding-bottom:10px;padding-left:10px;}.kadence-column637_08d45e-72 > .kt-inside-inner-col,.kadence-column637_08d45e-72 > .kt-inside-inner-col:before{border-top-left-radius:0px;border-top-right-radius:0px;border-bottom-right-radius:0px;border-bottom-left-radius:0px;}.kadence-column637_08d45e-72 > .kt-inside-inner-col{column-gap:var(--global-kb-gap-sm, 1rem);}.kadence-column637_08d45e-72 > .kt-inside-inner-col{flex-direction:column;}.kadence-column637_08d45e-72 > .kt-inside-inner-col > .aligncenter{width:100%;}.kadence-column637_08d45e-72 > .kt-inside-inner-col:before{opacity:0.3;}.kadence-column637_08d45e-72{position:relative;}@media all and (max-width: 1024px){.kadence-column637_08d45e-72 > .kt-inside-inner-col{flex-direction:column;justify-content:center;}}@media all and (max-width: 767px){.kadence-column637_08d45e-72 > .kt-inside-inner-col{flex-direction:column;justify-content:center;}}<\/style>\n<div class=\"wp-block-kadence-column kadence-column637_08d45e-72\"><div class=\"kt-inside-inner-col\"><style>.kb-image637_69e642-d9 .kb-image-has-overlay:after{opacity:0.3;}<\/style>\n<figure class=\"wp-block-kadence-image kb-image637_69e642-d9 size-full kb-image-is-ratio-size\"><div class=\"kb-is-ratio-image kb-image-ratio-land21\"><img loading=\"lazy\" decoding=\"async\" width=\"1875\" height=\"2500\" src=\"https:\/\/eightandargot.com\/wp-content\/uploads\/2023\/10\/AGNETA-3.jpg\" alt=\"\" class=\"kb-img wp-image-929\" srcset=\"https:\/\/eightandargot.com\/wp-content\/uploads\/2023\/10\/AGNETA-3.jpg 1875w, https:\/\/eightandargot.com\/wp-content\/uploads\/2023\/10\/AGNETA-3-225x300.jpg 225w, https:\/\/eightandargot.com\/wp-content\/uploads\/2023\/10\/AGNETA-3-768x1024.jpg 768w, https:\/\/eightandargot.com\/wp-content\/uploads\/2023\/10\/AGNETA-3-1152x1536.jpg 1152w, https:\/\/eightandargot.com\/wp-content\/uploads\/2023\/10\/AGNETA-3-1536x2048.jpg 1536w\" sizes=\"auto, (max-width: 1875px) 100vw, 1875px\" \/><\/div><\/figure>\n<\/div><\/div>\n\n<\/div><\/div>\n\n<style>.kb-row-layout-id637_804147-37 > .kt-row-column-wrap{align-content:start;}:where(.kb-row-layout-id637_804147-37 > .kt-row-column-wrap) > .wp-block-kadence-column{justify-content:start;}.kb-row-layout-id637_804147-37 > .kt-row-column-wrap{column-gap:var(--global-kb-gap-none, 0rem );row-gap:var(--global-kb-gap-none, 0rem );padding-top:0px;padding-right:0px;padding-bottom:0px;padding-left:0px;grid-template-columns:repeat(2, minmax(0, 1fr));}.kb-row-layout-id637_804147-37 > .kt-row-layout-overlay{opacity:0.30;}@media all and (max-width: 1024px){.kb-row-layout-id637_804147-37 > .kt-row-column-wrap{grid-template-columns:repeat(2, minmax(0, 1fr));}}@media all and (max-width: 767px){.kb-row-layout-id637_804147-37 > .kt-row-column-wrap{grid-template-columns:repeat(2, minmax(0, 1fr));}}<\/style><div class=\"kb-row-layout-wrap kb-row-layout-id637_804147-37 alignnone wp-block-kadence-rowlayout\"><div class=\"kt-row-column-wrap kt-has-2-columns kt-row-layout-equal kt-tab-layout-inherit kt-mobile-layout-equal kt-row-valign-top\">\n<style>.kadence-column637_98596e-42 > .kt-inside-inner-col{padding-top:10px;padding-right:10px;padding-bottom:10px;padding-left:10px;}.kadence-column637_98596e-42 > .kt-inside-inner-col,.kadence-column637_98596e-42 > .kt-inside-inner-col:before{border-top-left-radius:0px;border-top-right-radius:0px;border-bottom-right-radius:0px;border-bottom-left-radius:0px;}.kadence-column637_98596e-42 > .kt-inside-inner-col{column-gap:var(--global-kb-gap-sm, 1rem);}.kadence-column637_98596e-42 > .kt-inside-inner-col{flex-direction:column;}.kadence-column637_98596e-42 > .kt-inside-inner-col > .aligncenter{width:100%;}.kadence-column637_98596e-42 > .kt-inside-inner-col:before{opacity:0.3;}.kadence-column637_98596e-42{position:relative;}@media all and (max-width: 1024px){.kadence-column637_98596e-42 > .kt-inside-inner-col{flex-direction:column;justify-content:center;}}@media all and (max-width: 767px){.kadence-column637_98596e-42 > .kt-inside-inner-col{flex-direction:column;justify-content:center;}}<\/style>\n<div class=\"wp-block-kadence-column kadence-column637_98596e-42\"><div class=\"kt-inside-inner-col\"><style>.kb-image637_ea7014-df .kb-image-has-overlay:after{opacity:0.3;}<\/style>\n<figure class=\"wp-block-kadence-image kb-image637_ea7014-df size-large kb-image-is-ratio-size\"><div class=\"kb-is-ratio-image kb-image-ratio-port34\"><img loading=\"lazy\" decoding=\"async\" width=\"949\" height=\"1024\" src=\"https:\/\/eightandargot.com\/wp-content\/uploads\/2023\/10\/AGNETA-4-949x1024.jpg\" alt=\"\" class=\"kb-img wp-image-930\" srcset=\"https:\/\/eightandargot.com\/wp-content\/uploads\/2023\/10\/AGNETA-4-949x1024.jpg 949w, https:\/\/eightandargot.com\/wp-content\/uploads\/2023\/10\/AGNETA-4-278x300.jpg 278w, https:\/\/eightandargot.com\/wp-content\/uploads\/2023\/10\/AGNETA-4-768x829.jpg 768w, https:\/\/eightandargot.com\/wp-content\/uploads\/2023\/10\/AGNETA-4-1424x1536.jpg 1424w, https:\/\/eightandargot.com\/wp-content\/uploads\/2023\/10\/AGNETA-4.jpg 1738w\" sizes=\"auto, (max-width: 949px) 100vw, 949px\" \/><\/div><\/figure>\n<\/div><\/div>\n\n\n<style>.kadence-column637_a930cf-3a > .kt-inside-inner-col{padding-top:10px;padding-right:10px;padding-bottom:10px;padding-left:10px;}.kadence-column637_a930cf-3a > .kt-inside-inner-col,.kadence-column637_a930cf-3a > .kt-inside-inner-col:before{border-top-left-radius:0px;border-top-right-radius:0px;border-bottom-right-radius:0px;border-bottom-left-radius:0px;}.kadence-column637_a930cf-3a > .kt-inside-inner-col{column-gap:var(--global-kb-gap-sm, 1rem);}.kadence-column637_a930cf-3a > .kt-inside-inner-col{flex-direction:column;}.kadence-column637_a930cf-3a > .kt-inside-inner-col > .aligncenter{width:100%;}.kadence-column637_a930cf-3a > .kt-inside-inner-col:before{opacity:0.3;}.kadence-column637_a930cf-3a{position:relative;}@media all and (max-width: 1024px){.kadence-column637_a930cf-3a > .kt-inside-inner-col{flex-direction:column;justify-content:center;}}@media all and (max-width: 767px){.kadence-column637_a930cf-3a > .kt-inside-inner-col{flex-direction:column;justify-content:center;}}<\/style>\n<div class=\"wp-block-kadence-column kadence-column637_a930cf-3a\"><div class=\"kt-inside-inner-col\"><style>.kb-image637_5526f0-27 .kb-image-has-overlay:after{opacity:0.3;}<\/style>\n<figure class=\"wp-block-kadence-image kb-image637_5526f0-27 size-large kb-image-is-ratio-size\"><div class=\"kb-is-ratio-image kb-image-ratio-port34\"><img loading=\"lazy\" decoding=\"async\" width=\"768\" height=\"1024\" src=\"https:\/\/eightandargot.com\/wp-content\/uploads\/2024\/02\/AGNETA-2-768x1024.jpg\" alt=\"\" class=\"kb-img wp-image-3225\" srcset=\"https:\/\/eightandargot.com\/wp-content\/uploads\/2024\/02\/AGNETA-2-768x1024.jpg 768w, https:\/\/eightandargot.com\/wp-content\/uploads\/2024\/02\/AGNETA-2-225x300.jpg 225w, https:\/\/eightandargot.com\/wp-content\/uploads\/2024\/02\/AGNETA-2-1152x1536.jpg 1152w, https:\/\/eightandargot.com\/wp-content\/uploads\/2024\/02\/AGNETA-2-1536x2048.jpg 1536w, https:\/\/eightandargot.com\/wp-content\/uploads\/2024\/02\/AGNETA-2-9x12.jpg 9w, https:\/\/eightandargot.com\/wp-content\/uploads\/2024\/02\/AGNETA-2.jpg 1658w\" sizes=\"auto, (max-width: 768px) 100vw, 768px\" \/><\/div><\/figure>\n<\/div><\/div>\n\n<\/div><\/div>","protected":false},"excerpt":{"rendered":"<p>Show your true colors and express your unique self with the AGNETA style. Handcrafted in Spain, it boasts an unapologetic combination of leathers, colors, and textures: blue striped leather, green python-effect leather, and tan polished leather. Finished with adjustable double fastenings, adorned with chic tortoiseshell-style buckles.<\/p>\n<p><strong>What we love the most:<\/strong> So cool in every way! Perfect for elevating jeans and monochrome trousers with a very special touch.<\/p>","protected":false},"featured_media":927,"template":"","meta":{"_acf_changed":false,"_kad_blocks_custom_css":"","_kad_blocks_head_custom_js":"","_kad_blocks_body_custom_js":"","_kad_blocks_footer_custom_js":"","_kadence_starter_templates_imported_post":false,"_kad_post_transparent":"default","_kad_post_title":"","_kad_post_layout":"default","_kad_post_sidebar_id":"","_kad_post_content_style":"default","_kad_post_vertical_padding":"default","_kad_post_feature":"","_kad_post_feature_position":"","_kad_post_header":false,"_kad_post_footer":false},"product_brand":[],"product_cat":[15],"product_tag":[],"labels":[74],"class_list":{"0":"post-637","1":"product","2":"type-product","3":"status-publish","4":"has-post-thumbnail","6":"product_cat-oxfords-derbies-monk-straps","7":"labels-ultimos-pares","9":"first","10":"instock","11":"taxable","12":"shipping-taxable","13":"purchasable","14":"product-type-variable","15":"entry","16":"content-bg","17":"loop-entry"},"acf":[],"yoast_head":"<!-- This site is optimized with the Yoast SEO plugin v25.5 - https:\/\/yoast.com\/wordpress\/plugins\/seo\/ -->\n<title>AGNETA monk straps - EIGHT &amp; ARG\u00d4T<\/title>\n<meta name=\"robots\" content=\"index, follow, max-snippet:-1, max-image-preview:large, max-video-preview:-1\" \/>\n<link rel=\"canonical\" href=\"https:\/\/eightandargot.com\/en\/product\/agneta-monk-straps\/\" \/>\n<meta property=\"og:locale\" content=\"en_GB\" \/>\n<meta property=\"og:type\" content=\"article\" \/>\n<meta property=\"og:title\" content=\"AGNETA monk straps - EIGHT &amp; ARG\u00d4T\" \/>\n<meta property=\"og:description\" content=\"El modelo AGNETA est\u00e1 elaborado artesanalmente en Espa\u00f1a, en una ins\u00f3lita combinaci\u00f3n de pieles, colores y texturas. Doble hebilla estilo carey, regulables para una buena sujeci\u00f3n. Lo que m\u00e1s nos gusta: Una mezcla sin complejos que moderniza la tradici\u00f3n. Colores y estampados ideales para realzar con un toque muy especial jeans y pantalones monocolor.\" \/>\n<meta property=\"og:url\" content=\"https:\/\/eightandargot.com\/en\/product\/agneta-monk-straps\/\" \/>\n<meta property=\"og:site_name\" content=\"EIGHT &amp; ARG\u00d4T\" \/>\n<meta property=\"article:modified_time\" content=\"2025-05-06T04:04:22+00:00\" \/>\n<meta property=\"og:image\" content=\"https:\/\/eightandargot.com\/wp-content\/uploads\/2023\/10\/AGNETA-1.jpg\" \/>\n\t<meta property=\"og:image:width\" content=\"1854\" \/>\n\t<meta property=\"og:image:height\" content=\"2471\" \/>\n\t<meta property=\"og:image:type\" content=\"image\/jpeg\" \/>\n<meta name=\"twitter:card\" content=\"summary_large_image\" \/>\n<meta name=\"twitter:label1\" content=\"Estimated reading time\" \/>\n\t<meta name=\"twitter:data1\" content=\"2 minutes\" \/>\n<script type=\"application\/ld+json\" class=\"yoast-schema-graph\">{\"@context\":\"https:\/\/schema.org\",\"@graph\":[{\"@type\":\"WebPage\",\"@id\":\"https:\/\/eightandargot.com\/producto\/agneta-monk-straps\/\",\"url\":\"https:\/\/eightandargot.com\/producto\/agneta-monk-straps\/\",\"name\":\"AGNETA monk straps - EIGHT &amp; ARG\u00d4T\",\"isPartOf\":{\"@id\":\"https:\/\/eightandargot.com\/#website\"},\"primaryImageOfPage\":{\"@id\":\"https:\/\/eightandargot.com\/producto\/agneta-monk-straps\/#primaryimage\"},\"image\":{\"@id\":\"https:\/\/eightandargot.com\/producto\/agneta-monk-straps\/#primaryimage\"},\"thumbnailUrl\":\"https:\/\/eightandargot.com\/wp-content\/uploads\/2023\/10\/AGNETA-1.jpg\",\"datePublished\":\"2023-10-18T06:41:15+00:00\",\"dateModified\":\"2025-05-06T04:04:22+00:00\",\"breadcrumb\":{\"@id\":\"https:\/\/eightandargot.com\/producto\/agneta-monk-straps\/#breadcrumb\"},\"inLanguage\":\"en-GB\",\"potentialAction\":[{\"@type\":\"ReadAction\",\"target\":[\"https:\/\/eightandargot.com\/producto\/agneta-monk-straps\/\"]}]},{\"@type\":\"ImageObject\",\"inLanguage\":\"en-GB\",\"@id\":\"https:\/\/eightandargot.com\/producto\/agneta-monk-straps\/#primaryimage\",\"url\":\"https:\/\/eightandargot.com\/wp-content\/uploads\/2023\/10\/AGNETA-1.jpg\",\"contentUrl\":\"https:\/\/eightandargot.com\/wp-content\/uploads\/2023\/10\/AGNETA-1.jpg\",\"width\":1854,\"height\":2471},{\"@type\":\"BreadcrumbList\",\"@id\":\"https:\/\/eightandargot.com\/producto\/agneta-monk-straps\/#breadcrumb\",\"itemListElement\":[{\"@type\":\"ListItem\",\"position\":1,\"name\":\"Portada\",\"item\":\"https:\/\/eightandargot.com\/\"},{\"@type\":\"ListItem\",\"position\":2,\"name\":\"Shop\",\"item\":\"https:\/\/eightandargot.com\/shop\/\"},{\"@type\":\"ListItem\",\"position\":3,\"name\":\"AGNETA monk straps\"}]},{\"@type\":\"WebSite\",\"@id\":\"https:\/\/eightandargot.com\/#website\",\"url\":\"https:\/\/eightandargot.com\/\",\"name\":\"EIGHT &amp; ARG\u00d4T\",\"description\":\"Boutique Online\",\"publisher\":{\"@id\":\"https:\/\/eightandargot.com\/#organization\"},\"potentialAction\":[{\"@type\":\"SearchAction\",\"target\":{\"@type\":\"EntryPoint\",\"urlTemplate\":\"https:\/\/eightandargot.com\/?s={search_term_string}\"},\"query-input\":{\"@type\":\"PropertyValueSpecification\",\"valueRequired\":true,\"valueName\":\"search_term_string\"}}],\"inLanguage\":\"en-GB\"},{\"@type\":\"Organization\",\"@id\":\"https:\/\/eightandargot.com\/#organization\",\"name\":\"EIGHT &amp; ARG\u00d4T\",\"url\":\"https:\/\/eightandargot.com\/\",\"logo\":{\"@type\":\"ImageObject\",\"inLanguage\":\"en-GB\",\"@id\":\"https:\/\/eightandargot.com\/#\/schema\/logo\/image\/\",\"url\":\"https:\/\/eightandargot.com\/wp-content\/uploads\/2023\/10\/logo-1.png\",\"contentUrl\":\"https:\/\/eightandargot.com\/wp-content\/uploads\/2023\/10\/logo-1.png\",\"width\":1068,\"height\":128,\"caption\":\"EIGHT &amp; ARG\u00d4T\"},\"image\":{\"@id\":\"https:\/\/eightandargot.com\/#\/schema\/logo\/image\/\"}}]}<\/script>\n<!-- \/ Yoast SEO plugin. -->","yoast_head_json":{"title":"AGNETA monk straps - EIGHT &amp; ARG\u00d4T","robots":{"index":"index","follow":"follow","max-snippet":"max-snippet:-1","max-image-preview":"max-image-preview:large","max-video-preview":"max-video-preview:-1"},"canonical":"https:\/\/eightandargot.com\/en\/product\/agneta-monk-straps\/","og_locale":"en_GB","og_type":"article","og_title":"AGNETA monk straps - EIGHT &amp; ARG\u00d4T","og_description":"El modelo AGNETA est\u00e1 elaborado artesanalmente en Espa\u00f1a, en una ins\u00f3lita combinaci\u00f3n de pieles, colores y texturas. Doble hebilla estilo carey, regulables para una buena sujeci\u00f3n. Lo que m\u00e1s nos gusta: Una mezcla sin complejos que moderniza la tradici\u00f3n. Colores y estampados ideales para realzar con un toque muy especial jeans y pantalones monocolor.","og_url":"https:\/\/eightandargot.com\/en\/product\/agneta-monk-straps\/","og_site_name":"EIGHT &amp; ARG\u00d4T","article_modified_time":"2025-05-06T04:04:22+00:00","og_image":[{"width":1854,"height":2471,"url":"https:\/\/eightandargot.com\/wp-content\/uploads\/2023\/10\/AGNETA-1.jpg","type":"image\/jpeg"}],"twitter_card":"summary_large_image","twitter_misc":{"Estimated reading time":"2 minutes"},"schema":{"@context":"https:\/\/schema.org","@graph":[{"@type":"WebPage","@id":"https:\/\/eightandargot.com\/producto\/agneta-monk-straps\/","url":"https:\/\/eightandargot.com\/producto\/agneta-monk-straps\/","name":"AGNETA monk straps - EIGHT &amp; ARG\u00d4T","isPartOf":{"@id":"https:\/\/eightandargot.com\/#website"},"primaryImageOfPage":{"@id":"https:\/\/eightandargot.com\/producto\/agneta-monk-straps\/#primaryimage"},"image":{"@id":"https:\/\/eightandargot.com\/producto\/agneta-monk-straps\/#primaryimage"},"thumbnailUrl":"https:\/\/eightandargot.com\/wp-content\/uploads\/2023\/10\/AGNETA-1.jpg","datePublished":"2023-10-18T06:41:15+00:00","dateModified":"2025-05-06T04:04:22+00:00","breadcrumb":{"@id":"https:\/\/eightandargot.com\/producto\/agneta-monk-straps\/#breadcrumb"},"inLanguage":"en-GB","potentialAction":[{"@type":"ReadAction","target":["https:\/\/eightandargot.com\/producto\/agneta-monk-straps\/"]}]},{"@type":"ImageObject","inLanguage":"en-GB","@id":"https:\/\/eightandargot.com\/producto\/agneta-monk-straps\/#primaryimage","url":"https:\/\/eightandargot.com\/wp-content\/uploads\/2023\/10\/AGNETA-1.jpg","contentUrl":"https:\/\/eightandargot.com\/wp-content\/uploads\/2023\/10\/AGNETA-1.jpg","width":1854,"height":2471},{"@type":"BreadcrumbList","@id":"https:\/\/eightandargot.com\/producto\/agneta-monk-straps\/#breadcrumb","itemListElement":[{"@type":"ListItem","position":1,"name":"Portada","item":"https:\/\/eightandargot.com\/"},{"@type":"ListItem","position":2,"name":"Shop","item":"https:\/\/eightandargot.com\/shop\/"},{"@type":"ListItem","position":3,"name":"AGNETA monk straps"}]},{"@type":"WebSite","@id":"https:\/\/eightandargot.com\/#website","url":"https:\/\/eightandargot.com\/","name":"EIGHT &amp; ARG\u00d4T","description":"Boutique Online","publisher":{"@id":"https:\/\/eightandargot.com\/#organization"},"potentialAction":[{"@type":"SearchAction","target":{"@type":"EntryPoint","urlTemplate":"https:\/\/eightandargot.com\/?s={search_term_string}"},"query-input":{"@type":"PropertyValueSpecification","valueRequired":true,"valueName":"search_term_string"}}],"inLanguage":"en-GB"},{"@type":"Organization","@id":"https:\/\/eightandargot.com\/#organization","name":"EIGHT &amp; ARG\u00d4T","url":"https:\/\/eightandargot.com\/","logo":{"@type":"ImageObject","inLanguage":"en-GB","@id":"https:\/\/eightandargot.com\/#\/schema\/logo\/image\/","url":"https:\/\/eightandargot.com\/wp-content\/uploads\/2023\/10\/logo-1.png","contentUrl":"https:\/\/eightandargot.com\/wp-content\/uploads\/2023\/10\/logo-1.png","width":1068,"height":128,"caption":"EIGHT &amp; ARG\u00d4T"},"image":{"@id":"https:\/\/eightandargot.com\/#\/schema\/logo\/image\/"}}]}},"taxonomy_info":{"product_cat":[{"value":15,"label":"Oxfords | Derbies | Monks"}],"labels":[{"value":74,"label":"\u00daLTIMOS PARES"}]},"featured_image_src_large":["https:\/\/eightandargot.com\/wp-content\/uploads\/2023\/10\/AGNETA-1-768x1024.jpg",768,1024,true],"author_info":[],"comment_info":"","_links":{"self":[{"href":"https:\/\/eightandargot.com\/en\/wp-json\/wp\/v2\/product\/637","targetHints":{"allow":["GET"]}}],"collection":[{"href":"https:\/\/eightandargot.com\/en\/wp-json\/wp\/v2\/product"}],"about":[{"href":"https:\/\/eightandargot.com\/en\/wp-json\/wp\/v2\/types\/product"}],"wp:featuredmedia":[{"embeddable":true,"href":"https:\/\/eightandargot.com\/en\/wp-json\/wp\/v2\/media\/927"}],"wp:attachment":[{"href":"https:\/\/eightandargot.com\/en\/wp-json\/wp\/v2\/media?parent=637"}],"wp:term":[{"taxonomy":"product_brand","embeddable":true,"href":"https:\/\/eightandargot.com\/en\/wp-json\/wp\/v2\/product_brand?post=637"},{"taxonomy":"product_cat","embeddable":true,"href":"https:\/\/eightandargot.com\/en\/wp-json\/wp\/v2\/product_cat?post=637"},{"taxonomy":"product_tag","embeddable":true,"href":"https:\/\/eightandargot.com\/en\/wp-json\/wp\/v2\/product_tag?post=637"},{"taxonomy":"labels","embeddable":true,"href":"https:\/\/eightandargot.com\/en\/wp-json\/wp\/v2\/labels?post=637"}],"curies":[{"name":"wp","href":"https:\/\/api.w.org\/{rel}","templated":true}]}}