{"id":638,"date":"2023-10-18T06:42:17","date_gmt":"2023-10-18T06:42:17","guid":{"rendered":"http:\/\/eightandargot.com\/?post_type=product&#038;p=638"},"modified":"2025-04-20T15:51:15","modified_gmt":"2025-04-20T13:51:15","slug":"arlet-monk-straps","status":"publish","type":"product","link":"https:\/\/eightandargot.com\/en\/product\/arlet-monk-straps\/","title":{"rendered":"ARLET monk straps"},"content":{"rendered":"<style>.kb-row-layout-id638_506a9e-d8 > .kt-row-column-wrap{align-content:start;}:where(.kb-row-layout-id638_506a9e-d8 > .kt-row-column-wrap) > .wp-block-kadence-column{justify-content:start;}.kb-row-layout-id638_506a9e-d8 > .kt-row-column-wrap{column-gap:var(--global-kb-gap-none, 0rem );row-gap:var(--global-kb-gap-none, 0rem );padding-top:0px;padding-right:0px;padding-bottom:0px;padding-left:0px;grid-template-columns:repeat(2, minmax(0, 1fr));}.kb-row-layout-id638_506a9e-d8 > .kt-row-layout-overlay{opacity:0.30;}@media all and (max-width: 1024px){.kb-row-layout-id638_506a9e-d8 > .kt-row-column-wrap{grid-template-columns:repeat(2, minmax(0, 1fr));}}@media all and (max-width: 767px){.kb-row-layout-id638_506a9e-d8 > .kt-row-column-wrap{grid-template-columns:repeat(2, minmax(0, 1fr));}}<\/style><div class=\"kb-row-layout-wrap kb-row-layout-id638_506a9e-d8 alignnone wp-block-kadence-rowlayout\"><div class=\"kt-row-column-wrap kt-has-2-columns kt-row-layout-equal kt-tab-layout-inherit kt-mobile-layout-equal kt-row-valign-top\">\n<style>.kadence-column638_1989c8-dd > .kt-inside-inner-col{padding-top:10px;padding-right:10px;padding-bottom:10px;padding-left:10px;}.kadence-column638_1989c8-dd > .kt-inside-inner-col,.kadence-column638_1989c8-dd > .kt-inside-inner-col:before{border-top-left-radius:0px;border-top-right-radius:0px;border-bottom-right-radius:0px;border-bottom-left-radius:0px;}.kadence-column638_1989c8-dd > .kt-inside-inner-col{column-gap:var(--global-kb-gap-sm, 1rem);}.kadence-column638_1989c8-dd > .kt-inside-inner-col{flex-direction:column;}.kadence-column638_1989c8-dd > .kt-inside-inner-col > .aligncenter{width:100%;}.kadence-column638_1989c8-dd > .kt-inside-inner-col:before{opacity:0.3;}.kadence-column638_1989c8-dd{position:relative;}@media all and (max-width: 1024px){.kadence-column638_1989c8-dd > .kt-inside-inner-col{flex-direction:column;justify-content:center;}}@media all and (max-width: 767px){.kadence-column638_1989c8-dd > .kt-inside-inner-col{flex-direction:column;justify-content:center;}}<\/style>\n<div class=\"wp-block-kadence-column kadence-column638_1989c8-dd\"><div class=\"kt-inside-inner-col\"><style>.kb-image638_3863d6-b8 .kb-image-has-overlay:after{opacity:0.3;}<\/style>\n<figure class=\"wp-block-kadence-image kb-image638_3863d6-b8 size-large kb-image-is-ratio-size\"><div class=\"kb-is-ratio-image kb-image-ratio-port34\"><img loading=\"lazy\" decoding=\"async\" width=\"832\" height=\"1024\" src=\"https:\/\/eightandargot.com\/wp-content\/uploads\/2024\/02\/ARLET-1edit-832x1024.jpg\" alt=\"\" class=\"kb-img wp-image-3269\" srcset=\"https:\/\/eightandargot.com\/wp-content\/uploads\/2024\/02\/ARLET-1edit-832x1024.jpg 832w, https:\/\/eightandargot.com\/wp-content\/uploads\/2024\/02\/ARLET-1edit-244x300.jpg 244w, https:\/\/eightandargot.com\/wp-content\/uploads\/2024\/02\/ARLET-1edit-768x945.jpg 768w, https:\/\/eightandargot.com\/wp-content\/uploads\/2024\/02\/ARLET-1edit-1248x1536.jpg 1248w, https:\/\/eightandargot.com\/wp-content\/uploads\/2024\/02\/ARLET-1edit-1664x2048.jpg 1664w, https:\/\/eightandargot.com\/wp-content\/uploads\/2024\/02\/ARLET-1edit-10x12.jpg 10w, https:\/\/eightandargot.com\/wp-content\/uploads\/2024\/02\/ARLET-1edit.jpg 1837w\" sizes=\"auto, (max-width: 832px) 100vw, 832px\" \/><\/div><\/figure>\n<\/div><\/div>\n\n\n<style>.kadence-column638_18a782-c2 > .kt-inside-inner-col{padding-top:10px;padding-right:10px;padding-bottom:10px;padding-left:10px;}.kadence-column638_18a782-c2 > .kt-inside-inner-col,.kadence-column638_18a782-c2 > .kt-inside-inner-col:before{border-top-left-radius:0px;border-top-right-radius:0px;border-bottom-right-radius:0px;border-bottom-left-radius:0px;}.kadence-column638_18a782-c2 > .kt-inside-inner-col{column-gap:var(--global-kb-gap-sm, 1rem);}.kadence-column638_18a782-c2 > .kt-inside-inner-col{flex-direction:column;}.kadence-column638_18a782-c2 > .kt-inside-inner-col > .aligncenter{width:100%;}.kadence-column638_18a782-c2 > .kt-inside-inner-col:before{opacity:0.3;}.kadence-column638_18a782-c2{position:relative;}@media all and (max-width: 1024px){.kadence-column638_18a782-c2 > .kt-inside-inner-col{flex-direction:column;justify-content:center;}}@media all and (max-width: 767px){.kadence-column638_18a782-c2 > .kt-inside-inner-col{flex-direction:column;justify-content:center;}}<\/style>\n<div class=\"wp-block-kadence-column kadence-column638_18a782-c2\"><div class=\"kt-inside-inner-col\"><style>.kb-image638_ac947d-19 .kb-image-has-overlay:after{opacity:0.3;}<\/style>\n<figure class=\"wp-block-kadence-image kb-image638_ac947d-19 size-large kb-image-is-ratio-size\"><div class=\"kb-is-ratio-image kb-image-ratio-port34\"><img loading=\"lazy\" decoding=\"async\" width=\"820\" height=\"1024\" src=\"https:\/\/eightandargot.com\/wp-content\/uploads\/2024\/02\/ARLET-2edit-820x1024.jpg\" alt=\"\" class=\"kb-img wp-image-3270\" srcset=\"https:\/\/eightandargot.com\/wp-content\/uploads\/2024\/02\/ARLET-2edit-820x1024.jpg 820w, https:\/\/eightandargot.com\/wp-content\/uploads\/2024\/02\/ARLET-2edit-240x300.jpg 240w, https:\/\/eightandargot.com\/wp-content\/uploads\/2024\/02\/ARLET-2edit-768x959.jpg 768w, https:\/\/eightandargot.com\/wp-content\/uploads\/2024\/02\/ARLET-2edit-1230x1536.jpg 1230w, https:\/\/eightandargot.com\/wp-content\/uploads\/2024\/02\/ARLET-2edit-1640x2048.jpg 1640w, https:\/\/eightandargot.com\/wp-content\/uploads\/2024\/02\/ARLET-2edit-10x12.jpg 10w, https:\/\/eightandargot.com\/wp-content\/uploads\/2024\/02\/ARLET-2edit-400x500.jpg 400w, https:\/\/eightandargot.com\/wp-content\/uploads\/2024\/02\/ARLET-2edit.jpg 1875w\" sizes=\"auto, (max-width: 820px) 100vw, 820px\" \/><\/div><\/figure>\n<\/div><\/div>\n\n<\/div><\/div>\n\n<style>.kb-row-layout-id638_058031-df > .kt-row-column-wrap{align-content:start;}:where(.kb-row-layout-id638_058031-df > .kt-row-column-wrap) > .wp-block-kadence-column{justify-content:start;}.kb-row-layout-id638_058031-df > .kt-row-column-wrap{column-gap:var(--global-kb-gap-none, 0rem );row-gap:var(--global-kb-gap-none, 0rem );padding-top:0px;padding-right:0px;padding-bottom:0px;padding-left:0px;grid-template-columns:minmax(0, 1fr);}.kb-row-layout-id638_058031-df > .kt-row-layout-overlay{opacity:0.30;}@media all and (max-width: 1024px){.kb-row-layout-id638_058031-df > .kt-row-column-wrap{grid-template-columns:minmax(0, 1fr);}}@media all and (max-width: 767px){.kb-row-layout-id638_058031-df > .kt-row-column-wrap{grid-template-columns:minmax(0, 1fr);}}<\/style><div class=\"kb-row-layout-wrap kb-row-layout-id638_058031-df alignnone wp-block-kadence-rowlayout\"><div class=\"kt-row-column-wrap kt-has-1-columns kt-row-layout-equal kt-tab-layout-inherit kt-mobile-layout-row kt-row-valign-top\">\n<style>.kadence-column638_6fc75b-fe > .kt-inside-inner-col{padding-top:10px;padding-right:10px;padding-bottom:10px;padding-left:10px;}.kadence-column638_6fc75b-fe > .kt-inside-inner-col,.kadence-column638_6fc75b-fe > .kt-inside-inner-col:before{border-top-left-radius:0px;border-top-right-radius:0px;border-bottom-right-radius:0px;border-bottom-left-radius:0px;}.kadence-column638_6fc75b-fe > .kt-inside-inner-col{column-gap:var(--global-kb-gap-sm, 1rem);}.kadence-column638_6fc75b-fe > .kt-inside-inner-col{flex-direction:column;}.kadence-column638_6fc75b-fe > .kt-inside-inner-col > .aligncenter{width:100%;}.kadence-column638_6fc75b-fe > .kt-inside-inner-col:before{opacity:0.3;}.kadence-column638_6fc75b-fe{position:relative;}@media all and (max-width: 1024px){.kadence-column638_6fc75b-fe > .kt-inside-inner-col{flex-direction:column;justify-content:center;}}@media all and (max-width: 767px){.kadence-column638_6fc75b-fe > .kt-inside-inner-col{flex-direction:column;justify-content:center;}}<\/style>\n<div class=\"wp-block-kadence-column kadence-column638_6fc75b-fe\"><div class=\"kt-inside-inner-col\"><style>.kb-image638_2c073a-36 .kb-image-has-overlay:after{opacity:0.3;}<\/style>\n<figure class=\"wp-block-kadence-image kb-image638_2c073a-36 size-full kb-image-is-ratio-size\"><div class=\"kb-is-ratio-image kb-image-ratio-port34\"><img loading=\"lazy\" decoding=\"async\" width=\"1686\" height=\"1988\" src=\"https:\/\/eightandargot.com\/wp-content\/uploads\/2024\/02\/ARLET-4edit.jpg\" alt=\"\" class=\"kb-img wp-image-3267\" srcset=\"https:\/\/eightandargot.com\/wp-content\/uploads\/2024\/02\/ARLET-4edit.jpg 1686w, https:\/\/eightandargot.com\/wp-content\/uploads\/2024\/02\/ARLET-4edit-254x300.jpg 254w, https:\/\/eightandargot.com\/wp-content\/uploads\/2024\/02\/ARLET-4edit-868x1024.jpg 868w, https:\/\/eightandargot.com\/wp-content\/uploads\/2024\/02\/ARLET-4edit-768x906.jpg 768w, https:\/\/eightandargot.com\/wp-content\/uploads\/2024\/02\/ARLET-4edit-1303x1536.jpg 1303w, https:\/\/eightandargot.com\/wp-content\/uploads\/2024\/02\/ARLET-4edit-10x12.jpg 10w\" sizes=\"auto, (max-width: 1686px) 100vw, 1686px\" \/><\/div><\/figure>\n\n\n<style>.kb-image638_6d19b3-49 .kb-image-has-overlay:after{opacity:0.3;}<\/style>\n<figure class=\"wp-block-kadence-image kb-image638_6d19b3-49 size-full kb-image-is-ratio-size\"><div class=\"kb-is-ratio-image kb-image-ratio-land21\"><img loading=\"lazy\" decoding=\"async\" width=\"1766\" height=\"2355\" src=\"https:\/\/eightandargot.com\/wp-content\/uploads\/2023\/10\/ARLET-3.jpg\" alt=\"\" class=\"kb-img wp-image-936\" srcset=\"https:\/\/eightandargot.com\/wp-content\/uploads\/2023\/10\/ARLET-3.jpg 1766w, https:\/\/eightandargot.com\/wp-content\/uploads\/2023\/10\/ARLET-3-225x300.jpg 225w, https:\/\/eightandargot.com\/wp-content\/uploads\/2023\/10\/ARLET-3-768x1024.jpg 768w, https:\/\/eightandargot.com\/wp-content\/uploads\/2023\/10\/ARLET-3-1152x1536.jpg 1152w, https:\/\/eightandargot.com\/wp-content\/uploads\/2023\/10\/ARLET-3-1536x2048.jpg 1536w\" sizes=\"auto, (max-width: 1766px) 100vw, 1766px\" \/><\/div><\/figure>\n<\/div><\/div>\n\n<\/div><\/div>\n\n<style>.kb-row-layout-id638_8c405d-13 > .kt-row-column-wrap{align-content:start;}:where(.kb-row-layout-id638_8c405d-13 > .kt-row-column-wrap) > .wp-block-kadence-column{justify-content:start;}.kb-row-layout-id638_8c405d-13 > .kt-row-column-wrap{column-gap:var(--global-kb-gap-none, 0rem );row-gap:var(--global-kb-gap-none, 0rem );padding-top:0px;padding-right:0px;padding-bottom:0px;padding-left:0px;grid-template-columns:repeat(2, minmax(0, 1fr));}.kb-row-layout-id638_8c405d-13 > .kt-row-layout-overlay{opacity:0.30;}@media all and (max-width: 1024px){.kb-row-layout-id638_8c405d-13 > .kt-row-column-wrap{grid-template-columns:repeat(2, minmax(0, 1fr));}}@media all and (max-width: 767px){.kb-row-layout-id638_8c405d-13 > .kt-row-column-wrap{grid-template-columns:repeat(2, minmax(0, 1fr));}}<\/style><div class=\"kb-row-layout-wrap kb-row-layout-id638_8c405d-13 alignnone wp-block-kadence-rowlayout\"><div class=\"kt-row-column-wrap kt-has-2-columns kt-row-layout-equal kt-tab-layout-inherit kt-mobile-layout-equal kt-row-valign-top\">\n<style>.kadence-column638_2c8d79-91 > .kt-inside-inner-col{padding-top:10px;padding-right:10px;padding-bottom:10px;padding-left:10px;}.kadence-column638_2c8d79-91 > .kt-inside-inner-col,.kadence-column638_2c8d79-91 > .kt-inside-inner-col:before{border-top-left-radius:0px;border-top-right-radius:0px;border-bottom-right-radius:0px;border-bottom-left-radius:0px;}.kadence-column638_2c8d79-91 > .kt-inside-inner-col{column-gap:var(--global-kb-gap-sm, 1rem);}.kadence-column638_2c8d79-91 > .kt-inside-inner-col{flex-direction:column;}.kadence-column638_2c8d79-91 > .kt-inside-inner-col > .aligncenter{width:100%;}.kadence-column638_2c8d79-91 > .kt-inside-inner-col:before{opacity:0.3;}.kadence-column638_2c8d79-91{position:relative;}@media all and (max-width: 1024px){.kadence-column638_2c8d79-91 > .kt-inside-inner-col{flex-direction:column;justify-content:center;}}@media all and (max-width: 767px){.kadence-column638_2c8d79-91 > .kt-inside-inner-col{flex-direction:column;justify-content:center;}}<\/style>\n<div class=\"wp-block-kadence-column kadence-column638_2c8d79-91\"><div class=\"kt-inside-inner-col\"><style>.kb-image638_17cbb5-cc .kb-image-has-overlay:after{opacity:0.3;}<\/style>\n<figure class=\"wp-block-kadence-image kb-image638_17cbb5-cc size-full kb-image-is-ratio-size\"><div class=\"kb-is-ratio-image kb-image-ratio-square\"><img loading=\"lazy\" decoding=\"async\" width=\"885\" height=\"904\" src=\"https:\/\/eightandargot.com\/wp-content\/uploads\/2023\/10\/ARLET-6.jpg\" alt=\"\" class=\"kb-img wp-image-935\" srcset=\"https:\/\/eightandargot.com\/wp-content\/uploads\/2023\/10\/ARLET-6.jpg 885w, https:\/\/eightandargot.com\/wp-content\/uploads\/2023\/10\/ARLET-6-294x300.jpg 294w, https:\/\/eightandargot.com\/wp-content\/uploads\/2023\/10\/ARLET-6-768x784.jpg 768w\" sizes=\"auto, (max-width: 885px) 100vw, 885px\" \/><\/div><\/figure>\n<\/div><\/div>\n\n\n<style>.kadence-column638_7844b6-aa > .kt-inside-inner-col{padding-top:10px;padding-right:10px;padding-bottom:10px;padding-left:10px;}.kadence-column638_7844b6-aa > .kt-inside-inner-col,.kadence-column638_7844b6-aa > .kt-inside-inner-col:before{border-top-left-radius:0px;border-top-right-radius:0px;border-bottom-right-radius:0px;border-bottom-left-radius:0px;}.kadence-column638_7844b6-aa > .kt-inside-inner-col{column-gap:var(--global-kb-gap-sm, 1rem);}.kadence-column638_7844b6-aa > .kt-inside-inner-col{flex-direction:column;}.kadence-column638_7844b6-aa > .kt-inside-inner-col > .aligncenter{width:100%;}.kadence-column638_7844b6-aa > .kt-inside-inner-col:before{opacity:0.3;}.kadence-column638_7844b6-aa{position:relative;}@media all and (max-width: 1024px){.kadence-column638_7844b6-aa > .kt-inside-inner-col{flex-direction:column;justify-content:center;}}@media all and (max-width: 767px){.kadence-column638_7844b6-aa > .kt-inside-inner-col{flex-direction:column;justify-content:center;}}<\/style>\n<div class=\"wp-block-kadence-column kadence-column638_7844b6-aa\"><div class=\"kt-inside-inner-col\"><style>.kb-image638_55aee2-3f .kb-image-has-overlay:after{opacity:0.3;}<\/style>\n<figure class=\"wp-block-kadence-image kb-image638_55aee2-3f size-large kb-image-is-ratio-size\"><div class=\"kb-is-ratio-image kb-image-ratio-square\"><img loading=\"lazy\" decoding=\"async\" width=\"1024\" height=\"768\" src=\"https:\/\/eightandargot.com\/wp-content\/uploads\/2023\/10\/ARLET-5-1024x768.jpg\" alt=\"\" class=\"kb-img wp-image-934\" srcset=\"https:\/\/eightandargot.com\/wp-content\/uploads\/2023\/10\/ARLET-5-1024x768.jpg 1024w, https:\/\/eightandargot.com\/wp-content\/uploads\/2023\/10\/ARLET-5-300x225.jpg 300w, https:\/\/eightandargot.com\/wp-content\/uploads\/2023\/10\/ARLET-5-768x576.jpg 768w, https:\/\/eightandargot.com\/wp-content\/uploads\/2023\/10\/ARLET-5-1536x1152.jpg 1536w, https:\/\/eightandargot.com\/wp-content\/uploads\/2023\/10\/ARLET-5-2048x1536.jpg 2048w\" sizes=\"auto, (max-width: 1024px) 100vw, 1024px\" \/><\/div><\/figure>\n<\/div><\/div>\n\n<\/div><\/div>","protected":false},"excerpt":{"rendered":"<p>The ARLET style is handcrafted in Spain, combining mustard yellow suede with supple, hand-woven leathers. By minimizing cut seams and creating a mesh effect, its structure ensures remarkable contour flexibility and adapts beautifully to the most delicate and discerning feet, delivering exceptional comfort with every step. It features an adjustable double fastening adorned with chic tortoiseshell-style buckles.<\/p>\n<p><strong>What we love the most:<\/strong> A classic that stands the test of time, ready to be worn again and again, no matter the season. Its effortless elegance and versatility make it the ideal choice for any everyday occasion.<\/p>","protected":false},"featured_media":932,"template":"","meta":{"_acf_changed":true,"_kad_blocks_custom_css":"","_kad_blocks_head_custom_js":"","_kad_blocks_body_custom_js":"","_kad_blocks_footer_custom_js":"","_kadence_starter_templates_imported_post":false,"_kad_post_transparent":"default","_kad_post_title":"","_kad_post_layout":"default","_kad_post_sidebar_id":"","_kad_post_content_style":"default","_kad_post_vertical_padding":"default","_kad_post_feature":"","_kad_post_feature_position":"","_kad_post_header":false,"_kad_post_footer":false},"product_brand":[],"product_cat":[15],"product_tag":[],"labels":[],"class_list":{"0":"post-638","1":"product","2":"type-product","3":"status-publish","4":"has-post-thumbnail","6":"product_cat-oxfords-derbies-monk-straps","8":"first","9":"instock","10":"taxable","11":"shipping-taxable","12":"purchasable","13":"product-type-variable","14":"entry","15":"content-bg","16":"loop-entry"},"acf":[],"yoast_head":"<!-- This site is optimized with the Yoast SEO plugin v25.5 - https:\/\/yoast.com\/wordpress\/plugins\/seo\/ -->\n<title>ARLET monk straps - EIGHT &amp; ARG\u00d4T<\/title>\n<meta name=\"robots\" content=\"index, follow, max-snippet:-1, max-image-preview:large, max-video-preview:-1\" \/>\n<link rel=\"canonical\" href=\"https:\/\/eightandargot.com\/en\/product\/arlet-monk-straps\/\" \/>\n<meta property=\"og:locale\" content=\"en_GB\" \/>\n<meta property=\"og:type\" content=\"article\" \/>\n<meta property=\"og:title\" content=\"ARLET monk straps - EIGHT &amp; ARG\u00d4T\" \/>\n<meta property=\"og:description\" content=\"El modelo ARLET est\u00e1 elaborado artesanalmente en Espa\u00f1a, combinando ante color amarillo mostaza con pieles de tacto suave trenzadas a mano. Minimizando las costuras de corte y proporcionando un efecto malla, que aporta gran flexibilidad de contorno y adaptabibilidad a los pies m\u00e1s delicados y exigentes, para una comodidad \u00fanica en cada paso. Doble hebilla estilo carey, regulables para una buena sujeci\u00f3n. Lo que m\u00e1s nos gusta: Un cl\u00e1sico imperecedero para todo el a\u00f1o que quieres usar una y otra (y otra) vez. Su elegancia y versatilidad son aliados perfectos para cualquier ocasi\u00f3n diaria.\" \/>\n<meta property=\"og:url\" content=\"https:\/\/eightandargot.com\/en\/product\/arlet-monk-straps\/\" \/>\n<meta property=\"og:site_name\" content=\"EIGHT &amp; ARG\u00d4T\" \/>\n<meta property=\"article:modified_time\" content=\"2025-04-20T13:51:15+00:00\" \/>\n<meta property=\"og:image\" content=\"https:\/\/eightandargot.com\/wp-content\/uploads\/2023\/10\/ARLET-1.jpg\" \/>\n\t<meta property=\"og:image:width\" content=\"1837\" \/>\n\t<meta property=\"og:image:height\" content=\"2449\" \/>\n\t<meta property=\"og:image:type\" content=\"image\/jpeg\" \/>\n<meta name=\"twitter:card\" content=\"summary_large_image\" \/>\n<meta name=\"twitter:label1\" content=\"Estimated reading time\" \/>\n\t<meta name=\"twitter:data1\" content=\"2 minutes\" \/>\n<script type=\"application\/ld+json\" class=\"yoast-schema-graph\">{\"@context\":\"https:\/\/schema.org\",\"@graph\":[{\"@type\":\"WebPage\",\"@id\":\"https:\/\/eightandargot.com\/producto\/arlet-monk-straps\/\",\"url\":\"https:\/\/eightandargot.com\/producto\/arlet-monk-straps\/\",\"name\":\"ARLET monk straps - EIGHT &amp; ARG\u00d4T\",\"isPartOf\":{\"@id\":\"https:\/\/eightandargot.com\/#website\"},\"primaryImageOfPage\":{\"@id\":\"https:\/\/eightandargot.com\/producto\/arlet-monk-straps\/#primaryimage\"},\"image\":{\"@id\":\"https:\/\/eightandargot.com\/producto\/arlet-monk-straps\/#primaryimage\"},\"thumbnailUrl\":\"https:\/\/eightandargot.com\/wp-content\/uploads\/2023\/10\/ARLET-1.jpg\",\"datePublished\":\"2023-10-18T06:42:17+00:00\",\"dateModified\":\"2025-04-20T13:51:15+00:00\",\"breadcrumb\":{\"@id\":\"https:\/\/eightandargot.com\/producto\/arlet-monk-straps\/#breadcrumb\"},\"inLanguage\":\"en-GB\",\"potentialAction\":[{\"@type\":\"ReadAction\",\"target\":[\"https:\/\/eightandargot.com\/producto\/arlet-monk-straps\/\"]}]},{\"@type\":\"ImageObject\",\"inLanguage\":\"en-GB\",\"@id\":\"https:\/\/eightandargot.com\/producto\/arlet-monk-straps\/#primaryimage\",\"url\":\"https:\/\/eightandargot.com\/wp-content\/uploads\/2023\/10\/ARLET-1.jpg\",\"contentUrl\":\"https:\/\/eightandargot.com\/wp-content\/uploads\/2023\/10\/ARLET-1.jpg\",\"width\":1837,\"height\":2449},{\"@type\":\"BreadcrumbList\",\"@id\":\"https:\/\/eightandargot.com\/producto\/arlet-monk-straps\/#breadcrumb\",\"itemListElement\":[{\"@type\":\"ListItem\",\"position\":1,\"name\":\"Portada\",\"item\":\"https:\/\/eightandargot.com\/\"},{\"@type\":\"ListItem\",\"position\":2,\"name\":\"Shop\",\"item\":\"https:\/\/eightandargot.com\/shop\/\"},{\"@type\":\"ListItem\",\"position\":3,\"name\":\"ARLET monk straps\"}]},{\"@type\":\"WebSite\",\"@id\":\"https:\/\/eightandargot.com\/#website\",\"url\":\"https:\/\/eightandargot.com\/\",\"name\":\"EIGHT &amp; ARG\u00d4T\",\"description\":\"Boutique Online\",\"publisher\":{\"@id\":\"https:\/\/eightandargot.com\/#organization\"},\"potentialAction\":[{\"@type\":\"SearchAction\",\"target\":{\"@type\":\"EntryPoint\",\"urlTemplate\":\"https:\/\/eightandargot.com\/?s={search_term_string}\"},\"query-input\":{\"@type\":\"PropertyValueSpecification\",\"valueRequired\":true,\"valueName\":\"search_term_string\"}}],\"inLanguage\":\"en-GB\"},{\"@type\":\"Organization\",\"@id\":\"https:\/\/eightandargot.com\/#organization\",\"name\":\"EIGHT &amp; ARG\u00d4T\",\"url\":\"https:\/\/eightandargot.com\/\",\"logo\":{\"@type\":\"ImageObject\",\"inLanguage\":\"en-GB\",\"@id\":\"https:\/\/eightandargot.com\/#\/schema\/logo\/image\/\",\"url\":\"https:\/\/eightandargot.com\/wp-content\/uploads\/2023\/10\/logo-1.png\",\"contentUrl\":\"https:\/\/eightandargot.com\/wp-content\/uploads\/2023\/10\/logo-1.png\",\"width\":1068,\"height\":128,\"caption\":\"EIGHT &amp; ARG\u00d4T\"},\"image\":{\"@id\":\"https:\/\/eightandargot.com\/#\/schema\/logo\/image\/\"}}]}<\/script>\n<!-- \/ Yoast SEO plugin. -->","yoast_head_json":{"title":"ARLET monk straps - EIGHT &amp; ARG\u00d4T","robots":{"index":"index","follow":"follow","max-snippet":"max-snippet:-1","max-image-preview":"max-image-preview:large","max-video-preview":"max-video-preview:-1"},"canonical":"https:\/\/eightandargot.com\/en\/product\/arlet-monk-straps\/","og_locale":"en_GB","og_type":"article","og_title":"ARLET monk straps - EIGHT &amp; ARG\u00d4T","og_description":"El modelo ARLET est\u00e1 elaborado artesanalmente en Espa\u00f1a, combinando ante color amarillo mostaza con pieles de tacto suave trenzadas a mano. Minimizando las costuras de corte y proporcionando un efecto malla, que aporta gran flexibilidad de contorno y adaptabibilidad a los pies m\u00e1s delicados y exigentes, para una comodidad \u00fanica en cada paso. Doble hebilla estilo carey, regulables para una buena sujeci\u00f3n. Lo que m\u00e1s nos gusta: Un cl\u00e1sico imperecedero para todo el a\u00f1o que quieres usar una y otra (y otra) vez. Su elegancia y versatilidad son aliados perfectos para cualquier ocasi\u00f3n diaria.","og_url":"https:\/\/eightandargot.com\/en\/product\/arlet-monk-straps\/","og_site_name":"EIGHT &amp; ARG\u00d4T","article_modified_time":"2025-04-20T13:51:15+00:00","og_image":[{"width":1837,"height":2449,"url":"https:\/\/eightandargot.com\/wp-content\/uploads\/2023\/10\/ARLET-1.jpg","type":"image\/jpeg"}],"twitter_card":"summary_large_image","twitter_misc":{"Estimated reading time":"2 minutes"},"schema":{"@context":"https:\/\/schema.org","@graph":[{"@type":"WebPage","@id":"https:\/\/eightandargot.com\/producto\/arlet-monk-straps\/","url":"https:\/\/eightandargot.com\/producto\/arlet-monk-straps\/","name":"ARLET monk straps - EIGHT &amp; ARG\u00d4T","isPartOf":{"@id":"https:\/\/eightandargot.com\/#website"},"primaryImageOfPage":{"@id":"https:\/\/eightandargot.com\/producto\/arlet-monk-straps\/#primaryimage"},"image":{"@id":"https:\/\/eightandargot.com\/producto\/arlet-monk-straps\/#primaryimage"},"thumbnailUrl":"https:\/\/eightandargot.com\/wp-content\/uploads\/2023\/10\/ARLET-1.jpg","datePublished":"2023-10-18T06:42:17+00:00","dateModified":"2025-04-20T13:51:15+00:00","breadcrumb":{"@id":"https:\/\/eightandargot.com\/producto\/arlet-monk-straps\/#breadcrumb"},"inLanguage":"en-GB","potentialAction":[{"@type":"ReadAction","target":["https:\/\/eightandargot.com\/producto\/arlet-monk-straps\/"]}]},{"@type":"ImageObject","inLanguage":"en-GB","@id":"https:\/\/eightandargot.com\/producto\/arlet-monk-straps\/#primaryimage","url":"https:\/\/eightandargot.com\/wp-content\/uploads\/2023\/10\/ARLET-1.jpg","contentUrl":"https:\/\/eightandargot.com\/wp-content\/uploads\/2023\/10\/ARLET-1.jpg","width":1837,"height":2449},{"@type":"BreadcrumbList","@id":"https:\/\/eightandargot.com\/producto\/arlet-monk-straps\/#breadcrumb","itemListElement":[{"@type":"ListItem","position":1,"name":"Portada","item":"https:\/\/eightandargot.com\/"},{"@type":"ListItem","position":2,"name":"Shop","item":"https:\/\/eightandargot.com\/shop\/"},{"@type":"ListItem","position":3,"name":"ARLET monk straps"}]},{"@type":"WebSite","@id":"https:\/\/eightandargot.com\/#website","url":"https:\/\/eightandargot.com\/","name":"EIGHT &amp; ARG\u00d4T","description":"Boutique Online","publisher":{"@id":"https:\/\/eightandargot.com\/#organization"},"potentialAction":[{"@type":"SearchAction","target":{"@type":"EntryPoint","urlTemplate":"https:\/\/eightandargot.com\/?s={search_term_string}"},"query-input":{"@type":"PropertyValueSpecification","valueRequired":true,"valueName":"search_term_string"}}],"inLanguage":"en-GB"},{"@type":"Organization","@id":"https:\/\/eightandargot.com\/#organization","name":"EIGHT &amp; ARG\u00d4T","url":"https:\/\/eightandargot.com\/","logo":{"@type":"ImageObject","inLanguage":"en-GB","@id":"https:\/\/eightandargot.com\/#\/schema\/logo\/image\/","url":"https:\/\/eightandargot.com\/wp-content\/uploads\/2023\/10\/logo-1.png","contentUrl":"https:\/\/eightandargot.com\/wp-content\/uploads\/2023\/10\/logo-1.png","width":1068,"height":128,"caption":"EIGHT &amp; ARG\u00d4T"},"image":{"@id":"https:\/\/eightandargot.com\/#\/schema\/logo\/image\/"}}]}},"taxonomy_info":{"product_cat":[{"value":15,"label":"Oxfords | Derbies | Monks"}]},"featured_image_src_large":["https:\/\/eightandargot.com\/wp-content\/uploads\/2023\/10\/ARLET-1-768x1024.jpg",768,1024,true],"author_info":[],"comment_info":"","_links":{"self":[{"href":"https:\/\/eightandargot.com\/en\/wp-json\/wp\/v2\/product\/638","targetHints":{"allow":["GET"]}}],"collection":[{"href":"https:\/\/eightandargot.com\/en\/wp-json\/wp\/v2\/product"}],"about":[{"href":"https:\/\/eightandargot.com\/en\/wp-json\/wp\/v2\/types\/product"}],"wp:featuredmedia":[{"embeddable":true,"href":"https:\/\/eightandargot.com\/en\/wp-json\/wp\/v2\/media\/932"}],"wp:attachment":[{"href":"https:\/\/eightandargot.com\/en\/wp-json\/wp\/v2\/media?parent=638"}],"wp:term":[{"taxonomy":"product_brand","embeddable":true,"href":"https:\/\/eightandargot.com\/en\/wp-json\/wp\/v2\/product_brand?post=638"},{"taxonomy":"product_cat","embeddable":true,"href":"https:\/\/eightandargot.com\/en\/wp-json\/wp\/v2\/product_cat?post=638"},{"taxonomy":"product_tag","embeddable":true,"href":"https:\/\/eightandargot.com\/en\/wp-json\/wp\/v2\/product_tag?post=638"},{"taxonomy":"labels","embeddable":true,"href":"https:\/\/eightandargot.com\/en\/wp-json\/wp\/v2\/labels?post=638"}],"curies":[{"name":"wp","href":"https:\/\/api.w.org\/{rel}","templated":true}]}}