{"id":639,"date":"2023-10-18T06:43:43","date_gmt":"2023-10-18T06:43:43","guid":{"rendered":"http:\/\/eightandargot.com\/?post_type=product&#038;p=639"},"modified":"2025-10-25T19:16:22","modified_gmt":"2025-10-25T17:16:22","slug":"miller-derbies","status":"publish","type":"product","link":"https:\/\/eightandargot.com\/en\/product\/miller-derbies\/","title":{"rendered":"MILLER derbies"},"content":{"rendered":"<style>.kb-image639_be610a-1a .kb-image-has-overlay:after{opacity:0.3;}<\/style>\n<figure class=\"wp-block-kadence-image kb-image639_be610a-1a size-full kb-image-is-ratio-size\"><div class=\"kb-is-ratio-image kb-image-ratio-land21\"><img loading=\"lazy\" decoding=\"async\" width=\"1063\" height=\"793\" src=\"https:\/\/eightandargot.com\/wp-content\/uploads\/2023\/10\/MILLER-4.jpg\" alt=\"\" class=\"kb-img wp-image-942\" srcset=\"https:\/\/eightandargot.com\/wp-content\/uploads\/2023\/10\/MILLER-4.jpg 1063w, https:\/\/eightandargot.com\/wp-content\/uploads\/2023\/10\/MILLER-4-300x224.jpg 300w, https:\/\/eightandargot.com\/wp-content\/uploads\/2023\/10\/MILLER-4-1024x764.jpg 1024w, https:\/\/eightandargot.com\/wp-content\/uploads\/2023\/10\/MILLER-4-768x573.jpg 768w\" sizes=\"auto, (max-width: 1063px) 100vw, 1063px\" \/><\/div><\/figure>\n\n\n<style>.kb-row-layout-id639_ecaa4a-a2 > .kt-row-column-wrap{align-content:start;}:where(.kb-row-layout-id639_ecaa4a-a2 > .kt-row-column-wrap) > .wp-block-kadence-column{justify-content:start;}.kb-row-layout-id639_ecaa4a-a2 > .kt-row-column-wrap{column-gap:var(--global-kb-gap-none, 0rem );row-gap:var(--global-kb-gap-none, 0rem );padding-top:0px;padding-right:0px;padding-bottom:0px;padding-left:0px;grid-template-columns:repeat(2, minmax(0, 1fr));}.kb-row-layout-id639_ecaa4a-a2 > .kt-row-layout-overlay{opacity:0.30;}@media all and (max-width: 1024px){.kb-row-layout-id639_ecaa4a-a2 > .kt-row-column-wrap{grid-template-columns:repeat(2, minmax(0, 1fr));}}@media all and (max-width: 767px){.kb-row-layout-id639_ecaa4a-a2 > .kt-row-column-wrap{grid-template-columns:repeat(2, minmax(0, 1fr));}}<\/style><div class=\"kb-row-layout-wrap kb-row-layout-id639_ecaa4a-a2 alignnone wp-block-kadence-rowlayout\"><div class=\"kt-row-column-wrap kt-has-2-columns kt-row-layout-equal kt-tab-layout-inherit kt-mobile-layout-equal kt-row-valign-top\">\n<style>.kadence-column639_93972e-8d > .kt-inside-inner-col{padding-top:10px;padding-right:10px;padding-bottom:10px;padding-left:10px;}.kadence-column639_93972e-8d > .kt-inside-inner-col,.kadence-column639_93972e-8d > .kt-inside-inner-col:before{border-top-left-radius:0px;border-top-right-radius:0px;border-bottom-right-radius:0px;border-bottom-left-radius:0px;}.kadence-column639_93972e-8d > .kt-inside-inner-col{column-gap:var(--global-kb-gap-sm, 1rem);}.kadence-column639_93972e-8d > .kt-inside-inner-col{flex-direction:column;}.kadence-column639_93972e-8d > .kt-inside-inner-col > .aligncenter{width:100%;}.kadence-column639_93972e-8d > .kt-inside-inner-col:before{opacity:0.3;}.kadence-column639_93972e-8d{position:relative;}@media all and (max-width: 1024px){.kadence-column639_93972e-8d > .kt-inside-inner-col{flex-direction:column;justify-content:center;}}@media all and (max-width: 767px){.kadence-column639_93972e-8d > .kt-inside-inner-col{flex-direction:column;justify-content:center;}}<\/style>\n<div class=\"wp-block-kadence-column kadence-column639_93972e-8d\"><div class=\"kt-inside-inner-col\"><style>.kb-row-layout-id639_060d2c-66 > .kt-row-column-wrap{align-content:start;}:where(.kb-row-layout-id639_060d2c-66 > .kt-row-column-wrap) > .wp-block-kadence-column{justify-content:start;}.kb-row-layout-id639_060d2c-66 > .kt-row-column-wrap{column-gap:var(--global-kb-gap-md, 2rem);row-gap:var(--global-kb-gap-md, 2rem);padding-top:0px;padding-bottom:0px;grid-template-columns:minmax(0, 1fr);}.kb-row-layout-id639_060d2c-66 > .kt-row-layout-overlay{opacity:0.30;}@media all and (max-width: 1024px){.kb-row-layout-id639_060d2c-66 > .kt-row-column-wrap{grid-template-columns:minmax(0, 1fr);}}@media all and (max-width: 767px){.kb-row-layout-id639_060d2c-66 > .kt-row-column-wrap{grid-template-columns:minmax(0, 1fr);}}<\/style><div class=\"kb-row-layout-wrap kb-row-layout-id639_060d2c-66 alignnone wp-block-kadence-rowlayout\"><div class=\"kb-blocks-bg-video-container\"><video class=\"kb-blocks-bg-video\" id=\"bg-row-video-639_060d2c-66\" playsinline muted loop src=\"http:\/\/eightandargot.com\/wp-content\/uploads\/2023\/10\/MILLER-1-VIDEO.mp4\" autoplay><\/video><\/div><div class=\"kt-row-column-wrap kt-has-1-columns kt-row-layout-equal kt-tab-layout-inherit kt-mobile-layout-row kt-row-valign-top\">\n<style>.kadence-column639_2379ea-fb > .kt-inside-inner-col,.kadence-column639_2379ea-fb > .kt-inside-inner-col:before{border-top-left-radius:0px;border-top-right-radius:0px;border-bottom-right-radius:0px;border-bottom-left-radius:0px;}.kadence-column639_2379ea-fb > .kt-inside-inner-col{column-gap:var(--global-kb-gap-sm, 1rem);}.kadence-column639_2379ea-fb > .kt-inside-inner-col{flex-direction:column;}.kadence-column639_2379ea-fb > .kt-inside-inner-col > .aligncenter{width:100%;}.kadence-column639_2379ea-fb > .kt-inside-inner-col:before{opacity:0.3;}.kadence-column639_2379ea-fb{position:relative;}@media all and (max-width: 1024px){.kadence-column639_2379ea-fb > .kt-inside-inner-col{flex-direction:column;justify-content:center;}}@media all and (max-width: 767px){.kadence-column639_2379ea-fb > .kt-inside-inner-col{flex-direction:column;justify-content:center;}}<\/style>\n<div class=\"wp-block-kadence-column kadence-column639_2379ea-fb\"><div class=\"kt-inside-inner-col\"><style>.wp-block-kadence-image.kb-image639_3dc68b-68:not(.kb-specificity-added):not(.kb-extra-specificity-added){margin-bottom:0px;}.kb-image639_3dc68b-68 .kb-image-has-overlay:after{opacity:0.3;}<\/style>\n<figure class=\"wp-block-kadence-image kb-image639_3dc68b-68 size-full kb-image-is-ratio-size\"><div class=\"kb-is-ratio-image kb-image-ratio-port34\"><img loading=\"lazy\" decoding=\"async\" width=\"800\" height=\"800\" src=\"https:\/\/eightandargot.com\/wp-content\/uploads\/2023\/10\/video-bg.png\" alt=\"\" class=\"kb-img wp-image-1166\" srcset=\"https:\/\/eightandargot.com\/wp-content\/uploads\/2023\/10\/video-bg.png 800w, https:\/\/eightandargot.com\/wp-content\/uploads\/2023\/10\/video-bg-100x100.png 100w, https:\/\/eightandargot.com\/wp-content\/uploads\/2023\/10\/video-bg-300x300.png 300w, https:\/\/eightandargot.com\/wp-content\/uploads\/2023\/10\/video-bg-150x150.png 150w, https:\/\/eightandargot.com\/wp-content\/uploads\/2023\/10\/video-bg-768x768.png 768w\" sizes=\"auto, (max-width: 800px) 100vw, 800px\" \/><\/div><\/figure>\n<\/div><\/div>\n\n<\/div><\/div><\/div><\/div>\n\n\n<style>.kadence-column639_845131-24 > .kt-inside-inner-col{padding-top:10px;padding-right:10px;padding-bottom:10px;padding-left:10px;}.kadence-column639_845131-24 > .kt-inside-inner-col,.kadence-column639_845131-24 > .kt-inside-inner-col:before{border-top-left-radius:0px;border-top-right-radius:0px;border-bottom-right-radius:0px;border-bottom-left-radius:0px;}.kadence-column639_845131-24 > .kt-inside-inner-col{column-gap:var(--global-kb-gap-sm, 1rem);}.kadence-column639_845131-24 > .kt-inside-inner-col{flex-direction:column;}.kadence-column639_845131-24 > .kt-inside-inner-col > .aligncenter{width:100%;}.kadence-column639_845131-24 > .kt-inside-inner-col:before{opacity:0.3;}.kadence-column639_845131-24{position:relative;}@media all and (max-width: 1024px){.kadence-column639_845131-24 > .kt-inside-inner-col{flex-direction:column;justify-content:center;}}@media all and (max-width: 767px){.kadence-column639_845131-24 > .kt-inside-inner-col{flex-direction:column;justify-content:center;}}<\/style>\n<div class=\"wp-block-kadence-column kadence-column639_845131-24\"><div class=\"kt-inside-inner-col\"><style>.kb-image639_9e38fa-f1 .kb-image-has-overlay:after{opacity:0.3;}<\/style>\n<figure class=\"wp-block-kadence-image kb-image639_9e38fa-f1 size-full kb-image-is-ratio-size\"><div class=\"kb-is-ratio-image kb-image-ratio-port34\"><img loading=\"lazy\" decoding=\"async\" width=\"2560\" height=\"2560\" src=\"https:\/\/eightandargot.com\/wp-content\/uploads\/2023\/10\/MILLER-2-scaled.jpg\" alt=\"\" class=\"kb-img wp-image-940\" srcset=\"https:\/\/eightandargot.com\/wp-content\/uploads\/2023\/10\/MILLER-2-scaled.jpg 2560w, https:\/\/eightandargot.com\/wp-content\/uploads\/2023\/10\/MILLER-2-scaled-100x100.jpg 100w, https:\/\/eightandargot.com\/wp-content\/uploads\/2023\/10\/MILLER-2-scaled-900x900.jpg 900w, https:\/\/eightandargot.com\/wp-content\/uploads\/2023\/10\/MILLER-2-300x300.jpg 300w, https:\/\/eightandargot.com\/wp-content\/uploads\/2023\/10\/MILLER-2-1024x1024.jpg 1024w, https:\/\/eightandargot.com\/wp-content\/uploads\/2023\/10\/MILLER-2-150x150.jpg 150w, https:\/\/eightandargot.com\/wp-content\/uploads\/2023\/10\/MILLER-2-768x768.jpg 768w, https:\/\/eightandargot.com\/wp-content\/uploads\/2023\/10\/MILLER-2-1536x1536.jpg 1536w, https:\/\/eightandargot.com\/wp-content\/uploads\/2023\/10\/MILLER-2-2048x2048.jpg 2048w, https:\/\/eightandargot.com\/wp-content\/uploads\/2023\/10\/MILLER-2-scaled-1800x1800.jpg 1800w, https:\/\/eightandargot.com\/wp-content\/uploads\/2023\/10\/MILLER-2-scaled-256x256.jpg 256w, https:\/\/eightandargot.com\/wp-content\/uploads\/2023\/10\/MILLER-2-scaled-128x128.jpg 128w\" sizes=\"auto, (max-width: 2560px) 100vw, 2560px\" \/><\/div><\/figure>\n<\/div><\/div>\n\n<\/div><\/div>\n\n<style>.kb-row-layout-id639_7f66d7-f9 > .kt-row-column-wrap{align-content:start;}:where(.kb-row-layout-id639_7f66d7-f9 > .kt-row-column-wrap) > .wp-block-kadence-column{justify-content:start;}.kb-row-layout-id639_7f66d7-f9 > .kt-row-column-wrap{column-gap:var(--global-kb-gap-none, 0rem );row-gap:var(--global-kb-gap-none, 0rem );padding-top:0px;padding-right:0px;padding-bottom:0px;padding-left:0px;grid-template-columns:minmax(0, 1fr);}.kb-row-layout-id639_7f66d7-f9 > .kt-row-layout-overlay{opacity:0.30;}@media all and (max-width: 1024px){.kb-row-layout-id639_7f66d7-f9 > .kt-row-column-wrap{grid-template-columns:minmax(0, 1fr);}}@media all and (max-width: 767px){.kb-row-layout-id639_7f66d7-f9 > .kt-row-column-wrap{grid-template-columns:minmax(0, 1fr);}}<\/style><div class=\"kb-row-layout-wrap kb-row-layout-id639_7f66d7-f9 alignnone wp-block-kadence-rowlayout\"><div class=\"kt-row-column-wrap kt-has-1-columns kt-row-layout-equal kt-tab-layout-inherit kt-mobile-layout-row kt-row-valign-top\">\n<style>.kadence-column639_123138-3a > .kt-inside-inner-col{padding-top:10px;padding-right:10px;padding-bottom:10px;padding-left:10px;}.kadence-column639_123138-3a > .kt-inside-inner-col,.kadence-column639_123138-3a > .kt-inside-inner-col:before{border-top-left-radius:0px;border-top-right-radius:0px;border-bottom-right-radius:0px;border-bottom-left-radius:0px;}.kadence-column639_123138-3a > .kt-inside-inner-col{column-gap:var(--global-kb-gap-sm, 1rem);}.kadence-column639_123138-3a > .kt-inside-inner-col{flex-direction:column;}.kadence-column639_123138-3a > .kt-inside-inner-col > .aligncenter{width:100%;}.kadence-column639_123138-3a > .kt-inside-inner-col:before{opacity:0.3;}.kadence-column639_123138-3a{position:relative;}@media all and (max-width: 1024px){.kadence-column639_123138-3a > .kt-inside-inner-col{flex-direction:column;justify-content:center;}}@media all and (max-width: 767px){.kadence-column639_123138-3a > .kt-inside-inner-col{flex-direction:column;justify-content:center;}}<\/style>\n<div class=\"wp-block-kadence-column kadence-column639_123138-3a\"><div class=\"kt-inside-inner-col\"><style>.kb-image639_410267-04 .kb-image-has-overlay:after{opacity:0.3;}<\/style>\n<figure class=\"wp-block-kadence-image kb-image639_410267-04 size-full kb-image-is-ratio-size\"><div class=\"kb-is-ratio-image kb-image-ratio-land32\"><img loading=\"lazy\" decoding=\"async\" width=\"1509\" height=\"1065\" src=\"https:\/\/eightandargot.com\/wp-content\/uploads\/2023\/10\/MILLER-3.png\" alt=\"\" class=\"kb-img wp-image-941\" srcset=\"https:\/\/eightandargot.com\/wp-content\/uploads\/2023\/10\/MILLER-3.png 1509w, https:\/\/eightandargot.com\/wp-content\/uploads\/2023\/10\/MILLER-3-300x212.png 300w, https:\/\/eightandargot.com\/wp-content\/uploads\/2023\/10\/MILLER-3-1024x723.png 1024w, https:\/\/eightandargot.com\/wp-content\/uploads\/2023\/10\/MILLER-3-768x542.png 768w\" sizes=\"auto, (max-width: 1509px) 100vw, 1509px\" \/><\/div><\/figure>\n\n\n<style>.kb-image639_70a6e1-29 .kb-image-has-overlay:after{opacity:0.3;}<\/style>\n<figure class=\"wp-block-kadence-image kb-image639_70a6e1-29 size-full kb-image-is-ratio-size\"><div class=\"kb-is-ratio-image kb-image-ratio-land43\"><img loading=\"lazy\" decoding=\"async\" width=\"1440\" height=\"1080\" src=\"https:\/\/eightandargot.com\/wp-content\/uploads\/2024\/02\/MILLER-5-edited-1.jpg\" alt=\"\" class=\"kb-img wp-image-3213\" srcset=\"https:\/\/eightandargot.com\/wp-content\/uploads\/2024\/02\/MILLER-5-edited-1.jpg 1440w, https:\/\/eightandargot.com\/wp-content\/uploads\/2024\/02\/MILLER-5-edited-1-300x225.jpg 300w, https:\/\/eightandargot.com\/wp-content\/uploads\/2024\/02\/MILLER-5-edited-1-1024x768.jpg 1024w, https:\/\/eightandargot.com\/wp-content\/uploads\/2024\/02\/MILLER-5-edited-1-768x576.jpg 768w, https:\/\/eightandargot.com\/wp-content\/uploads\/2024\/02\/MILLER-5-edited-1-16x12.jpg 16w\" sizes=\"auto, (max-width: 1440px) 100vw, 1440px\" \/><\/div><\/figure>\n<\/div><\/div>\n\n<\/div><\/div>","protected":false},"excerpt":{"rendered":"<p>No closet is complete without it. The MILLER style is handcrafted in Spain, combining animal-print velvet with black florentic leather, celebrated for its structured quality, durability, and lasting luster. It comes with two lacing options to suit your preference: thin black laces and black grosgrain ribbon laces.<\/p>\n<p><strong>What we love the most:<\/strong> Its alluring and versatile rock-chic vibe with animal print \u2013 a true wardrobe essential.<br \/>Those who think they can tame the wild side have never truly embraced it!<\/p>","protected":false},"featured_media":940,"template":"","meta":{"_acf_changed":true,"_kad_blocks_custom_css":"","_kad_blocks_head_custom_js":"","_kad_blocks_body_custom_js":"","_kad_blocks_footer_custom_js":"","_kadence_starter_templates_imported_post":false,"_kad_post_transparent":"default","_kad_post_title":"","_kad_post_layout":"default","_kad_post_sidebar_id":"","_kad_post_content_style":"default","_kad_post_vertical_padding":"default","_kad_post_feature":"","_kad_post_feature_position":"","_kad_post_header":false,"_kad_post_footer":false},"product_brand":[],"product_cat":[15],"product_tag":[],"labels":[74],"class_list":{"0":"post-639","1":"product","2":"type-product","3":"status-publish","4":"has-post-thumbnail","6":"product_cat-oxfords-derbies-monk-straps","7":"labels-ultimos-pares","9":"first","10":"instock","11":"taxable","12":"shipping-taxable","13":"purchasable","14":"product-type-variable","15":"entry","16":"content-bg","17":"loop-entry"},"acf":[],"yoast_head":"<!-- This site is optimized with the Yoast SEO plugin v25.5 - https:\/\/yoast.com\/wordpress\/plugins\/seo\/ -->\n<title>MILLER derbies - EIGHT &amp; ARG\u00d4T<\/title>\n<meta name=\"robots\" content=\"index, follow, max-snippet:-1, max-image-preview:large, max-video-preview:-1\" \/>\n<link rel=\"canonical\" href=\"https:\/\/eightandargot.com\/en\/product\/miller-derbies\/\" \/>\n<meta property=\"og:locale\" content=\"en_GB\" \/>\n<meta property=\"og:type\" content=\"article\" \/>\n<meta property=\"og:title\" content=\"MILLER derbies - EIGHT &amp; ARG\u00d4T\" \/>\n<meta property=\"og:description\" content=\"El modelo MILLER est\u00e1 elaborado artesanalmente en Espa\u00f1a, combinando terciopelo efecto pelo animal print con piel florentic color negro, que se caracteriza por su cuerpo y lustre duraderos. Viene con dos opciones de cierre, para ir usando seg\u00fan se prefiera: cordones negros y lazadas en cinta falla color negro. Lo que m\u00e1s nos gusta: Su sugerente y vers\u00e1til propuesta rock-chic con animal print, ya un b\u00e1sico imprescindible en cualquier armario.Quien quiere amansar a la fiera es porque nunca am\u00f3 a una!\" \/>\n<meta property=\"og:url\" content=\"https:\/\/eightandargot.com\/en\/product\/miller-derbies\/\" \/>\n<meta property=\"og:site_name\" content=\"EIGHT &amp; ARG\u00d4T\" \/>\n<meta property=\"article:modified_time\" content=\"2025-10-25T17:16:22+00:00\" \/>\n<meta property=\"og:image\" content=\"https:\/\/eightandargot.com\/wp-content\/uploads\/2023\/10\/MILLER-2-scaled.jpg\" \/>\n\t<meta property=\"og:image:width\" content=\"2560\" \/>\n\t<meta property=\"og:image:height\" content=\"2560\" \/>\n\t<meta property=\"og:image:type\" content=\"image\/jpeg\" \/>\n<meta name=\"twitter:card\" content=\"summary_large_image\" \/>\n<meta name=\"twitter:label1\" content=\"Estimated reading time\" \/>\n\t<meta name=\"twitter:data1\" content=\"2 minutes\" \/>\n<script type=\"application\/ld+json\" class=\"yoast-schema-graph\">{\"@context\":\"https:\/\/schema.org\",\"@graph\":[{\"@type\":\"WebPage\",\"@id\":\"https:\/\/eightandargot.com\/producto\/miller-derbies\/\",\"url\":\"https:\/\/eightandargot.com\/producto\/miller-derbies\/\",\"name\":\"MILLER derbies - EIGHT &amp; ARG\u00d4T\",\"isPartOf\":{\"@id\":\"https:\/\/eightandargot.com\/#website\"},\"primaryImageOfPage\":{\"@id\":\"https:\/\/eightandargot.com\/producto\/miller-derbies\/#primaryimage\"},\"image\":{\"@id\":\"https:\/\/eightandargot.com\/producto\/miller-derbies\/#primaryimage\"},\"thumbnailUrl\":\"https:\/\/eightandargot.com\/wp-content\/uploads\/2023\/10\/MILLER-2-scaled.jpg\",\"datePublished\":\"2023-10-18T06:43:43+00:00\",\"dateModified\":\"2025-10-25T17:16:22+00:00\",\"breadcrumb\":{\"@id\":\"https:\/\/eightandargot.com\/producto\/miller-derbies\/#breadcrumb\"},\"inLanguage\":\"en-GB\",\"potentialAction\":[{\"@type\":\"ReadAction\",\"target\":[\"https:\/\/eightandargot.com\/producto\/miller-derbies\/\"]}]},{\"@type\":\"ImageObject\",\"inLanguage\":\"en-GB\",\"@id\":\"https:\/\/eightandargot.com\/producto\/miller-derbies\/#primaryimage\",\"url\":\"https:\/\/eightandargot.com\/wp-content\/uploads\/2023\/10\/MILLER-2-scaled.jpg\",\"contentUrl\":\"https:\/\/eightandargot.com\/wp-content\/uploads\/2023\/10\/MILLER-2-scaled.jpg\",\"width\":2560,\"height\":2560},{\"@type\":\"BreadcrumbList\",\"@id\":\"https:\/\/eightandargot.com\/producto\/miller-derbies\/#breadcrumb\",\"itemListElement\":[{\"@type\":\"ListItem\",\"position\":1,\"name\":\"Portada\",\"item\":\"https:\/\/eightandargot.com\/\"},{\"@type\":\"ListItem\",\"position\":2,\"name\":\"Shop\",\"item\":\"https:\/\/eightandargot.com\/shop\/\"},{\"@type\":\"ListItem\",\"position\":3,\"name\":\"MILLER derbies\"}]},{\"@type\":\"WebSite\",\"@id\":\"https:\/\/eightandargot.com\/#website\",\"url\":\"https:\/\/eightandargot.com\/\",\"name\":\"EIGHT &amp; ARG\u00d4T\",\"description\":\"Boutique Online\",\"publisher\":{\"@id\":\"https:\/\/eightandargot.com\/#organization\"},\"potentialAction\":[{\"@type\":\"SearchAction\",\"target\":{\"@type\":\"EntryPoint\",\"urlTemplate\":\"https:\/\/eightandargot.com\/?s={search_term_string}\"},\"query-input\":{\"@type\":\"PropertyValueSpecification\",\"valueRequired\":true,\"valueName\":\"search_term_string\"}}],\"inLanguage\":\"en-GB\"},{\"@type\":\"Organization\",\"@id\":\"https:\/\/eightandargot.com\/#organization\",\"name\":\"EIGHT &amp; ARG\u00d4T\",\"url\":\"https:\/\/eightandargot.com\/\",\"logo\":{\"@type\":\"ImageObject\",\"inLanguage\":\"en-GB\",\"@id\":\"https:\/\/eightandargot.com\/#\/schema\/logo\/image\/\",\"url\":\"https:\/\/eightandargot.com\/wp-content\/uploads\/2023\/10\/logo-1.png\",\"contentUrl\":\"https:\/\/eightandargot.com\/wp-content\/uploads\/2023\/10\/logo-1.png\",\"width\":1068,\"height\":128,\"caption\":\"EIGHT &amp; ARG\u00d4T\"},\"image\":{\"@id\":\"https:\/\/eightandargot.com\/#\/schema\/logo\/image\/\"}}]}<\/script>\n<!-- \/ Yoast SEO plugin. -->","yoast_head_json":{"title":"MILLER derbies - EIGHT &amp; ARG\u00d4T","robots":{"index":"index","follow":"follow","max-snippet":"max-snippet:-1","max-image-preview":"max-image-preview:large","max-video-preview":"max-video-preview:-1"},"canonical":"https:\/\/eightandargot.com\/en\/product\/miller-derbies\/","og_locale":"en_GB","og_type":"article","og_title":"MILLER derbies - EIGHT &amp; ARG\u00d4T","og_description":"El modelo MILLER est\u00e1 elaborado artesanalmente en Espa\u00f1a, combinando terciopelo efecto pelo animal print con piel florentic color negro, que se caracteriza por su cuerpo y lustre duraderos. Viene con dos opciones de cierre, para ir usando seg\u00fan se prefiera: cordones negros y lazadas en cinta falla color negro. Lo que m\u00e1s nos gusta: Su sugerente y vers\u00e1til propuesta rock-chic con animal print, ya un b\u00e1sico imprescindible en cualquier armario.Quien quiere amansar a la fiera es porque nunca am\u00f3 a una!","og_url":"https:\/\/eightandargot.com\/en\/product\/miller-derbies\/","og_site_name":"EIGHT &amp; ARG\u00d4T","article_modified_time":"2025-10-25T17:16:22+00:00","og_image":[{"width":2560,"height":2560,"url":"https:\/\/eightandargot.com\/wp-content\/uploads\/2023\/10\/MILLER-2-scaled.jpg","type":"image\/jpeg"}],"twitter_card":"summary_large_image","twitter_misc":{"Estimated reading time":"2 minutes"},"schema":{"@context":"https:\/\/schema.org","@graph":[{"@type":"WebPage","@id":"https:\/\/eightandargot.com\/producto\/miller-derbies\/","url":"https:\/\/eightandargot.com\/producto\/miller-derbies\/","name":"MILLER derbies - EIGHT &amp; ARG\u00d4T","isPartOf":{"@id":"https:\/\/eightandargot.com\/#website"},"primaryImageOfPage":{"@id":"https:\/\/eightandargot.com\/producto\/miller-derbies\/#primaryimage"},"image":{"@id":"https:\/\/eightandargot.com\/producto\/miller-derbies\/#primaryimage"},"thumbnailUrl":"https:\/\/eightandargot.com\/wp-content\/uploads\/2023\/10\/MILLER-2-scaled.jpg","datePublished":"2023-10-18T06:43:43+00:00","dateModified":"2025-10-25T17:16:22+00:00","breadcrumb":{"@id":"https:\/\/eightandargot.com\/producto\/miller-derbies\/#breadcrumb"},"inLanguage":"en-GB","potentialAction":[{"@type":"ReadAction","target":["https:\/\/eightandargot.com\/producto\/miller-derbies\/"]}]},{"@type":"ImageObject","inLanguage":"en-GB","@id":"https:\/\/eightandargot.com\/producto\/miller-derbies\/#primaryimage","url":"https:\/\/eightandargot.com\/wp-content\/uploads\/2023\/10\/MILLER-2-scaled.jpg","contentUrl":"https:\/\/eightandargot.com\/wp-content\/uploads\/2023\/10\/MILLER-2-scaled.jpg","width":2560,"height":2560},{"@type":"BreadcrumbList","@id":"https:\/\/eightandargot.com\/producto\/miller-derbies\/#breadcrumb","itemListElement":[{"@type":"ListItem","position":1,"name":"Portada","item":"https:\/\/eightandargot.com\/"},{"@type":"ListItem","position":2,"name":"Shop","item":"https:\/\/eightandargot.com\/shop\/"},{"@type":"ListItem","position":3,"name":"MILLER derbies"}]},{"@type":"WebSite","@id":"https:\/\/eightandargot.com\/#website","url":"https:\/\/eightandargot.com\/","name":"EIGHT &amp; ARG\u00d4T","description":"Boutique Online","publisher":{"@id":"https:\/\/eightandargot.com\/#organization"},"potentialAction":[{"@type":"SearchAction","target":{"@type":"EntryPoint","urlTemplate":"https:\/\/eightandargot.com\/?s={search_term_string}"},"query-input":{"@type":"PropertyValueSpecification","valueRequired":true,"valueName":"search_term_string"}}],"inLanguage":"en-GB"},{"@type":"Organization","@id":"https:\/\/eightandargot.com\/#organization","name":"EIGHT &amp; ARG\u00d4T","url":"https:\/\/eightandargot.com\/","logo":{"@type":"ImageObject","inLanguage":"en-GB","@id":"https:\/\/eightandargot.com\/#\/schema\/logo\/image\/","url":"https:\/\/eightandargot.com\/wp-content\/uploads\/2023\/10\/logo-1.png","contentUrl":"https:\/\/eightandargot.com\/wp-content\/uploads\/2023\/10\/logo-1.png","width":1068,"height":128,"caption":"EIGHT &amp; ARG\u00d4T"},"image":{"@id":"https:\/\/eightandargot.com\/#\/schema\/logo\/image\/"}}]}},"taxonomy_info":{"product_cat":[{"value":15,"label":"Oxfords | Derbies | Monks"}],"labels":[{"value":74,"label":"\u00daLTIMOS PARES"}]},"featured_image_src_large":["https:\/\/eightandargot.com\/wp-content\/uploads\/2023\/10\/MILLER-2-1024x1024.jpg",1024,1024,true],"author_info":[],"comment_info":"","_links":{"self":[{"href":"https:\/\/eightandargot.com\/en\/wp-json\/wp\/v2\/product\/639","targetHints":{"allow":["GET"]}}],"collection":[{"href":"https:\/\/eightandargot.com\/en\/wp-json\/wp\/v2\/product"}],"about":[{"href":"https:\/\/eightandargot.com\/en\/wp-json\/wp\/v2\/types\/product"}],"wp:featuredmedia":[{"embeddable":true,"href":"https:\/\/eightandargot.com\/en\/wp-json\/wp\/v2\/media\/940"}],"wp:attachment":[{"href":"https:\/\/eightandargot.com\/en\/wp-json\/wp\/v2\/media?parent=639"}],"wp:term":[{"taxonomy":"product_brand","embeddable":true,"href":"https:\/\/eightandargot.com\/en\/wp-json\/wp\/v2\/product_brand?post=639"},{"taxonomy":"product_cat","embeddable":true,"href":"https:\/\/eightandargot.com\/en\/wp-json\/wp\/v2\/product_cat?post=639"},{"taxonomy":"product_tag","embeddable":true,"href":"https:\/\/eightandargot.com\/en\/wp-json\/wp\/v2\/product_tag?post=639"},{"taxonomy":"labels","embeddable":true,"href":"https:\/\/eightandargot.com\/en\/wp-json\/wp\/v2\/labels?post=639"}],"curies":[{"name":"wp","href":"https:\/\/api.w.org\/{rel}","templated":true}]}}