{"id":641,"date":"2023-10-18T06:46:36","date_gmt":"2023-10-18T06:46:36","guid":{"rendered":"http:\/\/eightandargot.com\/?post_type=product&#038;p=641"},"modified":"2025-10-27T12:58:14","modified_gmt":"2025-10-27T11:58:14","slug":"miles-derbies","status":"publish","type":"product","link":"https:\/\/eightandargot.com\/en\/product\/miles-derbies\/","title":{"rendered":"MILES derbies"},"content":{"rendered":"<style>.kb-row-layout-id641_65f3a4-43 > .kt-row-column-wrap{align-content:start;}:where(.kb-row-layout-id641_65f3a4-43 > .kt-row-column-wrap) > .wp-block-kadence-column{justify-content:start;}.kb-row-layout-id641_65f3a4-43 > .kt-row-column-wrap{column-gap:var(--global-kb-gap-none, 0rem );row-gap:var(--global-kb-gap-none, 0rem );padding-top:0px;padding-right:0px;padding-bottom:0px;padding-left:0px;grid-template-columns:repeat(2, minmax(0, 1fr));}.kb-row-layout-id641_65f3a4-43 > .kt-row-layout-overlay{opacity:0.30;}@media all and (max-width: 1024px){.kb-row-layout-id641_65f3a4-43 > .kt-row-column-wrap{grid-template-columns:repeat(2, minmax(0, 1fr));}}@media all and (max-width: 767px){.kb-row-layout-id641_65f3a4-43 > .kt-row-column-wrap{grid-template-columns:repeat(2, minmax(0, 1fr));}}<\/style><div class=\"kb-row-layout-wrap kb-row-layout-id641_65f3a4-43 alignnone wp-block-kadence-rowlayout\"><div class=\"kt-row-column-wrap kt-has-2-columns kt-row-layout-equal kt-tab-layout-inherit kt-mobile-layout-equal kt-row-valign-top\">\n<style>.kadence-column641_545db4-cd > .kt-inside-inner-col{padding-top:10px;padding-right:10px;padding-bottom:10px;padding-left:10px;}.kadence-column641_545db4-cd > .kt-inside-inner-col,.kadence-column641_545db4-cd > .kt-inside-inner-col:before{border-top-left-radius:0px;border-top-right-radius:0px;border-bottom-right-radius:0px;border-bottom-left-radius:0px;}.kadence-column641_545db4-cd > .kt-inside-inner-col{column-gap:var(--global-kb-gap-sm, 1rem);}.kadence-column641_545db4-cd > .kt-inside-inner-col{flex-direction:column;}.kadence-column641_545db4-cd > .kt-inside-inner-col > .aligncenter{width:100%;}.kadence-column641_545db4-cd > .kt-inside-inner-col:before{opacity:0.3;}.kadence-column641_545db4-cd{position:relative;}@media all and (max-width: 1024px){.kadence-column641_545db4-cd > .kt-inside-inner-col{flex-direction:column;justify-content:center;}}@media all and (max-width: 767px){.kadence-column641_545db4-cd > .kt-inside-inner-col{flex-direction:column;justify-content:center;}}<\/style>\n<div class=\"wp-block-kadence-column kadence-column641_545db4-cd\"><div class=\"kt-inside-inner-col\"><style>.kb-image641_9feb72-3f .kb-image-has-overlay:after{opacity:0.3;}<\/style>\n<figure class=\"wp-block-kadence-image kb-image641_9feb72-3f size-full kb-image-is-ratio-size\"><div class=\"kb-is-ratio-image kb-image-ratio-port34\"><img loading=\"lazy\" decoding=\"async\" width=\"1440\" height=\"1800\" src=\"https:\/\/eightandargot.com\/wp-content\/uploads\/2023\/10\/MILES-1.jpg\" alt=\"\" class=\"kb-img wp-image-948\" srcset=\"https:\/\/eightandargot.com\/wp-content\/uploads\/2023\/10\/MILES-1.jpg 1440w, https:\/\/eightandargot.com\/wp-content\/uploads\/2023\/10\/MILES-1-400x500.jpg 400w, https:\/\/eightandargot.com\/wp-content\/uploads\/2023\/10\/MILES-1-240x300.jpg 240w, https:\/\/eightandargot.com\/wp-content\/uploads\/2023\/10\/MILES-1-819x1024.jpg 819w, https:\/\/eightandargot.com\/wp-content\/uploads\/2023\/10\/MILES-1-768x960.jpg 768w, https:\/\/eightandargot.com\/wp-content\/uploads\/2023\/10\/MILES-1-1229x1536.jpg 1229w, https:\/\/eightandargot.com\/wp-content\/uploads\/2023\/10\/MILES-1-300x375.jpg 300w\" sizes=\"auto, (max-width: 1440px) 100vw, 1440px\" \/><\/div><\/figure>\n<\/div><\/div>\n\n\n<style>.kadence-column641_b5b08d-64 > .kt-inside-inner-col{padding-top:10px;padding-right:10px;padding-bottom:10px;padding-left:10px;}.kadence-column641_b5b08d-64 > .kt-inside-inner-col,.kadence-column641_b5b08d-64 > .kt-inside-inner-col:before{border-top-left-radius:0px;border-top-right-radius:0px;border-bottom-right-radius:0px;border-bottom-left-radius:0px;}.kadence-column641_b5b08d-64 > .kt-inside-inner-col{column-gap:var(--global-kb-gap-sm, 1rem);}.kadence-column641_b5b08d-64 > .kt-inside-inner-col{flex-direction:column;}.kadence-column641_b5b08d-64 > .kt-inside-inner-col > .aligncenter{width:100%;}.kadence-column641_b5b08d-64 > .kt-inside-inner-col:before{opacity:0.3;}.kadence-column641_b5b08d-64{position:relative;}@media all and (max-width: 1024px){.kadence-column641_b5b08d-64 > .kt-inside-inner-col{flex-direction:column;justify-content:center;}}@media all and (max-width: 767px){.kadence-column641_b5b08d-64 > .kt-inside-inner-col{flex-direction:column;justify-content:center;}}<\/style>\n<div class=\"wp-block-kadence-column kadence-column641_b5b08d-64\"><div class=\"kt-inside-inner-col\"><style>.kb-image641_593304-ef .kb-image-has-overlay:after{opacity:0.3;}<\/style>\n<figure class=\"wp-block-kadence-image kb-image641_593304-ef size-full kb-image-is-ratio-size\"><div class=\"kb-is-ratio-image kb-image-ratio-port34\"><img loading=\"lazy\" decoding=\"async\" width=\"739\" height=\"812\" src=\"https:\/\/eightandargot.com\/wp-content\/uploads\/2024\/02\/MILESedit.jpg\" alt=\"\" class=\"kb-img wp-image-3275\" srcset=\"https:\/\/eightandargot.com\/wp-content\/uploads\/2024\/02\/MILESedit.jpg 739w, https:\/\/eightandargot.com\/wp-content\/uploads\/2024\/02\/MILESedit-273x300.jpg 273w, https:\/\/eightandargot.com\/wp-content\/uploads\/2024\/02\/MILESedit-11x12.jpg 11w\" sizes=\"auto, (max-width: 739px) 100vw, 739px\" \/><\/div><\/figure>\n<\/div><\/div>\n\n<\/div><\/div>\n\n<style>.kb-row-layout-id641_b487e0-54 > .kt-row-column-wrap{align-content:start;}:where(.kb-row-layout-id641_b487e0-54 > .kt-row-column-wrap) > .wp-block-kadence-column{justify-content:start;}.kb-row-layout-id641_b487e0-54 > .kt-row-column-wrap{column-gap:var(--global-kb-gap-none, 0rem );row-gap:var(--global-kb-gap-none, 0rem );padding-top:0px;padding-right:0px;padding-bottom:0px;padding-left:0px;grid-template-columns:repeat(2, minmax(0, 1fr));}.kb-row-layout-id641_b487e0-54 > .kt-row-layout-overlay{opacity:0.30;}@media all and (max-width: 1024px){.kb-row-layout-id641_b487e0-54 > .kt-row-column-wrap{grid-template-columns:repeat(2, minmax(0, 1fr));}}@media all and (max-width: 767px){.kb-row-layout-id641_b487e0-54 > .kt-row-column-wrap{grid-template-columns:repeat(2, minmax(0, 1fr));}}<\/style><div class=\"kb-row-layout-wrap kb-row-layout-id641_b487e0-54 alignnone wp-block-kadence-rowlayout\"><div class=\"kt-row-column-wrap kt-has-2-columns kt-row-layout-equal kt-tab-layout-inherit kt-mobile-layout-equal kt-row-valign-top\">\n<style>.kadence-column641_798ae9-7e > .kt-inside-inner-col{padding-top:10px;padding-right:10px;padding-bottom:10px;padding-left:10px;}.kadence-column641_798ae9-7e > .kt-inside-inner-col,.kadence-column641_798ae9-7e > .kt-inside-inner-col:before{border-top-left-radius:0px;border-top-right-radius:0px;border-bottom-right-radius:0px;border-bottom-left-radius:0px;}.kadence-column641_798ae9-7e > .kt-inside-inner-col{column-gap:var(--global-kb-gap-sm, 1rem);}.kadence-column641_798ae9-7e > .kt-inside-inner-col{flex-direction:column;}.kadence-column641_798ae9-7e > .kt-inside-inner-col > .aligncenter{width:100%;}.kadence-column641_798ae9-7e > .kt-inside-inner-col:before{opacity:0.3;}.kadence-column641_798ae9-7e{position:relative;}@media all and (max-width: 1024px){.kadence-column641_798ae9-7e > .kt-inside-inner-col{flex-direction:column;justify-content:center;}}@media all and (max-width: 767px){.kadence-column641_798ae9-7e > .kt-inside-inner-col{flex-direction:column;justify-content:center;}}<\/style>\n<div class=\"wp-block-kadence-column kadence-column641_798ae9-7e\"><div class=\"kt-inside-inner-col\"><style>.kb-image641_f4ddd8-c6 .kb-image-has-overlay:after{opacity:0.3;}<\/style>\n<figure class=\"wp-block-kadence-image kb-image641_f4ddd8-c6 size-full kb-image-is-ratio-size\"><div class=\"kb-is-ratio-image kb-image-ratio-port23\"><img loading=\"lazy\" decoding=\"async\" width=\"638\" height=\"910\" src=\"https:\/\/eightandargot.com\/wp-content\/uploads\/2023\/10\/MILES-2.jpg\" alt=\"\" class=\"kb-img wp-image-949\" srcset=\"https:\/\/eightandargot.com\/wp-content\/uploads\/2023\/10\/MILES-2.jpg 638w, https:\/\/eightandargot.com\/wp-content\/uploads\/2023\/10\/MILES-2-210x300.jpg 210w\" sizes=\"auto, (max-width: 638px) 100vw, 638px\" \/><\/div><\/figure>\n<\/div><\/div>\n\n\n<style>.kadence-column641_3a8b7c-b0 > .kt-inside-inner-col,.kadence-column641_3a8b7c-b0 > .kt-inside-inner-col:before{border-top-left-radius:0px;border-top-right-radius:0px;border-bottom-right-radius:0px;border-bottom-left-radius:0px;}.kadence-column641_3a8b7c-b0 > .kt-inside-inner-col{column-gap:var(--global-kb-gap-sm, 1rem);}.kadence-column641_3a8b7c-b0 > .kt-inside-inner-col{flex-direction:column;}.kadence-column641_3a8b7c-b0 > .kt-inside-inner-col > .aligncenter{width:100%;}.kadence-column641_3a8b7c-b0 > .kt-inside-inner-col:before{opacity:0.3;}.kadence-column641_3a8b7c-b0{position:relative;}@media all and (max-width: 1024px){.kadence-column641_3a8b7c-b0 > .kt-inside-inner-col{flex-direction:column;justify-content:center;}}@media all and (max-width: 767px){.kadence-column641_3a8b7c-b0 > .kt-inside-inner-col{flex-direction:column;justify-content:center;}}<\/style>\n<div class=\"wp-block-kadence-column kadence-column641_3a8b7c-b0\"><div class=\"kt-inside-inner-col\"><style>.kadence-column641_7a1172-c5 > .kt-inside-inner-col{padding-top:10px;padding-right:10px;padding-bottom:10px;padding-left:10px;}.kadence-column641_7a1172-c5 > .kt-inside-inner-col,.kadence-column641_7a1172-c5 > .kt-inside-inner-col:before{border-top-left-radius:0px;border-top-right-radius:0px;border-bottom-right-radius:0px;border-bottom-left-radius:0px;}.kadence-column641_7a1172-c5 > .kt-inside-inner-col{column-gap:var(--global-kb-gap-sm, 1rem);}.kadence-column641_7a1172-c5 > .kt-inside-inner-col{flex-direction:column;}.kadence-column641_7a1172-c5 > .kt-inside-inner-col > .aligncenter{width:100%;}.kadence-column641_7a1172-c5 > .kt-inside-inner-col:before{opacity:0.3;}.kadence-column641_7a1172-c5{position:relative;}@media all and (max-width: 1024px){.kadence-column641_7a1172-c5 > .kt-inside-inner-col{flex-direction:column;justify-content:center;}}@media all and (max-width: 767px){.kadence-column641_7a1172-c5 > .kt-inside-inner-col{flex-direction:column;justify-content:center;}}<\/style>\n<div class=\"wp-block-kadence-column kadence-column641_7a1172-c5\"><div class=\"kt-inside-inner-col\"><style>.kb-row-layout-id641_685975-1b > .kt-row-column-wrap{align-content:start;}:where(.kb-row-layout-id641_685975-1b > .kt-row-column-wrap) > .wp-block-kadence-column{justify-content:start;}.kb-row-layout-id641_685975-1b > .kt-row-column-wrap{column-gap:var(--global-kb-gap-md, 2rem);row-gap:var(--global-kb-gap-md, 2rem);padding-top:0px;padding-bottom:0px;grid-template-columns:minmax(0, 1fr);}.kb-row-layout-id641_685975-1b > .kt-row-layout-overlay{opacity:0.30;}@media all and (max-width: 1024px){.kb-row-layout-id641_685975-1b > .kt-row-column-wrap{grid-template-columns:minmax(0, 1fr);}}@media all and (max-width: 767px){.kb-row-layout-id641_685975-1b > .kt-row-column-wrap{grid-template-columns:minmax(0, 1fr);}}<\/style><div class=\"kb-row-layout-wrap kb-row-layout-id641_685975-1b alignnone wp-block-kadence-rowlayout\"><div class=\"kb-blocks-bg-video-container\"><video class=\"kb-blocks-bg-video\" id=\"bg-row-video-641_685975-1b\" playsinline muted loop src=\"https:\/\/eightandargot.com\/wp-content\/uploads\/2023\/10\/MILES-video.mp4\" autoplay><\/video><\/div><div class=\"kt-row-column-wrap kt-has-1-columns kt-row-layout-equal kt-tab-layout-inherit kt-mobile-layout-row kt-row-valign-top\">\n<style>.kadence-column641_c0c0fe-95 > .kt-inside-inner-col,.kadence-column641_c0c0fe-95 > .kt-inside-inner-col:before{border-top-left-radius:0px;border-top-right-radius:0px;border-bottom-right-radius:0px;border-bottom-left-radius:0px;}.kadence-column641_c0c0fe-95 > .kt-inside-inner-col{column-gap:var(--global-kb-gap-sm, 1rem);}.kadence-column641_c0c0fe-95 > .kt-inside-inner-col{flex-direction:column;}.kadence-column641_c0c0fe-95 > .kt-inside-inner-col > .aligncenter{width:100%;}.kadence-column641_c0c0fe-95 > .kt-inside-inner-col:before{opacity:0.3;}.kadence-column641_c0c0fe-95{position:relative;}@media all and (max-width: 1024px){.kadence-column641_c0c0fe-95 > .kt-inside-inner-col{flex-direction:column;justify-content:center;}}@media all and (max-width: 767px){.kadence-column641_c0c0fe-95 > .kt-inside-inner-col{flex-direction:column;justify-content:center;}}<\/style>\n<div class=\"wp-block-kadence-column kadence-column641_c0c0fe-95\"><div class=\"kt-inside-inner-col\"><style>.wp-block-kadence-image.kb-image641_b99934-50:not(.kb-specificity-added):not(.kb-extra-specificity-added){margin-bottom:0px;}.kb-image641_b99934-50 .kb-image-has-overlay:after{opacity:0.3;}<\/style>\n<figure class=\"wp-block-kadence-image kb-image641_b99934-50 size-full kb-image-is-ratio-size\"><div class=\"kb-is-ratio-image kb-image-ratio-port23\"><img loading=\"lazy\" decoding=\"async\" width=\"800\" height=\"800\" src=\"https:\/\/eightandargot.com\/wp-content\/uploads\/2023\/10\/video-bg.png\" alt=\"\" class=\"kb-img wp-image-1166\" srcset=\"https:\/\/eightandargot.com\/wp-content\/uploads\/2023\/10\/video-bg.png 800w, https:\/\/eightandargot.com\/wp-content\/uploads\/2023\/10\/video-bg-100x100.png 100w, https:\/\/eightandargot.com\/wp-content\/uploads\/2023\/10\/video-bg-300x300.png 300w, https:\/\/eightandargot.com\/wp-content\/uploads\/2023\/10\/video-bg-150x150.png 150w, https:\/\/eightandargot.com\/wp-content\/uploads\/2023\/10\/video-bg-768x768.png 768w\" sizes=\"auto, (max-width: 800px) 100vw, 800px\" \/><\/div><\/figure>\n<\/div><\/div>\n\n<\/div><\/div><\/div><\/div>\n<\/div><\/div>\n\n<\/div><\/div>","protected":false},"excerpt":{"rendered":"<p>One of your favorites since the MILES style debuted in 2017\u2014it's hard to imagine how we ever lived without it. Handcrafted in Spain with luxurious handwoven leather, these shoes deliver both exceptional comfort and timeless style. Fastened with laces, they\u2019re perfect for every occasion, elevating any look effortlessly.<\/p>\n<p><strong>What we love the most:<\/strong> Shoes you can live in all day, from office to after. They stay in our closet as a go-to option that adapts to different styles.<\/p>","protected":false},"featured_media":948,"template":"","meta":{"_acf_changed":false,"_kad_blocks_custom_css":"","_kad_blocks_head_custom_js":"","_kad_blocks_body_custom_js":"","_kad_blocks_footer_custom_js":"","_kadence_starter_templates_imported_post":false,"_kad_post_transparent":"default","_kad_post_title":"","_kad_post_layout":"default","_kad_post_sidebar_id":"","_kad_post_content_style":"default","_kad_post_vertical_padding":"default","_kad_post_feature":"","_kad_post_feature_position":"","_kad_post_header":false,"_kad_post_footer":false},"product_brand":[],"product_cat":[15],"product_tag":[],"labels":[75],"class_list":{"0":"post-641","1":"product","2":"type-product","3":"status-publish","4":"has-post-thumbnail","6":"product_cat-oxfords-derbies-monk-straps","7":"labels-agotado","9":"first","10":"instock","11":"taxable","12":"shipping-taxable","13":"product-type-variable","14":"entry","15":"content-bg","16":"loop-entry"},"acf":[],"yoast_head":"<!-- This site is optimized with the Yoast SEO plugin v25.5 - https:\/\/yoast.com\/wordpress\/plugins\/seo\/ -->\n<title>MILES derbies - EIGHT &amp; ARG\u00d4T<\/title>\n<meta name=\"robots\" content=\"index, follow, max-snippet:-1, max-image-preview:large, max-video-preview:-1\" \/>\n<link rel=\"canonical\" href=\"https:\/\/eightandargot.com\/en\/product\/miles-derbies\/\" \/>\n<meta property=\"og:locale\" content=\"en_GB\" \/>\n<meta property=\"og:type\" content=\"article\" \/>\n<meta property=\"og:title\" content=\"MILES derbies - EIGHT &amp; ARG\u00d4T\" \/>\n<meta property=\"og:description\" content=\"El modelo MILES fue nuestro primer derby y ha sido un cl\u00e1sico de la casa desde 2017. Est\u00e1 elaborado artesanalmente en Espa\u00f1a, combinando pieles lisas con empeine de pieles trenzadas a mano. Cierre mediante cordones. Lo que m\u00e1s nos gusta: Son atemporales y se mantienen en nuestro armario como una opci\u00f3n muy vers\u00e1til, adapt\u00e1ndose a los diferentes estilos y ocasiones diarias.\" \/>\n<meta property=\"og:url\" content=\"https:\/\/eightandargot.com\/en\/product\/miles-derbies\/\" \/>\n<meta property=\"og:site_name\" content=\"EIGHT &amp; ARG\u00d4T\" \/>\n<meta property=\"article:modified_time\" content=\"2025-10-27T11:58:14+00:00\" \/>\n<meta property=\"og:image\" content=\"https:\/\/eightandargot.com\/wp-content\/uploads\/2023\/10\/MILES-1.jpg\" \/>\n\t<meta property=\"og:image:width\" content=\"1440\" \/>\n\t<meta property=\"og:image:height\" content=\"1800\" \/>\n\t<meta property=\"og:image:type\" content=\"image\/jpeg\" \/>\n<meta name=\"twitter:card\" content=\"summary_large_image\" \/>\n<meta name=\"twitter:label1\" content=\"Estimated reading time\" \/>\n\t<meta name=\"twitter:data1\" content=\"1 minute\" \/>\n<script type=\"application\/ld+json\" class=\"yoast-schema-graph\">{\"@context\":\"https:\/\/schema.org\",\"@graph\":[{\"@type\":\"WebPage\",\"@id\":\"https:\/\/eightandargot.com\/producto\/miles-derbies\/\",\"url\":\"https:\/\/eightandargot.com\/producto\/miles-derbies\/\",\"name\":\"MILES derbies - EIGHT &amp; ARG\u00d4T\",\"isPartOf\":{\"@id\":\"https:\/\/eightandargot.com\/#website\"},\"primaryImageOfPage\":{\"@id\":\"https:\/\/eightandargot.com\/producto\/miles-derbies\/#primaryimage\"},\"image\":{\"@id\":\"https:\/\/eightandargot.com\/producto\/miles-derbies\/#primaryimage\"},\"thumbnailUrl\":\"https:\/\/eightandargot.com\/wp-content\/uploads\/2023\/10\/MILES-1.jpg\",\"datePublished\":\"2023-10-18T06:46:36+00:00\",\"dateModified\":\"2025-10-27T11:58:14+00:00\",\"breadcrumb\":{\"@id\":\"https:\/\/eightandargot.com\/producto\/miles-derbies\/#breadcrumb\"},\"inLanguage\":\"en-GB\",\"potentialAction\":[{\"@type\":\"ReadAction\",\"target\":[\"https:\/\/eightandargot.com\/producto\/miles-derbies\/\"]}]},{\"@type\":\"ImageObject\",\"inLanguage\":\"en-GB\",\"@id\":\"https:\/\/eightandargot.com\/producto\/miles-derbies\/#primaryimage\",\"url\":\"https:\/\/eightandargot.com\/wp-content\/uploads\/2023\/10\/MILES-1.jpg\",\"contentUrl\":\"https:\/\/eightandargot.com\/wp-content\/uploads\/2023\/10\/MILES-1.jpg\",\"width\":1440,\"height\":1800},{\"@type\":\"BreadcrumbList\",\"@id\":\"https:\/\/eightandargot.com\/producto\/miles-derbies\/#breadcrumb\",\"itemListElement\":[{\"@type\":\"ListItem\",\"position\":1,\"name\":\"Portada\",\"item\":\"https:\/\/eightandargot.com\/\"},{\"@type\":\"ListItem\",\"position\":2,\"name\":\"Shop\",\"item\":\"https:\/\/eightandargot.com\/shop\/\"},{\"@type\":\"ListItem\",\"position\":3,\"name\":\"MILES derbies\"}]},{\"@type\":\"WebSite\",\"@id\":\"https:\/\/eightandargot.com\/#website\",\"url\":\"https:\/\/eightandargot.com\/\",\"name\":\"EIGHT &amp; ARG\u00d4T\",\"description\":\"Boutique Online\",\"publisher\":{\"@id\":\"https:\/\/eightandargot.com\/#organization\"},\"potentialAction\":[{\"@type\":\"SearchAction\",\"target\":{\"@type\":\"EntryPoint\",\"urlTemplate\":\"https:\/\/eightandargot.com\/?s={search_term_string}\"},\"query-input\":{\"@type\":\"PropertyValueSpecification\",\"valueRequired\":true,\"valueName\":\"search_term_string\"}}],\"inLanguage\":\"en-GB\"},{\"@type\":\"Organization\",\"@id\":\"https:\/\/eightandargot.com\/#organization\",\"name\":\"EIGHT &amp; ARG\u00d4T\",\"url\":\"https:\/\/eightandargot.com\/\",\"logo\":{\"@type\":\"ImageObject\",\"inLanguage\":\"en-GB\",\"@id\":\"https:\/\/eightandargot.com\/#\/schema\/logo\/image\/\",\"url\":\"https:\/\/eightandargot.com\/wp-content\/uploads\/2023\/10\/logo-1.png\",\"contentUrl\":\"https:\/\/eightandargot.com\/wp-content\/uploads\/2023\/10\/logo-1.png\",\"width\":1068,\"height\":128,\"caption\":\"EIGHT &amp; ARG\u00d4T\"},\"image\":{\"@id\":\"https:\/\/eightandargot.com\/#\/schema\/logo\/image\/\"}}]}<\/script>\n<!-- \/ Yoast SEO plugin. -->","yoast_head_json":{"title":"MILES derbies - EIGHT &amp; ARG\u00d4T","robots":{"index":"index","follow":"follow","max-snippet":"max-snippet:-1","max-image-preview":"max-image-preview:large","max-video-preview":"max-video-preview:-1"},"canonical":"https:\/\/eightandargot.com\/en\/product\/miles-derbies\/","og_locale":"en_GB","og_type":"article","og_title":"MILES derbies - EIGHT &amp; ARG\u00d4T","og_description":"El modelo MILES fue nuestro primer derby y ha sido un cl\u00e1sico de la casa desde 2017. Est\u00e1 elaborado artesanalmente en Espa\u00f1a, combinando pieles lisas con empeine de pieles trenzadas a mano. Cierre mediante cordones. Lo que m\u00e1s nos gusta: Son atemporales y se mantienen en nuestro armario como una opci\u00f3n muy vers\u00e1til, adapt\u00e1ndose a los diferentes estilos y ocasiones diarias.","og_url":"https:\/\/eightandargot.com\/en\/product\/miles-derbies\/","og_site_name":"EIGHT &amp; ARG\u00d4T","article_modified_time":"2025-10-27T11:58:14+00:00","og_image":[{"width":1440,"height":1800,"url":"https:\/\/eightandargot.com\/wp-content\/uploads\/2023\/10\/MILES-1.jpg","type":"image\/jpeg"}],"twitter_card":"summary_large_image","twitter_misc":{"Estimated reading time":"1 minute"},"schema":{"@context":"https:\/\/schema.org","@graph":[{"@type":"WebPage","@id":"https:\/\/eightandargot.com\/producto\/miles-derbies\/","url":"https:\/\/eightandargot.com\/producto\/miles-derbies\/","name":"MILES derbies - EIGHT &amp; ARG\u00d4T","isPartOf":{"@id":"https:\/\/eightandargot.com\/#website"},"primaryImageOfPage":{"@id":"https:\/\/eightandargot.com\/producto\/miles-derbies\/#primaryimage"},"image":{"@id":"https:\/\/eightandargot.com\/producto\/miles-derbies\/#primaryimage"},"thumbnailUrl":"https:\/\/eightandargot.com\/wp-content\/uploads\/2023\/10\/MILES-1.jpg","datePublished":"2023-10-18T06:46:36+00:00","dateModified":"2025-10-27T11:58:14+00:00","breadcrumb":{"@id":"https:\/\/eightandargot.com\/producto\/miles-derbies\/#breadcrumb"},"inLanguage":"en-GB","potentialAction":[{"@type":"ReadAction","target":["https:\/\/eightandargot.com\/producto\/miles-derbies\/"]}]},{"@type":"ImageObject","inLanguage":"en-GB","@id":"https:\/\/eightandargot.com\/producto\/miles-derbies\/#primaryimage","url":"https:\/\/eightandargot.com\/wp-content\/uploads\/2023\/10\/MILES-1.jpg","contentUrl":"https:\/\/eightandargot.com\/wp-content\/uploads\/2023\/10\/MILES-1.jpg","width":1440,"height":1800},{"@type":"BreadcrumbList","@id":"https:\/\/eightandargot.com\/producto\/miles-derbies\/#breadcrumb","itemListElement":[{"@type":"ListItem","position":1,"name":"Portada","item":"https:\/\/eightandargot.com\/"},{"@type":"ListItem","position":2,"name":"Shop","item":"https:\/\/eightandargot.com\/shop\/"},{"@type":"ListItem","position":3,"name":"MILES derbies"}]},{"@type":"WebSite","@id":"https:\/\/eightandargot.com\/#website","url":"https:\/\/eightandargot.com\/","name":"EIGHT &amp; ARG\u00d4T","description":"Boutique Online","publisher":{"@id":"https:\/\/eightandargot.com\/#organization"},"potentialAction":[{"@type":"SearchAction","target":{"@type":"EntryPoint","urlTemplate":"https:\/\/eightandargot.com\/?s={search_term_string}"},"query-input":{"@type":"PropertyValueSpecification","valueRequired":true,"valueName":"search_term_string"}}],"inLanguage":"en-GB"},{"@type":"Organization","@id":"https:\/\/eightandargot.com\/#organization","name":"EIGHT &amp; ARG\u00d4T","url":"https:\/\/eightandargot.com\/","logo":{"@type":"ImageObject","inLanguage":"en-GB","@id":"https:\/\/eightandargot.com\/#\/schema\/logo\/image\/","url":"https:\/\/eightandargot.com\/wp-content\/uploads\/2023\/10\/logo-1.png","contentUrl":"https:\/\/eightandargot.com\/wp-content\/uploads\/2023\/10\/logo-1.png","width":1068,"height":128,"caption":"EIGHT &amp; ARG\u00d4T"},"image":{"@id":"https:\/\/eightandargot.com\/#\/schema\/logo\/image\/"}}]}},"taxonomy_info":{"product_cat":[{"value":15,"label":"Oxfords | Derbies | Monks"}],"labels":[{"value":75,"label":"AGOTADO"}]},"featured_image_src_large":["https:\/\/eightandargot.com\/wp-content\/uploads\/2023\/10\/MILES-1-819x1024.jpg",819,1024,true],"author_info":[],"comment_info":"","_links":{"self":[{"href":"https:\/\/eightandargot.com\/en\/wp-json\/wp\/v2\/product\/641","targetHints":{"allow":["GET"]}}],"collection":[{"href":"https:\/\/eightandargot.com\/en\/wp-json\/wp\/v2\/product"}],"about":[{"href":"https:\/\/eightandargot.com\/en\/wp-json\/wp\/v2\/types\/product"}],"wp:featuredmedia":[{"embeddable":true,"href":"https:\/\/eightandargot.com\/en\/wp-json\/wp\/v2\/media\/948"}],"wp:attachment":[{"href":"https:\/\/eightandargot.com\/en\/wp-json\/wp\/v2\/media?parent=641"}],"wp:term":[{"taxonomy":"product_brand","embeddable":true,"href":"https:\/\/eightandargot.com\/en\/wp-json\/wp\/v2\/product_brand?post=641"},{"taxonomy":"product_cat","embeddable":true,"href":"https:\/\/eightandargot.com\/en\/wp-json\/wp\/v2\/product_cat?post=641"},{"taxonomy":"product_tag","embeddable":true,"href":"https:\/\/eightandargot.com\/en\/wp-json\/wp\/v2\/product_tag?post=641"},{"taxonomy":"labels","embeddable":true,"href":"https:\/\/eightandargot.com\/en\/wp-json\/wp\/v2\/labels?post=641"}],"curies":[{"name":"wp","href":"https:\/\/api.w.org\/{rel}","templated":true}]}}