{"id":648,"date":"2023-10-18T07:05:32","date_gmt":"2023-10-18T07:05:32","guid":{"rendered":"http:\/\/eightandargot.com\/?post_type=product&#038;p=648"},"modified":"2024-12-04T11:30:19","modified_gmt":"2024-12-04T10:30:19","slug":"cerise-botines","status":"publish","type":"product","link":"https:\/\/eightandargot.com\/en\/product\/cerise-botines\/","title":{"rendered":"CERISE ankle boots"},"content":{"rendered":"<style>.kb-row-layout-id648_2d6071-9f > .kt-row-column-wrap{align-content:start;}:where(.kb-row-layout-id648_2d6071-9f > .kt-row-column-wrap) > .wp-block-kadence-column{justify-content:start;}.kb-row-layout-id648_2d6071-9f > .kt-row-column-wrap{column-gap:var(--global-kb-gap-none, 0rem );row-gap:var(--global-kb-gap-none, 0rem );padding-top:0px;padding-right:0px;padding-bottom:0px;padding-left:0px;grid-template-columns:repeat(2, minmax(0, 1fr));}.kb-row-layout-id648_2d6071-9f > .kt-row-layout-overlay{opacity:0.30;}@media all and (max-width: 1024px){.kb-row-layout-id648_2d6071-9f > .kt-row-column-wrap{grid-template-columns:repeat(2, minmax(0, 1fr));}}@media all and (max-width: 767px){.kb-row-layout-id648_2d6071-9f > .kt-row-column-wrap{grid-template-columns:repeat(2, minmax(0, 1fr));}}<\/style><div class=\"kb-row-layout-wrap kb-row-layout-id648_2d6071-9f alignnone wp-block-kadence-rowlayout\"><div class=\"kt-row-column-wrap kt-has-2-columns kt-row-layout-equal kt-tab-layout-inherit kt-mobile-layout-equal kt-row-valign-top\">\n<style>.kadence-column648_061fc9-c0 > .kt-inside-inner-col{padding-top:10px;padding-right:10px;padding-bottom:10px;padding-left:10px;}.kadence-column648_061fc9-c0 > .kt-inside-inner-col,.kadence-column648_061fc9-c0 > .kt-inside-inner-col:before{border-top-left-radius:0px;border-top-right-radius:0px;border-bottom-right-radius:0px;border-bottom-left-radius:0px;}.kadence-column648_061fc9-c0 > .kt-inside-inner-col{column-gap:var(--global-kb-gap-sm, 1rem);}.kadence-column648_061fc9-c0 > .kt-inside-inner-col{flex-direction:column;}.kadence-column648_061fc9-c0 > .kt-inside-inner-col > .aligncenter{width:100%;}.kadence-column648_061fc9-c0 > .kt-inside-inner-col:before{opacity:0.3;}.kadence-column648_061fc9-c0{position:relative;}@media all and (max-width: 1024px){.kadence-column648_061fc9-c0 > .kt-inside-inner-col{flex-direction:column;justify-content:center;}}@media all and (max-width: 767px){.kadence-column648_061fc9-c0 > .kt-inside-inner-col{flex-direction:column;justify-content:center;}}<\/style>\n<div class=\"wp-block-kadence-column kadence-column648_061fc9-c0\"><div class=\"kt-inside-inner-col\"><style>.kb-image648_d07184-67 .kb-image-has-overlay:after{opacity:0.3;}<\/style>\n<figure class=\"wp-block-kadence-image kb-image648_d07184-67 size-full kb-image-is-ratio-size\"><div class=\"kb-is-ratio-image kb-image-ratio-port23\"><img loading=\"lazy\" decoding=\"async\" width=\"720\" height=\"960\" src=\"https:\/\/eightandargot.com\/wp-content\/uploads\/2023\/10\/CERISE-1-rotated.jpg\" alt=\"\" class=\"kb-img wp-image-992\" srcset=\"https:\/\/eightandargot.com\/wp-content\/uploads\/2023\/10\/CERISE-1-rotated.jpg 720w, https:\/\/eightandargot.com\/wp-content\/uploads\/2023\/10\/CERISE-1-225x300.jpg 225w\" sizes=\"auto, (max-width: 720px) 100vw, 720px\" \/><\/div><\/figure>\n<\/div><\/div>\n\n\n<style>.kadence-column648_cce800-cc > .kt-inside-inner-col{padding-top:10px;padding-right:10px;padding-bottom:10px;padding-left:10px;}.kadence-column648_cce800-cc > .kt-inside-inner-col,.kadence-column648_cce800-cc > .kt-inside-inner-col:before{border-top-left-radius:0px;border-top-right-radius:0px;border-bottom-right-radius:0px;border-bottom-left-radius:0px;}.kadence-column648_cce800-cc > .kt-inside-inner-col{column-gap:var(--global-kb-gap-sm, 1rem);}.kadence-column648_cce800-cc > .kt-inside-inner-col{flex-direction:column;}.kadence-column648_cce800-cc > .kt-inside-inner-col > .aligncenter{width:100%;}.kadence-column648_cce800-cc > .kt-inside-inner-col:before{opacity:0.3;}.kadence-column648_cce800-cc{position:relative;}@media all and (max-width: 1024px){.kadence-column648_cce800-cc > .kt-inside-inner-col{flex-direction:column;justify-content:center;}}@media all and (max-width: 767px){.kadence-column648_cce800-cc > .kt-inside-inner-col{flex-direction:column;justify-content:center;}}<\/style>\n<div class=\"wp-block-kadence-column kadence-column648_cce800-cc\"><div class=\"kt-inside-inner-col\"><style>.kb-image648_c8102c-31 .kb-image-has-overlay:after{opacity:0.3;}<\/style>\n<figure class=\"wp-block-kadence-image kb-image648_c8102c-31 size-full kb-image-is-ratio-size\"><div class=\"kb-is-ratio-image kb-image-ratio-port23\"><img loading=\"lazy\" decoding=\"async\" width=\"720\" height=\"960\" src=\"https:\/\/eightandargot.com\/wp-content\/uploads\/2023\/10\/CERISE-4.jpg\" alt=\"\" class=\"kb-img wp-image-995\" srcset=\"https:\/\/eightandargot.com\/wp-content\/uploads\/2023\/10\/CERISE-4.jpg 720w, https:\/\/eightandargot.com\/wp-content\/uploads\/2023\/10\/CERISE-4-225x300.jpg 225w\" sizes=\"auto, (max-width: 720px) 100vw, 720px\" \/><\/div><\/figure>\n<\/div><\/div>\n\n<\/div><\/div>\n\n<style>.kb-row-layout-id648_e3aef8-5e > .kt-row-column-wrap{align-content:start;}:where(.kb-row-layout-id648_e3aef8-5e > .kt-row-column-wrap) > .wp-block-kadence-column{justify-content:start;}.kb-row-layout-id648_e3aef8-5e > .kt-row-column-wrap{column-gap:var(--global-kb-gap-none, 0rem );row-gap:var(--global-kb-gap-none, 0rem );padding-top:0px;padding-right:0px;padding-bottom:0px;padding-left:0px;grid-template-columns:repeat(2, minmax(0, 1fr));}.kb-row-layout-id648_e3aef8-5e > .kt-row-layout-overlay{opacity:0.30;}@media all and (max-width: 1024px){.kb-row-layout-id648_e3aef8-5e > .kt-row-column-wrap{grid-template-columns:repeat(2, minmax(0, 1fr));}}@media all and (max-width: 767px){.kb-row-layout-id648_e3aef8-5e > .kt-row-column-wrap{grid-template-columns:repeat(2, minmax(0, 1fr));}}<\/style><div class=\"kb-row-layout-wrap kb-row-layout-id648_e3aef8-5e alignnone wp-block-kadence-rowlayout\"><div class=\"kt-row-column-wrap kt-has-2-columns kt-row-layout-equal kt-tab-layout-inherit kt-mobile-layout-equal kt-row-valign-top\">\n<style>.kadence-column648_16ce22-c8 > .kt-inside-inner-col{padding-top:10px;padding-right:10px;padding-bottom:10px;padding-left:10px;}.kadence-column648_16ce22-c8 > .kt-inside-inner-col,.kadence-column648_16ce22-c8 > .kt-inside-inner-col:before{border-top-left-radius:0px;border-top-right-radius:0px;border-bottom-right-radius:0px;border-bottom-left-radius:0px;}.kadence-column648_16ce22-c8 > .kt-inside-inner-col{column-gap:var(--global-kb-gap-sm, 1rem);}.kadence-column648_16ce22-c8 > .kt-inside-inner-col{flex-direction:column;}.kadence-column648_16ce22-c8 > .kt-inside-inner-col > .aligncenter{width:100%;}.kadence-column648_16ce22-c8 > .kt-inside-inner-col:before{opacity:0.3;}.kadence-column648_16ce22-c8{position:relative;}@media all and (max-width: 1024px){.kadence-column648_16ce22-c8 > .kt-inside-inner-col{flex-direction:column;justify-content:center;}}@media all and (max-width: 767px){.kadence-column648_16ce22-c8 > .kt-inside-inner-col{flex-direction:column;justify-content:center;}}<\/style>\n<div class=\"wp-block-kadence-column kadence-column648_16ce22-c8\"><div class=\"kt-inside-inner-col\"><style>.kb-image648_e948fc-0b .kb-image-has-overlay:after{opacity:0.3;}<\/style>\n<figure class=\"wp-block-kadence-image kb-image648_e948fc-0b size-full kb-image-is-ratio-size\"><div class=\"kb-is-ratio-image kb-image-ratio-port23\"><img loading=\"lazy\" decoding=\"async\" width=\"720\" height=\"960\" src=\"https:\/\/eightandargot.com\/wp-content\/uploads\/2023\/10\/CERISE-3.jpg\" alt=\"\" class=\"kb-img wp-image-994\" srcset=\"https:\/\/eightandargot.com\/wp-content\/uploads\/2023\/10\/CERISE-3.jpg 720w, https:\/\/eightandargot.com\/wp-content\/uploads\/2023\/10\/CERISE-3-225x300.jpg 225w\" sizes=\"auto, (max-width: 720px) 100vw, 720px\" \/><\/div><\/figure>\n<\/div><\/div>\n\n\n<style>.kadence-column648_eda532-9f > .kt-inside-inner-col{padding-top:10px;padding-right:10px;padding-bottom:10px;padding-left:10px;}.kadence-column648_eda532-9f > .kt-inside-inner-col,.kadence-column648_eda532-9f > .kt-inside-inner-col:before{border-top-left-radius:0px;border-top-right-radius:0px;border-bottom-right-radius:0px;border-bottom-left-radius:0px;}.kadence-column648_eda532-9f > .kt-inside-inner-col{column-gap:var(--global-kb-gap-sm, 1rem);}.kadence-column648_eda532-9f > .kt-inside-inner-col{flex-direction:column;}.kadence-column648_eda532-9f > .kt-inside-inner-col > .aligncenter{width:100%;}.kadence-column648_eda532-9f > .kt-inside-inner-col:before{opacity:0.3;}.kadence-column648_eda532-9f{position:relative;}@media all and (max-width: 1024px){.kadence-column648_eda532-9f > .kt-inside-inner-col{flex-direction:column;justify-content:center;}}@media all and (max-width: 767px){.kadence-column648_eda532-9f > .kt-inside-inner-col{flex-direction:column;justify-content:center;}}<\/style>\n<div class=\"wp-block-kadence-column kadence-column648_eda532-9f\"><div class=\"kt-inside-inner-col\"><style>.kb-image648_905146-b9 .kb-image-has-overlay:after{opacity:0.3;}<\/style>\n<figure class=\"wp-block-kadence-image kb-image648_905146-b9 size-full kb-image-is-ratio-size\"><div class=\"kb-is-ratio-image kb-image-ratio-port23\"><img loading=\"lazy\" decoding=\"async\" width=\"908\" height=\"1122\" src=\"https:\/\/eightandargot.com\/wp-content\/uploads\/2024\/02\/cerise1.jpg\" alt=\"\" class=\"kb-img wp-image-3172\" srcset=\"https:\/\/eightandargot.com\/wp-content\/uploads\/2024\/02\/cerise1.jpg 908w, https:\/\/eightandargot.com\/wp-content\/uploads\/2024\/02\/cerise1-243x300.jpg 243w, https:\/\/eightandargot.com\/wp-content\/uploads\/2024\/02\/cerise1-829x1024.jpg 829w, https:\/\/eightandargot.com\/wp-content\/uploads\/2024\/02\/cerise1-768x949.jpg 768w, https:\/\/eightandargot.com\/wp-content\/uploads\/2024\/02\/cerise1-10x12.jpg 10w\" sizes=\"auto, (max-width: 908px) 100vw, 908px\" \/><\/div><\/figure>\n<\/div><\/div>\n\n<\/div><\/div>\n\n<style>.kb-row-layout-id648_a071f2-d7 > .kt-row-column-wrap{align-content:start;}:where(.kb-row-layout-id648_a071f2-d7 > .kt-row-column-wrap) > .wp-block-kadence-column{justify-content:start;}.kb-row-layout-id648_a071f2-d7 > .kt-row-column-wrap{column-gap:var(--global-kb-gap-none, 0rem );row-gap:var(--global-kb-gap-none, 0rem );padding-top:0px;padding-right:0px;padding-bottom:0px;padding-left:0px;grid-template-columns:minmax(0, 1fr);}.kb-row-layout-id648_a071f2-d7 > .kt-row-layout-overlay{opacity:0.30;}@media all and (max-width: 1024px){.kb-row-layout-id648_a071f2-d7 > .kt-row-column-wrap{grid-template-columns:minmax(0, 1fr);}}@media all and (max-width: 767px){.kb-row-layout-id648_a071f2-d7 > .kt-row-column-wrap{grid-template-columns:minmax(0, 1fr);}}<\/style><div class=\"kb-row-layout-wrap kb-row-layout-id648_a071f2-d7 alignnone wp-block-kadence-rowlayout\"><div class=\"kt-row-column-wrap kt-has-1-columns kt-row-layout-equal kt-tab-layout-inherit kt-mobile-layout-row kt-row-valign-top\">\n<style>.kadence-column648_ea1622-e8 > .kt-inside-inner-col{padding-top:10px;padding-right:10px;padding-bottom:10px;padding-left:10px;}.kadence-column648_ea1622-e8 > .kt-inside-inner-col,.kadence-column648_ea1622-e8 > .kt-inside-inner-col:before{border-top-left-radius:0px;border-top-right-radius:0px;border-bottom-right-radius:0px;border-bottom-left-radius:0px;}.kadence-column648_ea1622-e8 > .kt-inside-inner-col{column-gap:var(--global-kb-gap-sm, 1rem);}.kadence-column648_ea1622-e8 > .kt-inside-inner-col{flex-direction:column;}.kadence-column648_ea1622-e8 > .kt-inside-inner-col > .aligncenter{width:100%;}.kadence-column648_ea1622-e8 > .kt-inside-inner-col:before{opacity:0.3;}.kadence-column648_ea1622-e8{position:relative;}@media all and (max-width: 1024px){.kadence-column648_ea1622-e8 > .kt-inside-inner-col{flex-direction:column;justify-content:center;}}@media all and (max-width: 767px){.kadence-column648_ea1622-e8 > .kt-inside-inner-col{flex-direction:column;justify-content:center;}}<\/style>\n<div class=\"wp-block-kadence-column kadence-column648_ea1622-e8\"><div class=\"kt-inside-inner-col\"><style>.kb-image648_86f894-f1 .kb-image-has-overlay:after{opacity:0.3;}<\/style>\n<figure class=\"wp-block-kadence-image kb-image648_86f894-f1 size-full\"><img loading=\"lazy\" decoding=\"async\" width=\"1937\" height=\"1938\" src=\"https:\/\/eightandargot.com\/wp-content\/uploads\/2023\/10\/CERISE-2.jpg\" alt=\"\" class=\"kb-img wp-image-993\" srcset=\"https:\/\/eightandargot.com\/wp-content\/uploads\/2023\/10\/CERISE-2.jpg 1937w, https:\/\/eightandargot.com\/wp-content\/uploads\/2023\/10\/CERISE-2-100x100.jpg 100w, https:\/\/eightandargot.com\/wp-content\/uploads\/2023\/10\/CERISE-2-900x900.jpg 900w, https:\/\/eightandargot.com\/wp-content\/uploads\/2023\/10\/CERISE-2-300x300.jpg 300w, https:\/\/eightandargot.com\/wp-content\/uploads\/2023\/10\/CERISE-2-1024x1024.jpg 1024w, https:\/\/eightandargot.com\/wp-content\/uploads\/2023\/10\/CERISE-2-150x150.jpg 150w, https:\/\/eightandargot.com\/wp-content\/uploads\/2023\/10\/CERISE-2-768x768.jpg 768w, https:\/\/eightandargot.com\/wp-content\/uploads\/2023\/10\/CERISE-2-1536x1536.jpg 1536w, https:\/\/eightandargot.com\/wp-content\/uploads\/2023\/10\/CERISE-2-1800x1800.jpg 1800w, https:\/\/eightandargot.com\/wp-content\/uploads\/2023\/10\/CERISE-2-256x256.jpg 256w, https:\/\/eightandargot.com\/wp-content\/uploads\/2023\/10\/CERISE-2-128x128.jpg 128w\" sizes=\"auto, (max-width: 1937px) 100vw, 1937px\" \/><\/figure>\n<\/div><\/div>\n\n<\/div><\/div>\n\n<style>.kb-row-layout-id648_fdb3f5-54 > .kt-row-column-wrap{align-content:start;}:where(.kb-row-layout-id648_fdb3f5-54 > .kt-row-column-wrap) > .wp-block-kadence-column{justify-content:start;}.kb-row-layout-id648_fdb3f5-54 > .kt-row-column-wrap{column-gap:var(--global-kb-gap-none, 0rem );row-gap:var(--global-kb-gap-none, 0rem );padding-top:0px;padding-right:0px;padding-bottom:0px;padding-left:0px;grid-template-columns:minmax(0, 1fr);}.kb-row-layout-id648_fdb3f5-54 > .kt-row-layout-overlay{opacity:0.30;}@media all and (max-width: 1024px){.kb-row-layout-id648_fdb3f5-54 > .kt-row-column-wrap{grid-template-columns:minmax(0, 1fr);}}@media all and (max-width: 767px){.kb-row-layout-id648_fdb3f5-54 > .kt-row-column-wrap{grid-template-columns:minmax(0, 1fr);}}<\/style><div class=\"kb-row-layout-wrap kb-row-layout-id648_fdb3f5-54 alignnone wp-block-kadence-rowlayout\"><div class=\"kt-row-column-wrap kt-has-1-columns kt-row-layout-equal kt-tab-layout-inherit kt-mobile-layout-row kt-row-valign-top\">\n<style>.kadence-column648_8331d0-8c > .kt-inside-inner-col,.kadence-column648_8331d0-8c > .kt-inside-inner-col:before{border-top-left-radius:0px;border-top-right-radius:0px;border-bottom-right-radius:0px;border-bottom-left-radius:0px;}.kadence-column648_8331d0-8c > .kt-inside-inner-col{column-gap:var(--global-kb-gap-sm, 1rem);}.kadence-column648_8331d0-8c > .kt-inside-inner-col{flex-direction:column;}.kadence-column648_8331d0-8c > .kt-inside-inner-col > .aligncenter{width:100%;}.kadence-column648_8331d0-8c > .kt-inside-inner-col:before{opacity:0.3;}.kadence-column648_8331d0-8c{position:relative;}@media all and (max-width: 1024px){.kadence-column648_8331d0-8c > .kt-inside-inner-col{flex-direction:column;justify-content:center;}}@media all and (max-width: 767px){.kadence-column648_8331d0-8c > .kt-inside-inner-col{flex-direction:column;justify-content:center;}}<\/style>\n<div class=\"wp-block-kadence-column kadence-column648_8331d0-8c\"><div class=\"kt-inside-inner-col\"><\/div><\/div>\n\n<\/div><\/div>","protected":false},"excerpt":{"rendered":"<p>The CERISE style is handcrafted in Spain from stunning cherry-colored leather. Super comfortable for all-day (and night!) wear, thanks to its carefully designed shape and pitch of the boot\u2019s structure for better back comfort, and its 6.5 cm block heel that offers the perfect blend of lift, stability, and ease. Fastened with dark brown laces.<\/p>\n<p><strong>What we love the most:<\/strong> Its vintage charm and open tongue design, which doesn\u2019t visually shorten the leg, making it ideal for pairing with skirts and dresses as well.<\/p>","protected":false},"featured_media":992,"template":"","meta":{"_acf_changed":true,"_kad_blocks_custom_css":"","_kad_blocks_head_custom_js":"","_kad_blocks_body_custom_js":"","_kad_blocks_footer_custom_js":"","_kadence_starter_templates_imported_post":false,"_kad_post_transparent":"default","_kad_post_title":"","_kad_post_layout":"default","_kad_post_sidebar_id":"","_kad_post_content_style":"default","_kad_post_vertical_padding":"default","_kad_post_feature":"","_kad_post_feature_position":"","_kad_post_header":false,"_kad_post_footer":false},"product_brand":[],"product_cat":[43],"product_tag":[],"labels":[75],"class_list":{"0":"post-648","1":"product","2":"type-product","3":"status-publish","4":"has-post-thumbnail","6":"product_cat-botines","7":"labels-agotado","9":"first","10":"instock","11":"taxable","12":"shipping-taxable","13":"product-type-variable","14":"entry","15":"content-bg","16":"loop-entry"},"acf":[],"yoast_head":"<!-- This site is optimized with the Yoast SEO plugin v25.5 - https:\/\/yoast.com\/wordpress\/plugins\/seo\/ -->\n<title>CERISE botines - EIGHT &amp; ARG\u00d4T<\/title>\n<meta name=\"robots\" content=\"index, follow, max-snippet:-1, max-image-preview:large, max-video-preview:-1\" \/>\n<link rel=\"canonical\" href=\"https:\/\/eightandargot.com\/en\/product\/cerise-botines\/\" \/>\n<meta property=\"og:locale\" content=\"en_GB\" \/>\n<meta property=\"og:type\" content=\"article\" \/>\n<meta property=\"og:title\" content=\"CERISE botines - EIGHT &amp; ARG\u00d4T\" \/>\n<meta property=\"og:description\" content=\"El modelo CERISE est\u00e1 elaborado artesanalmente en Espa\u00f1a con una suave piel color cereza. Super c\u00f3modo para aguantar todo el d\u00eda (y noche!), gracias a la estudiada forma e inclinaci\u00f3n de su horma (para mayor comodidad de la espalda), y a su ancho tac\u00f3n de 6,5 cm altura. Cierre mediante cordones color marr\u00f3n oscuro. Lo que m\u00e1s nos gusta: Su encanto vintage y su escote abierto en leng\u00fceta, que no acorta visualmente la pierna y lo hace ideal para llevar con faldas y vestidos.\" \/>\n<meta property=\"og:url\" content=\"https:\/\/eightandargot.com\/en\/product\/cerise-botines\/\" \/>\n<meta property=\"og:site_name\" content=\"EIGHT &amp; ARG\u00d4T\" \/>\n<meta property=\"article:modified_time\" content=\"2024-12-04T10:30:19+00:00\" \/>\n<meta property=\"og:image\" content=\"https:\/\/eightandargot.com\/wp-content\/uploads\/2023\/10\/CERISE-1-rotated.jpg\" \/>\n\t<meta property=\"og:image:width\" content=\"720\" \/>\n\t<meta property=\"og:image:height\" content=\"960\" \/>\n\t<meta property=\"og:image:type\" content=\"image\/jpeg\" \/>\n<meta name=\"twitter:card\" content=\"summary_large_image\" \/>\n<meta name=\"twitter:label1\" content=\"Estimated reading time\" \/>\n\t<meta name=\"twitter:data1\" content=\"2 minutes\" \/>\n<script type=\"application\/ld+json\" class=\"yoast-schema-graph\">{\"@context\":\"https:\/\/schema.org\",\"@graph\":[{\"@type\":\"WebPage\",\"@id\":\"https:\/\/eightandargot.com\/producto\/cerise-botines\/\",\"url\":\"https:\/\/eightandargot.com\/producto\/cerise-botines\/\",\"name\":\"CERISE botines - EIGHT &amp; ARG\u00d4T\",\"isPartOf\":{\"@id\":\"https:\/\/eightandargot.com\/#website\"},\"primaryImageOfPage\":{\"@id\":\"https:\/\/eightandargot.com\/producto\/cerise-botines\/#primaryimage\"},\"image\":{\"@id\":\"https:\/\/eightandargot.com\/producto\/cerise-botines\/#primaryimage\"},\"thumbnailUrl\":\"https:\/\/eightandargot.com\/wp-content\/uploads\/2023\/10\/CERISE-1-rotated.jpg\",\"datePublished\":\"2023-10-18T07:05:32+00:00\",\"dateModified\":\"2024-12-04T10:30:19+00:00\",\"breadcrumb\":{\"@id\":\"https:\/\/eightandargot.com\/producto\/cerise-botines\/#breadcrumb\"},\"inLanguage\":\"en-GB\",\"potentialAction\":[{\"@type\":\"ReadAction\",\"target\":[\"https:\/\/eightandargot.com\/producto\/cerise-botines\/\"]}]},{\"@type\":\"ImageObject\",\"inLanguage\":\"en-GB\",\"@id\":\"https:\/\/eightandargot.com\/producto\/cerise-botines\/#primaryimage\",\"url\":\"https:\/\/eightandargot.com\/wp-content\/uploads\/2023\/10\/CERISE-1-rotated.jpg\",\"contentUrl\":\"https:\/\/eightandargot.com\/wp-content\/uploads\/2023\/10\/CERISE-1-rotated.jpg\",\"width\":720,\"height\":960},{\"@type\":\"BreadcrumbList\",\"@id\":\"https:\/\/eightandargot.com\/producto\/cerise-botines\/#breadcrumb\",\"itemListElement\":[{\"@type\":\"ListItem\",\"position\":1,\"name\":\"Portada\",\"item\":\"https:\/\/eightandargot.com\/\"},{\"@type\":\"ListItem\",\"position\":2,\"name\":\"Shop\",\"item\":\"https:\/\/eightandargot.com\/shop\/\"},{\"@type\":\"ListItem\",\"position\":3,\"name\":\"CERISE botines\"}]},{\"@type\":\"WebSite\",\"@id\":\"https:\/\/eightandargot.com\/#website\",\"url\":\"https:\/\/eightandargot.com\/\",\"name\":\"EIGHT &amp; ARG\u00d4T\",\"description\":\"Boutique Online\",\"publisher\":{\"@id\":\"https:\/\/eightandargot.com\/#organization\"},\"potentialAction\":[{\"@type\":\"SearchAction\",\"target\":{\"@type\":\"EntryPoint\",\"urlTemplate\":\"https:\/\/eightandargot.com\/?s={search_term_string}\"},\"query-input\":{\"@type\":\"PropertyValueSpecification\",\"valueRequired\":true,\"valueName\":\"search_term_string\"}}],\"inLanguage\":\"en-GB\"},{\"@type\":\"Organization\",\"@id\":\"https:\/\/eightandargot.com\/#organization\",\"name\":\"EIGHT &amp; ARG\u00d4T\",\"url\":\"https:\/\/eightandargot.com\/\",\"logo\":{\"@type\":\"ImageObject\",\"inLanguage\":\"en-GB\",\"@id\":\"https:\/\/eightandargot.com\/#\/schema\/logo\/image\/\",\"url\":\"https:\/\/eightandargot.com\/wp-content\/uploads\/2023\/10\/logo-1.png\",\"contentUrl\":\"https:\/\/eightandargot.com\/wp-content\/uploads\/2023\/10\/logo-1.png\",\"width\":1068,\"height\":128,\"caption\":\"EIGHT &amp; ARG\u00d4T\"},\"image\":{\"@id\":\"https:\/\/eightandargot.com\/#\/schema\/logo\/image\/\"}}]}<\/script>\n<!-- \/ Yoast SEO plugin. -->","yoast_head_json":{"title":"CERISE botines - EIGHT &amp; ARG\u00d4T","robots":{"index":"index","follow":"follow","max-snippet":"max-snippet:-1","max-image-preview":"max-image-preview:large","max-video-preview":"max-video-preview:-1"},"canonical":"https:\/\/eightandargot.com\/en\/product\/cerise-botines\/","og_locale":"en_GB","og_type":"article","og_title":"CERISE botines - EIGHT &amp; ARG\u00d4T","og_description":"El modelo CERISE est\u00e1 elaborado artesanalmente en Espa\u00f1a con una suave piel color cereza. Super c\u00f3modo para aguantar todo el d\u00eda (y noche!), gracias a la estudiada forma e inclinaci\u00f3n de su horma (para mayor comodidad de la espalda), y a su ancho tac\u00f3n de 6,5 cm altura. Cierre mediante cordones color marr\u00f3n oscuro. Lo que m\u00e1s nos gusta: Su encanto vintage y su escote abierto en leng\u00fceta, que no acorta visualmente la pierna y lo hace ideal para llevar con faldas y vestidos.","og_url":"https:\/\/eightandargot.com\/en\/product\/cerise-botines\/","og_site_name":"EIGHT &amp; ARG\u00d4T","article_modified_time":"2024-12-04T10:30:19+00:00","og_image":[{"width":720,"height":960,"url":"https:\/\/eightandargot.com\/wp-content\/uploads\/2023\/10\/CERISE-1-rotated.jpg","type":"image\/jpeg"}],"twitter_card":"summary_large_image","twitter_misc":{"Estimated reading time":"2 minutes"},"schema":{"@context":"https:\/\/schema.org","@graph":[{"@type":"WebPage","@id":"https:\/\/eightandargot.com\/producto\/cerise-botines\/","url":"https:\/\/eightandargot.com\/producto\/cerise-botines\/","name":"CERISE botines - EIGHT &amp; ARG\u00d4T","isPartOf":{"@id":"https:\/\/eightandargot.com\/#website"},"primaryImageOfPage":{"@id":"https:\/\/eightandargot.com\/producto\/cerise-botines\/#primaryimage"},"image":{"@id":"https:\/\/eightandargot.com\/producto\/cerise-botines\/#primaryimage"},"thumbnailUrl":"https:\/\/eightandargot.com\/wp-content\/uploads\/2023\/10\/CERISE-1-rotated.jpg","datePublished":"2023-10-18T07:05:32+00:00","dateModified":"2024-12-04T10:30:19+00:00","breadcrumb":{"@id":"https:\/\/eightandargot.com\/producto\/cerise-botines\/#breadcrumb"},"inLanguage":"en-GB","potentialAction":[{"@type":"ReadAction","target":["https:\/\/eightandargot.com\/producto\/cerise-botines\/"]}]},{"@type":"ImageObject","inLanguage":"en-GB","@id":"https:\/\/eightandargot.com\/producto\/cerise-botines\/#primaryimage","url":"https:\/\/eightandargot.com\/wp-content\/uploads\/2023\/10\/CERISE-1-rotated.jpg","contentUrl":"https:\/\/eightandargot.com\/wp-content\/uploads\/2023\/10\/CERISE-1-rotated.jpg","width":720,"height":960},{"@type":"BreadcrumbList","@id":"https:\/\/eightandargot.com\/producto\/cerise-botines\/#breadcrumb","itemListElement":[{"@type":"ListItem","position":1,"name":"Portada","item":"https:\/\/eightandargot.com\/"},{"@type":"ListItem","position":2,"name":"Shop","item":"https:\/\/eightandargot.com\/shop\/"},{"@type":"ListItem","position":3,"name":"CERISE botines"}]},{"@type":"WebSite","@id":"https:\/\/eightandargot.com\/#website","url":"https:\/\/eightandargot.com\/","name":"EIGHT &amp; ARG\u00d4T","description":"Boutique Online","publisher":{"@id":"https:\/\/eightandargot.com\/#organization"},"potentialAction":[{"@type":"SearchAction","target":{"@type":"EntryPoint","urlTemplate":"https:\/\/eightandargot.com\/?s={search_term_string}"},"query-input":{"@type":"PropertyValueSpecification","valueRequired":true,"valueName":"search_term_string"}}],"inLanguage":"en-GB"},{"@type":"Organization","@id":"https:\/\/eightandargot.com\/#organization","name":"EIGHT &amp; ARG\u00d4T","url":"https:\/\/eightandargot.com\/","logo":{"@type":"ImageObject","inLanguage":"en-GB","@id":"https:\/\/eightandargot.com\/#\/schema\/logo\/image\/","url":"https:\/\/eightandargot.com\/wp-content\/uploads\/2023\/10\/logo-1.png","contentUrl":"https:\/\/eightandargot.com\/wp-content\/uploads\/2023\/10\/logo-1.png","width":1068,"height":128,"caption":"EIGHT &amp; ARG\u00d4T"},"image":{"@id":"https:\/\/eightandargot.com\/#\/schema\/logo\/image\/"}}]}},"taxonomy_info":{"product_cat":[{"value":43,"label":"Botines"}],"labels":[{"value":75,"label":"AGOTADO"}]},"featured_image_src_large":["https:\/\/eightandargot.com\/wp-content\/uploads\/2023\/10\/CERISE-1-rotated.jpg",720,960,false],"author_info":[],"comment_info":"","_links":{"self":[{"href":"https:\/\/eightandargot.com\/en\/wp-json\/wp\/v2\/product\/648","targetHints":{"allow":["GET"]}}],"collection":[{"href":"https:\/\/eightandargot.com\/en\/wp-json\/wp\/v2\/product"}],"about":[{"href":"https:\/\/eightandargot.com\/en\/wp-json\/wp\/v2\/types\/product"}],"wp:featuredmedia":[{"embeddable":true,"href":"https:\/\/eightandargot.com\/en\/wp-json\/wp\/v2\/media\/992"}],"wp:attachment":[{"href":"https:\/\/eightandargot.com\/en\/wp-json\/wp\/v2\/media?parent=648"}],"wp:term":[{"taxonomy":"product_brand","embeddable":true,"href":"https:\/\/eightandargot.com\/en\/wp-json\/wp\/v2\/product_brand?post=648"},{"taxonomy":"product_cat","embeddable":true,"href":"https:\/\/eightandargot.com\/en\/wp-json\/wp\/v2\/product_cat?post=648"},{"taxonomy":"product_tag","embeddable":true,"href":"https:\/\/eightandargot.com\/en\/wp-json\/wp\/v2\/product_tag?post=648"},{"taxonomy":"labels","embeddable":true,"href":"https:\/\/eightandargot.com\/en\/wp-json\/wp\/v2\/labels?post=648"}],"curies":[{"name":"wp","href":"https:\/\/api.w.org\/{rel}","templated":true}]}}