{"id":652,"date":"2023-10-18T07:10:00","date_gmt":"2023-10-18T07:10:00","guid":{"rendered":"http:\/\/eightandargot.com\/?post_type=product&#038;p=652"},"modified":"2024-12-04T11:30:21","modified_gmt":"2024-12-04T10:30:21","slug":"matcha-t-bar","status":"publish","type":"product","link":"https:\/\/eightandargot.com\/en\/product\/matcha-t-bar\/","title":{"rendered":"MATCHA t-bar"},"content":{"rendered":"<style>.kb-row-layout-id652_f5c3ee-d6 > .kt-row-column-wrap{align-content:start;}:where(.kb-row-layout-id652_f5c3ee-d6 > .kt-row-column-wrap) > .wp-block-kadence-column{justify-content:start;}.kb-row-layout-id652_f5c3ee-d6 > .kt-row-column-wrap{column-gap:var(--global-kb-gap-none, 0rem );row-gap:var(--global-kb-gap-none, 0rem );padding-top:0px;padding-right:0px;padding-bottom:0px;padding-left:0px;grid-template-columns:repeat(2, minmax(0, 1fr));}.kb-row-layout-id652_f5c3ee-d6 > .kt-row-layout-overlay{opacity:0.30;}@media all and (max-width: 1024px){.kb-row-layout-id652_f5c3ee-d6 > .kt-row-column-wrap{grid-template-columns:repeat(2, minmax(0, 1fr));}}@media all and (max-width: 767px){.kb-row-layout-id652_f5c3ee-d6 > .kt-row-column-wrap{grid-template-columns:repeat(2, minmax(0, 1fr));}}<\/style><div class=\"kb-row-layout-wrap kb-row-layout-id652_f5c3ee-d6 alignnone wp-block-kadence-rowlayout\"><div class=\"kt-row-column-wrap kt-has-2-columns kt-row-layout-equal kt-tab-layout-inherit kt-mobile-layout-equal kt-row-valign-top\">\n<style>.kadence-column652_1fecbe-08 > .kt-inside-inner-col{padding-top:10px;padding-right:10px;padding-bottom:10px;padding-left:10px;}.kadence-column652_1fecbe-08 > .kt-inside-inner-col,.kadence-column652_1fecbe-08 > .kt-inside-inner-col:before{border-top-left-radius:0px;border-top-right-radius:0px;border-bottom-right-radius:0px;border-bottom-left-radius:0px;}.kadence-column652_1fecbe-08 > .kt-inside-inner-col{column-gap:var(--global-kb-gap-sm, 1rem);}.kadence-column652_1fecbe-08 > .kt-inside-inner-col{flex-direction:column;}.kadence-column652_1fecbe-08 > .kt-inside-inner-col > .aligncenter{width:100%;}.kadence-column652_1fecbe-08 > .kt-inside-inner-col:before{opacity:0.3;}.kadence-column652_1fecbe-08{position:relative;}@media all and (max-width: 1024px){.kadence-column652_1fecbe-08 > .kt-inside-inner-col{flex-direction:column;justify-content:center;}}@media all and (max-width: 767px){.kadence-column652_1fecbe-08 > .kt-inside-inner-col{flex-direction:column;justify-content:center;}}<\/style>\n<div class=\"wp-block-kadence-column kadence-column652_1fecbe-08\"><div class=\"kt-inside-inner-col\"><style>.kb-image652_a34cb2-6d .kb-image-has-overlay:after{opacity:0.3;}<\/style>\n<figure class=\"wp-block-kadence-image kb-image652_a34cb2-6d size-large kb-image-is-ratio-size\"><div class=\"kb-is-ratio-image kb-image-ratio-port23\"><img loading=\"lazy\" decoding=\"async\" width=\"576\" height=\"1024\" src=\"http:\/\/eightandargot.com\/wp-content\/uploads\/2023\/10\/MATCHA-1-576x1024.jpg\" alt=\"\" class=\"kb-img wp-image-1009\" srcset=\"https:\/\/eightandargot.com\/wp-content\/uploads\/2023\/10\/MATCHA-1-576x1024.jpg 576w, https:\/\/eightandargot.com\/wp-content\/uploads\/2023\/10\/MATCHA-1-169x300.jpg 169w, https:\/\/eightandargot.com\/wp-content\/uploads\/2023\/10\/MATCHA-1-768x1365.jpg 768w, https:\/\/eightandargot.com\/wp-content\/uploads\/2023\/10\/MATCHA-1-864x1536.jpg 864w, https:\/\/eightandargot.com\/wp-content\/uploads\/2023\/10\/MATCHA-1.jpg 1080w\" sizes=\"auto, (max-width: 576px) 100vw, 576px\" \/><\/div><\/figure>\n<\/div><\/div>\n\n\n<style>.kadence-column652_14992d-4d > .kt-inside-inner-col{padding-top:10px;padding-right:10px;padding-bottom:10px;padding-left:10px;}.kadence-column652_14992d-4d > .kt-inside-inner-col,.kadence-column652_14992d-4d > .kt-inside-inner-col:before{border-top-left-radius:0px;border-top-right-radius:0px;border-bottom-right-radius:0px;border-bottom-left-radius:0px;}.kadence-column652_14992d-4d > .kt-inside-inner-col{column-gap:var(--global-kb-gap-sm, 1rem);}.kadence-column652_14992d-4d > .kt-inside-inner-col{flex-direction:column;}.kadence-column652_14992d-4d > .kt-inside-inner-col > .aligncenter{width:100%;}.kadence-column652_14992d-4d > .kt-inside-inner-col:before{opacity:0.3;}.kadence-column652_14992d-4d{position:relative;}@media all and (max-width: 1024px){.kadence-column652_14992d-4d > .kt-inside-inner-col{flex-direction:column;justify-content:center;}}@media all and (max-width: 767px){.kadence-column652_14992d-4d > .kt-inside-inner-col{flex-direction:column;justify-content:center;}}<\/style>\n<div class=\"wp-block-kadence-column kadence-column652_14992d-4d\"><div class=\"kt-inside-inner-col\"><style>.kb-image652_f6940d-21 .kb-image-has-overlay:after{opacity:0.3;}<\/style>\n<figure class=\"wp-block-kadence-image kb-image652_f6940d-21 size-large kb-image-is-ratio-size\"><div class=\"kb-is-ratio-image kb-image-ratio-port23\"><img loading=\"lazy\" decoding=\"async\" width=\"768\" height=\"1024\" src=\"http:\/\/eightandargot.com\/wp-content\/uploads\/2023\/10\/MATCHA-2-768x1024.jpg\" alt=\"\" class=\"kb-img wp-image-1010\" srcset=\"https:\/\/eightandargot.com\/wp-content\/uploads\/2023\/10\/MATCHA-2-768x1024.jpg 768w, https:\/\/eightandargot.com\/wp-content\/uploads\/2023\/10\/MATCHA-2-225x300.jpg 225w, https:\/\/eightandargot.com\/wp-content\/uploads\/2023\/10\/MATCHA-2-1152x1536.jpg 1152w, https:\/\/eightandargot.com\/wp-content\/uploads\/2023\/10\/MATCHA-2-1536x2048.jpg 1536w, https:\/\/eightandargot.com\/wp-content\/uploads\/2023\/10\/MATCHA-2-scaled.jpg 1920w\" sizes=\"auto, (max-width: 768px) 100vw, 768px\" \/><\/div><\/figure>\n<\/div><\/div>\n\n<\/div><\/div>\n\n<style>.kb-row-layout-id652_7593f1-1d > .kt-row-column-wrap{align-content:start;}:where(.kb-row-layout-id652_7593f1-1d > .kt-row-column-wrap) > .wp-block-kadence-column{justify-content:start;}.kb-row-layout-id652_7593f1-1d > .kt-row-column-wrap{column-gap:var(--global-kb-gap-none, 0rem );row-gap:var(--global-kb-gap-none, 0rem );padding-top:0px;padding-right:0px;padding-bottom:0px;padding-left:0px;grid-template-columns:minmax(0, 1fr);}.kb-row-layout-id652_7593f1-1d > .kt-row-layout-overlay{opacity:0.30;}@media all and (max-width: 1024px){.kb-row-layout-id652_7593f1-1d > .kt-row-column-wrap{grid-template-columns:minmax(0, 1fr);}}@media all and (max-width: 767px){.kb-row-layout-id652_7593f1-1d > .kt-row-column-wrap{grid-template-columns:minmax(0, 1fr);}}<\/style><div class=\"kb-row-layout-wrap kb-row-layout-id652_7593f1-1d alignnone wp-block-kadence-rowlayout\"><div class=\"kt-row-column-wrap kt-has-1-columns kt-row-layout-equal kt-tab-layout-inherit kt-mobile-layout-row kt-row-valign-top\">\n<style>.kadence-column652_8974fc-6c > .kt-inside-inner-col{padding-top:10px;padding-right:10px;padding-bottom:10px;padding-left:10px;}.kadence-column652_8974fc-6c > .kt-inside-inner-col,.kadence-column652_8974fc-6c > .kt-inside-inner-col:before{border-top-left-radius:0px;border-top-right-radius:0px;border-bottom-right-radius:0px;border-bottom-left-radius:0px;}.kadence-column652_8974fc-6c > .kt-inside-inner-col{column-gap:var(--global-kb-gap-sm, 1rem);}.kadence-column652_8974fc-6c > .kt-inside-inner-col{flex-direction:column;}.kadence-column652_8974fc-6c > .kt-inside-inner-col > .aligncenter{width:100%;}.kadence-column652_8974fc-6c > .kt-inside-inner-col:before{opacity:0.3;}.kadence-column652_8974fc-6c{position:relative;}@media all and (max-width: 1024px){.kadence-column652_8974fc-6c > .kt-inside-inner-col{flex-direction:column;justify-content:center;}}@media all and (max-width: 767px){.kadence-column652_8974fc-6c > .kt-inside-inner-col{flex-direction:column;justify-content:center;}}<\/style>\n<div class=\"wp-block-kadence-column kadence-column652_8974fc-6c\"><div class=\"kt-inside-inner-col\"><style>.kb-image652_17efcd-b7 .kb-image-has-overlay:after{opacity:0.3;}<\/style>\n<figure class=\"wp-block-kadence-image kb-image652_17efcd-b7 size-full kb-image-is-ratio-size\"><div class=\"kb-is-ratio-image kb-image-ratio-square\"><img loading=\"lazy\" decoding=\"async\" width=\"991\" height=\"991\" src=\"http:\/\/eightandargot.com\/wp-content\/uploads\/2023\/10\/MATCHA-3.jpg\" alt=\"\" class=\"kb-img wp-image-1011\" srcset=\"https:\/\/eightandargot.com\/wp-content\/uploads\/2023\/10\/MATCHA-3.jpg 991w, https:\/\/eightandargot.com\/wp-content\/uploads\/2023\/10\/MATCHA-3-100x100.jpg 100w, https:\/\/eightandargot.com\/wp-content\/uploads\/2023\/10\/MATCHA-3-900x900.jpg 900w, https:\/\/eightandargot.com\/wp-content\/uploads\/2023\/10\/MATCHA-3-300x300.jpg 300w, https:\/\/eightandargot.com\/wp-content\/uploads\/2023\/10\/MATCHA-3-150x150.jpg 150w, https:\/\/eightandargot.com\/wp-content\/uploads\/2023\/10\/MATCHA-3-768x768.jpg 768w, https:\/\/eightandargot.com\/wp-content\/uploads\/2023\/10\/MATCHA-3-256x256.jpg 256w, https:\/\/eightandargot.com\/wp-content\/uploads\/2023\/10\/MATCHA-3-128x128.jpg 128w\" sizes=\"auto, (max-width: 991px) 100vw, 991px\" \/><\/div><\/figure>\n<\/div><\/div>\n\n<\/div><\/div>","protected":false},"excerpt":{"rendered":"<p>Timelessly versatile, suitable for today and beyond, the MATCHA style is handcrafted in Spain, combining croc-effect leather in matcha green tones with a dark green patent leather cap toe. The 7.5 cm block heel offers the perfect blend of lift, stability, and ease, making it ideal for from-dawn-to-dusk wear. Comfort-driven features include a rounded, wide toe box to alleviate foot crowding and a carefully designed shape and pitch of the shoe\u2019s structure to enhance back comfort. Adjustable silver buckle fastening.<\/p>\n<p><strong>What we love the most:<\/strong> They instantly elevate any outfit, flattering both skirts and pants.<\/p>","protected":false},"featured_media":1009,"template":"","meta":{"_acf_changed":true,"_kad_blocks_custom_css":"","_kad_blocks_head_custom_js":"","_kad_blocks_body_custom_js":"","_kad_blocks_footer_custom_js":"","_kadence_starter_templates_imported_post":false,"_kad_post_transparent":"default","_kad_post_title":"","_kad_post_layout":"default","_kad_post_sidebar_id":"","_kad_post_content_style":"default","_kad_post_vertical_padding":"default","_kad_post_feature":"","_kad_post_feature_position":"","_kad_post_header":false,"_kad_post_footer":false},"product_brand":[],"product_cat":[44],"product_tag":[],"labels":[75],"class_list":{"0":"post-652","1":"product","2":"type-product","3":"status-publish","4":"has-post-thumbnail","6":"product_cat-zapatos-de-tacon","7":"labels-agotado","9":"first","10":"instock","11":"taxable","12":"shipping-taxable","13":"product-type-variable","14":"entry","15":"content-bg","16":"loop-entry"},"acf":[],"yoast_head":"<!-- This site is optimized with the Yoast SEO plugin v25.5 - https:\/\/yoast.com\/wordpress\/plugins\/seo\/ -->\n<title>MATCHA t-bar - EIGHT &amp; ARG\u00d4T<\/title>\n<meta name=\"robots\" content=\"index, follow, max-snippet:-1, max-image-preview:large, max-video-preview:-1\" \/>\n<link rel=\"canonical\" href=\"https:\/\/eightandargot.com\/en\/product\/matcha-t-bar\/\" \/>\n<meta property=\"og:locale\" content=\"en_GB\" \/>\n<meta property=\"og:type\" content=\"article\" \/>\n<meta property=\"og:title\" content=\"MATCHA t-bar - EIGHT &amp; ARG\u00d4T\" \/>\n<meta property=\"og:description\" content=\"El modelo MATCHA est\u00e1 elaborado artesanalmente en Espa\u00f1a, combinando piel efecto croco en tonos verde matcha y piel acharolada verde oscuro. Super c\u00f3modos para aguantar todo el d\u00eda (y noche!), gracias a la estudiada forma e inclinaci\u00f3n de su horma (para mayor comodidad de la espalda), y a su ancho tac\u00f3n de 7,5 cm altura. Cierre con hebilla plateada y broche regulable. Lo que m\u00e1s nos gusta: Estilizan cualquier look, muy favorecedores para llevar con falda o pantal\u00f3n.\" \/>\n<meta property=\"og:url\" content=\"https:\/\/eightandargot.com\/en\/product\/matcha-t-bar\/\" \/>\n<meta property=\"og:site_name\" content=\"EIGHT &amp; ARG\u00d4T\" \/>\n<meta property=\"article:modified_time\" content=\"2024-12-04T10:30:21+00:00\" \/>\n<meta property=\"og:image\" content=\"https:\/\/eightandargot.com\/wp-content\/uploads\/2023\/10\/MATCHA-1.jpg\" \/>\n\t<meta property=\"og:image:width\" content=\"1080\" \/>\n\t<meta property=\"og:image:height\" content=\"1920\" \/>\n\t<meta property=\"og:image:type\" content=\"image\/jpeg\" \/>\n<meta name=\"twitter:card\" content=\"summary_large_image\" \/>\n<meta name=\"twitter:label1\" content=\"Estimated reading time\" \/>\n\t<meta name=\"twitter:data1\" content=\"1 minute\" \/>\n<script type=\"application\/ld+json\" class=\"yoast-schema-graph\">{\"@context\":\"https:\/\/schema.org\",\"@graph\":[{\"@type\":\"WebPage\",\"@id\":\"https:\/\/eightandargot.com\/producto\/matcha-t-bar\/\",\"url\":\"https:\/\/eightandargot.com\/producto\/matcha-t-bar\/\",\"name\":\"MATCHA t-bar - EIGHT &amp; ARG\u00d4T\",\"isPartOf\":{\"@id\":\"https:\/\/eightandargot.com\/#website\"},\"primaryImageOfPage\":{\"@id\":\"https:\/\/eightandargot.com\/producto\/matcha-t-bar\/#primaryimage\"},\"image\":{\"@id\":\"https:\/\/eightandargot.com\/producto\/matcha-t-bar\/#primaryimage\"},\"thumbnailUrl\":\"https:\/\/eightandargot.com\/wp-content\/uploads\/2023\/10\/MATCHA-1.jpg\",\"datePublished\":\"2023-10-18T07:10:00+00:00\",\"dateModified\":\"2024-12-04T10:30:21+00:00\",\"breadcrumb\":{\"@id\":\"https:\/\/eightandargot.com\/producto\/matcha-t-bar\/#breadcrumb\"},\"inLanguage\":\"en-GB\",\"potentialAction\":[{\"@type\":\"ReadAction\",\"target\":[\"https:\/\/eightandargot.com\/producto\/matcha-t-bar\/\"]}]},{\"@type\":\"ImageObject\",\"inLanguage\":\"en-GB\",\"@id\":\"https:\/\/eightandargot.com\/producto\/matcha-t-bar\/#primaryimage\",\"url\":\"https:\/\/eightandargot.com\/wp-content\/uploads\/2023\/10\/MATCHA-1.jpg\",\"contentUrl\":\"https:\/\/eightandargot.com\/wp-content\/uploads\/2023\/10\/MATCHA-1.jpg\",\"width\":1080,\"height\":1920},{\"@type\":\"BreadcrumbList\",\"@id\":\"https:\/\/eightandargot.com\/producto\/matcha-t-bar\/#breadcrumb\",\"itemListElement\":[{\"@type\":\"ListItem\",\"position\":1,\"name\":\"Portada\",\"item\":\"https:\/\/eightandargot.com\/\"},{\"@type\":\"ListItem\",\"position\":2,\"name\":\"Shop\",\"item\":\"https:\/\/eightandargot.com\/shop\/\"},{\"@type\":\"ListItem\",\"position\":3,\"name\":\"MATCHA t-bar\"}]},{\"@type\":\"WebSite\",\"@id\":\"https:\/\/eightandargot.com\/#website\",\"url\":\"https:\/\/eightandargot.com\/\",\"name\":\"EIGHT &amp; ARG\u00d4T\",\"description\":\"Boutique Online\",\"publisher\":{\"@id\":\"https:\/\/eightandargot.com\/#organization\"},\"potentialAction\":[{\"@type\":\"SearchAction\",\"target\":{\"@type\":\"EntryPoint\",\"urlTemplate\":\"https:\/\/eightandargot.com\/?s={search_term_string}\"},\"query-input\":{\"@type\":\"PropertyValueSpecification\",\"valueRequired\":true,\"valueName\":\"search_term_string\"}}],\"inLanguage\":\"en-GB\"},{\"@type\":\"Organization\",\"@id\":\"https:\/\/eightandargot.com\/#organization\",\"name\":\"EIGHT &amp; ARG\u00d4T\",\"url\":\"https:\/\/eightandargot.com\/\",\"logo\":{\"@type\":\"ImageObject\",\"inLanguage\":\"en-GB\",\"@id\":\"https:\/\/eightandargot.com\/#\/schema\/logo\/image\/\",\"url\":\"https:\/\/eightandargot.com\/wp-content\/uploads\/2023\/10\/logo-1.png\",\"contentUrl\":\"https:\/\/eightandargot.com\/wp-content\/uploads\/2023\/10\/logo-1.png\",\"width\":1068,\"height\":128,\"caption\":\"EIGHT &amp; ARG\u00d4T\"},\"image\":{\"@id\":\"https:\/\/eightandargot.com\/#\/schema\/logo\/image\/\"}}]}<\/script>\n<!-- \/ Yoast SEO plugin. -->","yoast_head_json":{"title":"MATCHA t-bar - EIGHT &amp; ARG\u00d4T","robots":{"index":"index","follow":"follow","max-snippet":"max-snippet:-1","max-image-preview":"max-image-preview:large","max-video-preview":"max-video-preview:-1"},"canonical":"https:\/\/eightandargot.com\/en\/product\/matcha-t-bar\/","og_locale":"en_GB","og_type":"article","og_title":"MATCHA t-bar - EIGHT &amp; ARG\u00d4T","og_description":"El modelo MATCHA est\u00e1 elaborado artesanalmente en Espa\u00f1a, combinando piel efecto croco en tonos verde matcha y piel acharolada verde oscuro. Super c\u00f3modos para aguantar todo el d\u00eda (y noche!), gracias a la estudiada forma e inclinaci\u00f3n de su horma (para mayor comodidad de la espalda), y a su ancho tac\u00f3n de 7,5 cm altura. Cierre con hebilla plateada y broche regulable. Lo que m\u00e1s nos gusta: Estilizan cualquier look, muy favorecedores para llevar con falda o pantal\u00f3n.","og_url":"https:\/\/eightandargot.com\/en\/product\/matcha-t-bar\/","og_site_name":"EIGHT &amp; ARG\u00d4T","article_modified_time":"2024-12-04T10:30:21+00:00","og_image":[{"width":1080,"height":1920,"url":"https:\/\/eightandargot.com\/wp-content\/uploads\/2023\/10\/MATCHA-1.jpg","type":"image\/jpeg"}],"twitter_card":"summary_large_image","twitter_misc":{"Estimated reading time":"1 minute"},"schema":{"@context":"https:\/\/schema.org","@graph":[{"@type":"WebPage","@id":"https:\/\/eightandargot.com\/producto\/matcha-t-bar\/","url":"https:\/\/eightandargot.com\/producto\/matcha-t-bar\/","name":"MATCHA t-bar - EIGHT &amp; ARG\u00d4T","isPartOf":{"@id":"https:\/\/eightandargot.com\/#website"},"primaryImageOfPage":{"@id":"https:\/\/eightandargot.com\/producto\/matcha-t-bar\/#primaryimage"},"image":{"@id":"https:\/\/eightandargot.com\/producto\/matcha-t-bar\/#primaryimage"},"thumbnailUrl":"https:\/\/eightandargot.com\/wp-content\/uploads\/2023\/10\/MATCHA-1.jpg","datePublished":"2023-10-18T07:10:00+00:00","dateModified":"2024-12-04T10:30:21+00:00","breadcrumb":{"@id":"https:\/\/eightandargot.com\/producto\/matcha-t-bar\/#breadcrumb"},"inLanguage":"en-GB","potentialAction":[{"@type":"ReadAction","target":["https:\/\/eightandargot.com\/producto\/matcha-t-bar\/"]}]},{"@type":"ImageObject","inLanguage":"en-GB","@id":"https:\/\/eightandargot.com\/producto\/matcha-t-bar\/#primaryimage","url":"https:\/\/eightandargot.com\/wp-content\/uploads\/2023\/10\/MATCHA-1.jpg","contentUrl":"https:\/\/eightandargot.com\/wp-content\/uploads\/2023\/10\/MATCHA-1.jpg","width":1080,"height":1920},{"@type":"BreadcrumbList","@id":"https:\/\/eightandargot.com\/producto\/matcha-t-bar\/#breadcrumb","itemListElement":[{"@type":"ListItem","position":1,"name":"Portada","item":"https:\/\/eightandargot.com\/"},{"@type":"ListItem","position":2,"name":"Shop","item":"https:\/\/eightandargot.com\/shop\/"},{"@type":"ListItem","position":3,"name":"MATCHA t-bar"}]},{"@type":"WebSite","@id":"https:\/\/eightandargot.com\/#website","url":"https:\/\/eightandargot.com\/","name":"EIGHT &amp; ARG\u00d4T","description":"Boutique Online","publisher":{"@id":"https:\/\/eightandargot.com\/#organization"},"potentialAction":[{"@type":"SearchAction","target":{"@type":"EntryPoint","urlTemplate":"https:\/\/eightandargot.com\/?s={search_term_string}"},"query-input":{"@type":"PropertyValueSpecification","valueRequired":true,"valueName":"search_term_string"}}],"inLanguage":"en-GB"},{"@type":"Organization","@id":"https:\/\/eightandargot.com\/#organization","name":"EIGHT &amp; ARG\u00d4T","url":"https:\/\/eightandargot.com\/","logo":{"@type":"ImageObject","inLanguage":"en-GB","@id":"https:\/\/eightandargot.com\/#\/schema\/logo\/image\/","url":"https:\/\/eightandargot.com\/wp-content\/uploads\/2023\/10\/logo-1.png","contentUrl":"https:\/\/eightandargot.com\/wp-content\/uploads\/2023\/10\/logo-1.png","width":1068,"height":128,"caption":"EIGHT &amp; ARG\u00d4T"},"image":{"@id":"https:\/\/eightandargot.com\/#\/schema\/logo\/image\/"}}]}},"taxonomy_info":{"product_cat":[{"value":44,"label":"Zapatos de Tac\u00f3n"}],"labels":[{"value":75,"label":"AGOTADO"}]},"featured_image_src_large":["https:\/\/eightandargot.com\/wp-content\/uploads\/2023\/10\/MATCHA-1-576x1024.jpg",576,1024,true],"author_info":[],"comment_info":"","_links":{"self":[{"href":"https:\/\/eightandargot.com\/en\/wp-json\/wp\/v2\/product\/652","targetHints":{"allow":["GET"]}}],"collection":[{"href":"https:\/\/eightandargot.com\/en\/wp-json\/wp\/v2\/product"}],"about":[{"href":"https:\/\/eightandargot.com\/en\/wp-json\/wp\/v2\/types\/product"}],"wp:featuredmedia":[{"embeddable":true,"href":"https:\/\/eightandargot.com\/en\/wp-json\/wp\/v2\/media\/1009"}],"wp:attachment":[{"href":"https:\/\/eightandargot.com\/en\/wp-json\/wp\/v2\/media?parent=652"}],"wp:term":[{"taxonomy":"product_brand","embeddable":true,"href":"https:\/\/eightandargot.com\/en\/wp-json\/wp\/v2\/product_brand?post=652"},{"taxonomy":"product_cat","embeddable":true,"href":"https:\/\/eightandargot.com\/en\/wp-json\/wp\/v2\/product_cat?post=652"},{"taxonomy":"product_tag","embeddable":true,"href":"https:\/\/eightandargot.com\/en\/wp-json\/wp\/v2\/product_tag?post=652"},{"taxonomy":"labels","embeddable":true,"href":"https:\/\/eightandargot.com\/en\/wp-json\/wp\/v2\/labels?post=652"}],"curies":[{"name":"wp","href":"https:\/\/api.w.org\/{rel}","templated":true}]}}