{"id":653,"date":"2023-10-18T07:10:53","date_gmt":"2023-10-18T07:10:53","guid":{"rendered":"http:\/\/eightandargot.com\/?post_type=product&#038;p=653"},"modified":"2025-10-27T12:51:34","modified_gmt":"2025-10-27T11:51:34","slug":"frida-mary-jane","status":"publish","type":"product","link":"https:\/\/eightandargot.com\/en\/product\/frida-mary-jane\/","title":{"rendered":"FRIDA mary jane"},"content":{"rendered":"<style>.kb-row-layout-id653_2b5035-11 > .kt-row-column-wrap{align-content:start;}:where(.kb-row-layout-id653_2b5035-11 > .kt-row-column-wrap) > .wp-block-kadence-column{justify-content:start;}.kb-row-layout-id653_2b5035-11 > .kt-row-column-wrap{column-gap:var(--global-kb-gap-none, 0rem );row-gap:var(--global-kb-gap-none, 0rem );padding-top:0px;padding-right:0px;padding-bottom:0px;padding-left:0px;grid-template-columns:repeat(2, minmax(0, 1fr));}.kb-row-layout-id653_2b5035-11 > .kt-row-layout-overlay{opacity:0.30;}@media all and (max-width: 1024px){.kb-row-layout-id653_2b5035-11 > .kt-row-column-wrap{grid-template-columns:repeat(2, minmax(0, 1fr));}}@media all and (max-width: 767px){.kb-row-layout-id653_2b5035-11 > .kt-row-column-wrap{grid-template-columns:repeat(2, minmax(0, 1fr));}}<\/style><div class=\"kb-row-layout-wrap kb-row-layout-id653_2b5035-11 alignnone wp-block-kadence-rowlayout\"><div class=\"kt-row-column-wrap kt-has-2-columns kt-row-layout-equal kt-tab-layout-inherit kt-mobile-layout-equal kt-row-valign-top\">\n<style>.kadence-column653_977c78-d7 > .kt-inside-inner-col{padding-top:10px;padding-right:10px;padding-bottom:10px;padding-left:10px;}.kadence-column653_977c78-d7 > .kt-inside-inner-col,.kadence-column653_977c78-d7 > .kt-inside-inner-col:before{border-top-left-radius:0px;border-top-right-radius:0px;border-bottom-right-radius:0px;border-bottom-left-radius:0px;}.kadence-column653_977c78-d7 > .kt-inside-inner-col{column-gap:var(--global-kb-gap-sm, 1rem);}.kadence-column653_977c78-d7 > .kt-inside-inner-col{flex-direction:column;}.kadence-column653_977c78-d7 > .kt-inside-inner-col > .aligncenter{width:100%;}.kadence-column653_977c78-d7 > .kt-inside-inner-col:before{opacity:0.3;}.kadence-column653_977c78-d7{position:relative;}@media all and (max-width: 1024px){.kadence-column653_977c78-d7 > .kt-inside-inner-col{flex-direction:column;justify-content:center;}}@media all and (max-width: 767px){.kadence-column653_977c78-d7 > .kt-inside-inner-col{flex-direction:column;justify-content:center;}}<\/style>\n<div class=\"wp-block-kadence-column kadence-column653_977c78-d7\"><div class=\"kt-inside-inner-col\"><style>.kb-image653_dfe94c-6a .kb-image-has-overlay:after{opacity:0.3;}<\/style>\n<figure class=\"wp-block-kadence-image kb-image653_dfe94c-6a size-full kb-image-is-ratio-size\"><div class=\"kb-is-ratio-image kb-image-ratio-square\"><img loading=\"lazy\" decoding=\"async\" width=\"1440\" height=\"1440\" src=\"https:\/\/eightandargot.com\/wp-content\/uploads\/2023\/10\/FRIDA-1.jpg\" alt=\"\" class=\"kb-img wp-image-1012\" srcset=\"https:\/\/eightandargot.com\/wp-content\/uploads\/2023\/10\/FRIDA-1.jpg 1440w, https:\/\/eightandargot.com\/wp-content\/uploads\/2023\/10\/FRIDA-1-100x100.jpg 100w, https:\/\/eightandargot.com\/wp-content\/uploads\/2023\/10\/FRIDA-1-900x900.jpg 900w, https:\/\/eightandargot.com\/wp-content\/uploads\/2023\/10\/FRIDA-1-300x300.jpg 300w, https:\/\/eightandargot.com\/wp-content\/uploads\/2023\/10\/FRIDA-1-1024x1024.jpg 1024w, https:\/\/eightandargot.com\/wp-content\/uploads\/2023\/10\/FRIDA-1-150x150.jpg 150w, https:\/\/eightandargot.com\/wp-content\/uploads\/2023\/10\/FRIDA-1-768x768.jpg 768w, https:\/\/eightandargot.com\/wp-content\/uploads\/2023\/10\/FRIDA-1-256x256.jpg 256w, https:\/\/eightandargot.com\/wp-content\/uploads\/2023\/10\/FRIDA-1-128x128.jpg 128w\" sizes=\"auto, (max-width: 1440px) 100vw, 1440px\" \/><\/div><\/figure>\n<\/div><\/div>\n\n\n<style>.kadence-column653_58c97d-a8 > .kt-inside-inner-col{padding-top:10px;padding-right:10px;padding-bottom:10px;padding-left:10px;}.kadence-column653_58c97d-a8 > .kt-inside-inner-col,.kadence-column653_58c97d-a8 > .kt-inside-inner-col:before{border-top-left-radius:0px;border-top-right-radius:0px;border-bottom-right-radius:0px;border-bottom-left-radius:0px;}.kadence-column653_58c97d-a8 > .kt-inside-inner-col{column-gap:var(--global-kb-gap-sm, 1rem);}.kadence-column653_58c97d-a8 > .kt-inside-inner-col{flex-direction:column;}.kadence-column653_58c97d-a8 > .kt-inside-inner-col > .aligncenter{width:100%;}.kadence-column653_58c97d-a8 > .kt-inside-inner-col:before{opacity:0.3;}.kadence-column653_58c97d-a8{position:relative;}@media all and (max-width: 1024px){.kadence-column653_58c97d-a8 > .kt-inside-inner-col{flex-direction:column;justify-content:center;}}@media all and (max-width: 767px){.kadence-column653_58c97d-a8 > .kt-inside-inner-col{flex-direction:column;justify-content:center;}}<\/style>\n<div class=\"wp-block-kadence-column kadence-column653_58c97d-a8\"><div class=\"kt-inside-inner-col\"><style>.kb-image653_7205bc-87 .kb-image-has-overlay:after{opacity:0.3;}<\/style>\n<figure class=\"wp-block-kadence-image kb-image653_7205bc-87 size-full kb-image-is-ratio-size\"><div class=\"kb-is-ratio-image kb-image-ratio-square\"><img loading=\"lazy\" decoding=\"async\" width=\"1440\" height=\"1393\" src=\"https:\/\/eightandargot.com\/wp-content\/uploads\/2023\/10\/FRIDA-3.jpg\" alt=\"\" class=\"kb-img wp-image-1014\" srcset=\"https:\/\/eightandargot.com\/wp-content\/uploads\/2023\/10\/FRIDA-3.jpg 1440w, https:\/\/eightandargot.com\/wp-content\/uploads\/2023\/10\/FRIDA-3-300x290.jpg 300w, https:\/\/eightandargot.com\/wp-content\/uploads\/2023\/10\/FRIDA-3-1024x991.jpg 1024w, https:\/\/eightandargot.com\/wp-content\/uploads\/2023\/10\/FRIDA-3-768x743.jpg 768w\" sizes=\"auto, (max-width: 1440px) 100vw, 1440px\" \/><\/div><\/figure>\n<\/div><\/div>\n\n<\/div><\/div>\n\n<style>.kb-row-layout-id653_a3623b-4b > .kt-row-column-wrap{align-content:start;}:where(.kb-row-layout-id653_a3623b-4b > .kt-row-column-wrap) > .wp-block-kadence-column{justify-content:start;}.kb-row-layout-id653_a3623b-4b > .kt-row-column-wrap{column-gap:var(--global-kb-gap-none, 0rem );row-gap:var(--global-kb-gap-none, 0rem );padding-top:0px;padding-right:0px;padding-bottom:0px;padding-left:0px;grid-template-columns:minmax(0, 1fr);}.kb-row-layout-id653_a3623b-4b > .kt-row-layout-overlay{opacity:0.30;}@media all and (max-width: 1024px){.kb-row-layout-id653_a3623b-4b > .kt-row-column-wrap{grid-template-columns:minmax(0, 1fr);}}@media all and (max-width: 767px){.kb-row-layout-id653_a3623b-4b > .kt-row-column-wrap{grid-template-columns:minmax(0, 1fr);}}<\/style><div class=\"kb-row-layout-wrap kb-row-layout-id653_a3623b-4b alignnone wp-block-kadence-rowlayout\"><div class=\"kt-row-column-wrap kt-has-1-columns kt-row-layout-equal kt-tab-layout-inherit kt-mobile-layout-row kt-row-valign-top\">\n<style>.kadence-column653_5ca4db-33 > .kt-inside-inner-col{padding-top:10px;padding-right:10px;padding-bottom:10px;padding-left:10px;}.kadence-column653_5ca4db-33 > .kt-inside-inner-col,.kadence-column653_5ca4db-33 > .kt-inside-inner-col:before{border-top-left-radius:0px;border-top-right-radius:0px;border-bottom-right-radius:0px;border-bottom-left-radius:0px;}.kadence-column653_5ca4db-33 > .kt-inside-inner-col{column-gap:var(--global-kb-gap-sm, 1rem);}.kadence-column653_5ca4db-33 > .kt-inside-inner-col{flex-direction:column;}.kadence-column653_5ca4db-33 > .kt-inside-inner-col > .aligncenter{width:100%;}.kadence-column653_5ca4db-33 > .kt-inside-inner-col:before{opacity:0.3;}.kadence-column653_5ca4db-33{position:relative;}@media all and (max-width: 1024px){.kadence-column653_5ca4db-33 > .kt-inside-inner-col{flex-direction:column;justify-content:center;}}@media all and (max-width: 767px){.kadence-column653_5ca4db-33 > .kt-inside-inner-col{flex-direction:column;justify-content:center;}}<\/style>\n<div class=\"wp-block-kadence-column kadence-column653_5ca4db-33\"><div class=\"kt-inside-inner-col\"><style>.kb-image653_8f96e6-d5 .kb-image-has-overlay:after{opacity:0.3;}<\/style>\n<figure class=\"wp-block-kadence-image kb-image653_8f96e6-d5 size-full kb-image-is-ratio-size\"><div class=\"kb-is-ratio-image kb-image-ratio-square\"><img loading=\"lazy\" decoding=\"async\" width=\"1080\" height=\"1062\" src=\"https:\/\/eightandargot.com\/wp-content\/uploads\/2023\/10\/FRIDA-2.jpg\" alt=\"\" class=\"kb-img wp-image-1013\" srcset=\"https:\/\/eightandargot.com\/wp-content\/uploads\/2023\/10\/FRIDA-2.jpg 1080w, https:\/\/eightandargot.com\/wp-content\/uploads\/2023\/10\/FRIDA-2-300x295.jpg 300w, https:\/\/eightandargot.com\/wp-content\/uploads\/2023\/10\/FRIDA-2-1024x1007.jpg 1024w, https:\/\/eightandargot.com\/wp-content\/uploads\/2023\/10\/FRIDA-2-768x755.jpg 768w\" sizes=\"auto, (max-width: 1080px) 100vw, 1080px\" \/><\/div><\/figure>\n<\/div><\/div>\n\n<\/div><\/div>\n\n<style>.kb-row-layout-id653_994055-9c > .kt-row-column-wrap{align-content:start;}:where(.kb-row-layout-id653_994055-9c > .kt-row-column-wrap) > .wp-block-kadence-column{justify-content:start;}.kb-row-layout-id653_994055-9c > .kt-row-column-wrap{column-gap:var(--global-kb-gap-none, 0rem );row-gap:var(--global-kb-gap-none, 0rem );padding-top:0px;padding-right:0px;padding-bottom:0px;padding-left:0px;grid-template-columns:repeat(2, minmax(0, 1fr));}.kb-row-layout-id653_994055-9c > .kt-row-layout-overlay{opacity:0.30;}@media all and (max-width: 1024px){.kb-row-layout-id653_994055-9c > .kt-row-column-wrap{grid-template-columns:repeat(2, minmax(0, 1fr));}}@media all and (max-width: 767px){.kb-row-layout-id653_994055-9c > .kt-row-column-wrap{grid-template-columns:repeat(2, minmax(0, 1fr));}}<\/style><div class=\"kb-row-layout-wrap kb-row-layout-id653_994055-9c alignnone wp-block-kadence-rowlayout\"><div class=\"kt-row-column-wrap kt-has-2-columns kt-row-layout-equal kt-tab-layout-inherit kt-mobile-layout-equal kt-row-valign-top\">\n<style>.kadence-column653_72e166-7c > .kt-inside-inner-col{padding-top:10px;padding-right:10px;padding-bottom:10px;padding-left:10px;}.kadence-column653_72e166-7c > .kt-inside-inner-col,.kadence-column653_72e166-7c > .kt-inside-inner-col:before{border-top-left-radius:0px;border-top-right-radius:0px;border-bottom-right-radius:0px;border-bottom-left-radius:0px;}.kadence-column653_72e166-7c > .kt-inside-inner-col{column-gap:var(--global-kb-gap-sm, 1rem);}.kadence-column653_72e166-7c > .kt-inside-inner-col{flex-direction:column;}.kadence-column653_72e166-7c > .kt-inside-inner-col > .aligncenter{width:100%;}.kadence-column653_72e166-7c > .kt-inside-inner-col:before{opacity:0.3;}.kadence-column653_72e166-7c{position:relative;}@media all and (max-width: 1024px){.kadence-column653_72e166-7c > .kt-inside-inner-col{flex-direction:column;justify-content:center;}}@media all and (max-width: 767px){.kadence-column653_72e166-7c > .kt-inside-inner-col{flex-direction:column;justify-content:center;}}<\/style>\n<div class=\"wp-block-kadence-column kadence-column653_72e166-7c\"><div class=\"kt-inside-inner-col\"><style>.kb-image653_ee59a3-ea .kb-image-has-overlay:after{opacity:0.3;}<\/style>\n<figure class=\"wp-block-kadence-image kb-image653_ee59a3-ea size-full kb-image-is-ratio-size\"><div class=\"kb-is-ratio-image kb-image-ratio-square\"><img loading=\"lazy\" decoding=\"async\" width=\"960\" height=\"960\" src=\"https:\/\/eightandargot.com\/wp-content\/uploads\/2023\/10\/FRIDA-4.jpg\" alt=\"\" class=\"kb-img wp-image-1015\" srcset=\"https:\/\/eightandargot.com\/wp-content\/uploads\/2023\/10\/FRIDA-4.jpg 960w, https:\/\/eightandargot.com\/wp-content\/uploads\/2023\/10\/FRIDA-4-100x100.jpg 100w, https:\/\/eightandargot.com\/wp-content\/uploads\/2023\/10\/FRIDA-4-900x900.jpg 900w, https:\/\/eightandargot.com\/wp-content\/uploads\/2023\/10\/FRIDA-4-300x300.jpg 300w, https:\/\/eightandargot.com\/wp-content\/uploads\/2023\/10\/FRIDA-4-150x150.jpg 150w, https:\/\/eightandargot.com\/wp-content\/uploads\/2023\/10\/FRIDA-4-768x768.jpg 768w, https:\/\/eightandargot.com\/wp-content\/uploads\/2023\/10\/FRIDA-4-256x256.jpg 256w, https:\/\/eightandargot.com\/wp-content\/uploads\/2023\/10\/FRIDA-4-128x128.jpg 128w\" sizes=\"auto, (max-width: 960px) 100vw, 960px\" \/><\/div><\/figure>\n<\/div><\/div>\n\n\n<style>.kadence-column653_51f2cf-4c > .kt-inside-inner-col{padding-top:10px;padding-right:10px;padding-bottom:10px;padding-left:10px;}.kadence-column653_51f2cf-4c > .kt-inside-inner-col,.kadence-column653_51f2cf-4c > .kt-inside-inner-col:before{border-top-left-radius:0px;border-top-right-radius:0px;border-bottom-right-radius:0px;border-bottom-left-radius:0px;}.kadence-column653_51f2cf-4c > .kt-inside-inner-col{column-gap:var(--global-kb-gap-sm, 1rem);}.kadence-column653_51f2cf-4c > .kt-inside-inner-col{flex-direction:column;}.kadence-column653_51f2cf-4c > .kt-inside-inner-col > .aligncenter{width:100%;}.kadence-column653_51f2cf-4c > .kt-inside-inner-col:before{opacity:0.3;}.kadence-column653_51f2cf-4c{position:relative;}@media all and (max-width: 1024px){.kadence-column653_51f2cf-4c > .kt-inside-inner-col{flex-direction:column;justify-content:center;}}@media all and (max-width: 767px){.kadence-column653_51f2cf-4c > .kt-inside-inner-col{flex-direction:column;justify-content:center;}}<\/style>\n<div class=\"wp-block-kadence-column kadence-column653_51f2cf-4c\"><div class=\"kt-inside-inner-col\"><style>.kb-image653_a4c002-1f .kb-image-has-overlay:after{opacity:0.3;}<\/style>\n<figure class=\"wp-block-kadence-image kb-image653_a4c002-1f size-full kb-image-is-ratio-size\"><div class=\"kb-is-ratio-image kb-image-ratio-square\"><img loading=\"lazy\" decoding=\"async\" width=\"1080\" height=\"1256\" src=\"https:\/\/eightandargot.com\/wp-content\/uploads\/2023\/10\/FRIDA-5.jpg\" alt=\"\" class=\"kb-img wp-image-1016\" srcset=\"https:\/\/eightandargot.com\/wp-content\/uploads\/2023\/10\/FRIDA-5.jpg 1080w, https:\/\/eightandargot.com\/wp-content\/uploads\/2023\/10\/FRIDA-5-258x300.jpg 258w, https:\/\/eightandargot.com\/wp-content\/uploads\/2023\/10\/FRIDA-5-881x1024.jpg 881w, https:\/\/eightandargot.com\/wp-content\/uploads\/2023\/10\/FRIDA-5-768x893.jpg 768w\" sizes=\"auto, (max-width: 1080px) 100vw, 1080px\" \/><\/div><\/figure>\n<\/div><\/div>\n\n<\/div><\/div>","protected":false},"excerpt":{"rendered":"<p>Retro charm meets all-day comfort with the FRIDA style. Handcrafted in Spain with a mix of printed, smooth, and soft leathers, it modernizes the classic Mary Jane silhouette. The 6.5 cm block heel offers the perfect blend of lift, stability, and ease, ideal for from-dawn-to-dusk wear. With comfort-driven features such as a rounded, wider toe box to alleviate foot crowding, and the carefully designed shape and pitch of the shoe\u2019s structure for better back comfort. Adjustable silver buckle fastening.<\/p>\n<p><strong>What we love the most:<\/strong> Its attractive combination of colors, textures, and silhouette, which feels captivating regardless of the decade.<\/p>","protected":false},"featured_media":1012,"template":"","meta":{"_acf_changed":true,"_kad_blocks_custom_css":"","_kad_blocks_head_custom_js":"","_kad_blocks_body_custom_js":"","_kad_blocks_footer_custom_js":"","_kadence_starter_templates_imported_post":false,"_kad_post_transparent":"default","_kad_post_title":"","_kad_post_layout":"default","_kad_post_sidebar_id":"","_kad_post_content_style":"default","_kad_post_vertical_padding":"default","_kad_post_feature":"","_kad_post_feature_position":"","_kad_post_header":false,"_kad_post_footer":false},"product_brand":[],"product_cat":[44],"product_tag":[],"labels":[75],"class_list":{"0":"post-653","1":"product","2":"type-product","3":"status-publish","4":"has-post-thumbnail","6":"product_cat-zapatos-de-tacon","7":"labels-agotado","9":"first","10":"instock","11":"taxable","12":"shipping-taxable","13":"product-type-variable","14":"entry","15":"content-bg","16":"loop-entry"},"acf":[],"yoast_head":"<!-- This site is optimized with the Yoast SEO plugin v25.5 - https:\/\/yoast.com\/wordpress\/plugins\/seo\/ -->\n<title>FRIDA mary jane - EIGHT &amp; ARG\u00d4T<\/title>\n<meta name=\"robots\" content=\"index, follow, max-snippet:-1, max-image-preview:large, max-video-preview:-1\" \/>\n<link rel=\"canonical\" href=\"https:\/\/eightandargot.com\/en\/product\/frida-mary-jane\/\" \/>\n<meta property=\"og:locale\" content=\"en_GB\" \/>\n<meta property=\"og:type\" content=\"article\" \/>\n<meta property=\"og:title\" content=\"FRIDA mary jane - EIGHT &amp; ARG\u00d4T\" \/>\n<meta property=\"og:description\" content=\"El modelo FRIDA est\u00e1 elaborado artesanalmente en Espa\u00f1a con pieles lisas y estampadas, modernizando la silueta cl\u00e1sica de mercedita. Super c\u00f3modo para aguantar todo el d\u00eda (y noche!), gracias a la estudiada forma e inclinaci\u00f3n de su horma (para mayor comodidad de la espalda), y a su ancho tac\u00f3n de 6,5 cm altura. Cierre con hebilla plateada y broche regulable. Lo que m\u00e1s nos gusta: Su atractiva combinaci\u00f3n de colores y texturas.\" \/>\n<meta property=\"og:url\" content=\"https:\/\/eightandargot.com\/en\/product\/frida-mary-jane\/\" \/>\n<meta property=\"og:site_name\" content=\"EIGHT &amp; ARG\u00d4T\" \/>\n<meta property=\"article:modified_time\" content=\"2025-10-27T11:51:34+00:00\" \/>\n<meta property=\"og:image\" content=\"https:\/\/eightandargot.com\/wp-content\/uploads\/2023\/10\/FRIDA-1.jpg\" \/>\n\t<meta property=\"og:image:width\" content=\"1440\" \/>\n\t<meta property=\"og:image:height\" content=\"1440\" \/>\n\t<meta property=\"og:image:type\" content=\"image\/jpeg\" \/>\n<meta name=\"twitter:card\" content=\"summary_large_image\" \/>\n<meta name=\"twitter:label1\" content=\"Estimated reading time\" \/>\n\t<meta name=\"twitter:data1\" content=\"2 minutes\" \/>\n<script type=\"application\/ld+json\" class=\"yoast-schema-graph\">{\"@context\":\"https:\/\/schema.org\",\"@graph\":[{\"@type\":\"WebPage\",\"@id\":\"https:\/\/eightandargot.com\/producto\/frida-mary-jane\/\",\"url\":\"https:\/\/eightandargot.com\/producto\/frida-mary-jane\/\",\"name\":\"FRIDA mary jane - EIGHT &amp; ARG\u00d4T\",\"isPartOf\":{\"@id\":\"https:\/\/eightandargot.com\/#website\"},\"primaryImageOfPage\":{\"@id\":\"https:\/\/eightandargot.com\/producto\/frida-mary-jane\/#primaryimage\"},\"image\":{\"@id\":\"https:\/\/eightandargot.com\/producto\/frida-mary-jane\/#primaryimage\"},\"thumbnailUrl\":\"https:\/\/eightandargot.com\/wp-content\/uploads\/2023\/10\/FRIDA-1.jpg\",\"datePublished\":\"2023-10-18T07:10:53+00:00\",\"dateModified\":\"2025-10-27T11:51:34+00:00\",\"breadcrumb\":{\"@id\":\"https:\/\/eightandargot.com\/producto\/frida-mary-jane\/#breadcrumb\"},\"inLanguage\":\"en-GB\",\"potentialAction\":[{\"@type\":\"ReadAction\",\"target\":[\"https:\/\/eightandargot.com\/producto\/frida-mary-jane\/\"]}]},{\"@type\":\"ImageObject\",\"inLanguage\":\"en-GB\",\"@id\":\"https:\/\/eightandargot.com\/producto\/frida-mary-jane\/#primaryimage\",\"url\":\"https:\/\/eightandargot.com\/wp-content\/uploads\/2023\/10\/FRIDA-1.jpg\",\"contentUrl\":\"https:\/\/eightandargot.com\/wp-content\/uploads\/2023\/10\/FRIDA-1.jpg\",\"width\":1440,\"height\":1440},{\"@type\":\"BreadcrumbList\",\"@id\":\"https:\/\/eightandargot.com\/producto\/frida-mary-jane\/#breadcrumb\",\"itemListElement\":[{\"@type\":\"ListItem\",\"position\":1,\"name\":\"Portada\",\"item\":\"https:\/\/eightandargot.com\/\"},{\"@type\":\"ListItem\",\"position\":2,\"name\":\"Shop\",\"item\":\"https:\/\/eightandargot.com\/shop\/\"},{\"@type\":\"ListItem\",\"position\":3,\"name\":\"FRIDA mary jane\"}]},{\"@type\":\"WebSite\",\"@id\":\"https:\/\/eightandargot.com\/#website\",\"url\":\"https:\/\/eightandargot.com\/\",\"name\":\"EIGHT &amp; ARG\u00d4T\",\"description\":\"Boutique Online\",\"publisher\":{\"@id\":\"https:\/\/eightandargot.com\/#organization\"},\"potentialAction\":[{\"@type\":\"SearchAction\",\"target\":{\"@type\":\"EntryPoint\",\"urlTemplate\":\"https:\/\/eightandargot.com\/?s={search_term_string}\"},\"query-input\":{\"@type\":\"PropertyValueSpecification\",\"valueRequired\":true,\"valueName\":\"search_term_string\"}}],\"inLanguage\":\"en-GB\"},{\"@type\":\"Organization\",\"@id\":\"https:\/\/eightandargot.com\/#organization\",\"name\":\"EIGHT &amp; ARG\u00d4T\",\"url\":\"https:\/\/eightandargot.com\/\",\"logo\":{\"@type\":\"ImageObject\",\"inLanguage\":\"en-GB\",\"@id\":\"https:\/\/eightandargot.com\/#\/schema\/logo\/image\/\",\"url\":\"https:\/\/eightandargot.com\/wp-content\/uploads\/2023\/10\/logo-1.png\",\"contentUrl\":\"https:\/\/eightandargot.com\/wp-content\/uploads\/2023\/10\/logo-1.png\",\"width\":1068,\"height\":128,\"caption\":\"EIGHT &amp; ARG\u00d4T\"},\"image\":{\"@id\":\"https:\/\/eightandargot.com\/#\/schema\/logo\/image\/\"}}]}<\/script>\n<!-- \/ Yoast SEO plugin. -->","yoast_head_json":{"title":"FRIDA mary jane - EIGHT &amp; ARG\u00d4T","robots":{"index":"index","follow":"follow","max-snippet":"max-snippet:-1","max-image-preview":"max-image-preview:large","max-video-preview":"max-video-preview:-1"},"canonical":"https:\/\/eightandargot.com\/en\/product\/frida-mary-jane\/","og_locale":"en_GB","og_type":"article","og_title":"FRIDA mary jane - EIGHT &amp; ARG\u00d4T","og_description":"El modelo FRIDA est\u00e1 elaborado artesanalmente en Espa\u00f1a con pieles lisas y estampadas, modernizando la silueta cl\u00e1sica de mercedita. Super c\u00f3modo para aguantar todo el d\u00eda (y noche!), gracias a la estudiada forma e inclinaci\u00f3n de su horma (para mayor comodidad de la espalda), y a su ancho tac\u00f3n de 6,5 cm altura. Cierre con hebilla plateada y broche regulable. Lo que m\u00e1s nos gusta: Su atractiva combinaci\u00f3n de colores y texturas.","og_url":"https:\/\/eightandargot.com\/en\/product\/frida-mary-jane\/","og_site_name":"EIGHT &amp; ARG\u00d4T","article_modified_time":"2025-10-27T11:51:34+00:00","og_image":[{"width":1440,"height":1440,"url":"https:\/\/eightandargot.com\/wp-content\/uploads\/2023\/10\/FRIDA-1.jpg","type":"image\/jpeg"}],"twitter_card":"summary_large_image","twitter_misc":{"Estimated reading time":"2 minutes"},"schema":{"@context":"https:\/\/schema.org","@graph":[{"@type":"WebPage","@id":"https:\/\/eightandargot.com\/producto\/frida-mary-jane\/","url":"https:\/\/eightandargot.com\/producto\/frida-mary-jane\/","name":"FRIDA mary jane - EIGHT &amp; ARG\u00d4T","isPartOf":{"@id":"https:\/\/eightandargot.com\/#website"},"primaryImageOfPage":{"@id":"https:\/\/eightandargot.com\/producto\/frida-mary-jane\/#primaryimage"},"image":{"@id":"https:\/\/eightandargot.com\/producto\/frida-mary-jane\/#primaryimage"},"thumbnailUrl":"https:\/\/eightandargot.com\/wp-content\/uploads\/2023\/10\/FRIDA-1.jpg","datePublished":"2023-10-18T07:10:53+00:00","dateModified":"2025-10-27T11:51:34+00:00","breadcrumb":{"@id":"https:\/\/eightandargot.com\/producto\/frida-mary-jane\/#breadcrumb"},"inLanguage":"en-GB","potentialAction":[{"@type":"ReadAction","target":["https:\/\/eightandargot.com\/producto\/frida-mary-jane\/"]}]},{"@type":"ImageObject","inLanguage":"en-GB","@id":"https:\/\/eightandargot.com\/producto\/frida-mary-jane\/#primaryimage","url":"https:\/\/eightandargot.com\/wp-content\/uploads\/2023\/10\/FRIDA-1.jpg","contentUrl":"https:\/\/eightandargot.com\/wp-content\/uploads\/2023\/10\/FRIDA-1.jpg","width":1440,"height":1440},{"@type":"BreadcrumbList","@id":"https:\/\/eightandargot.com\/producto\/frida-mary-jane\/#breadcrumb","itemListElement":[{"@type":"ListItem","position":1,"name":"Portada","item":"https:\/\/eightandargot.com\/"},{"@type":"ListItem","position":2,"name":"Shop","item":"https:\/\/eightandargot.com\/shop\/"},{"@type":"ListItem","position":3,"name":"FRIDA mary jane"}]},{"@type":"WebSite","@id":"https:\/\/eightandargot.com\/#website","url":"https:\/\/eightandargot.com\/","name":"EIGHT &amp; ARG\u00d4T","description":"Boutique Online","publisher":{"@id":"https:\/\/eightandargot.com\/#organization"},"potentialAction":[{"@type":"SearchAction","target":{"@type":"EntryPoint","urlTemplate":"https:\/\/eightandargot.com\/?s={search_term_string}"},"query-input":{"@type":"PropertyValueSpecification","valueRequired":true,"valueName":"search_term_string"}}],"inLanguage":"en-GB"},{"@type":"Organization","@id":"https:\/\/eightandargot.com\/#organization","name":"EIGHT &amp; ARG\u00d4T","url":"https:\/\/eightandargot.com\/","logo":{"@type":"ImageObject","inLanguage":"en-GB","@id":"https:\/\/eightandargot.com\/#\/schema\/logo\/image\/","url":"https:\/\/eightandargot.com\/wp-content\/uploads\/2023\/10\/logo-1.png","contentUrl":"https:\/\/eightandargot.com\/wp-content\/uploads\/2023\/10\/logo-1.png","width":1068,"height":128,"caption":"EIGHT &amp; ARG\u00d4T"},"image":{"@id":"https:\/\/eightandargot.com\/#\/schema\/logo\/image\/"}}]}},"taxonomy_info":{"product_cat":[{"value":44,"label":"Zapatos de Tac\u00f3n"}],"labels":[{"value":75,"label":"AGOTADO"}]},"featured_image_src_large":["https:\/\/eightandargot.com\/wp-content\/uploads\/2023\/10\/FRIDA-1-1024x1024.jpg",1024,1024,true],"author_info":[],"comment_info":"","_links":{"self":[{"href":"https:\/\/eightandargot.com\/en\/wp-json\/wp\/v2\/product\/653","targetHints":{"allow":["GET"]}}],"collection":[{"href":"https:\/\/eightandargot.com\/en\/wp-json\/wp\/v2\/product"}],"about":[{"href":"https:\/\/eightandargot.com\/en\/wp-json\/wp\/v2\/types\/product"}],"wp:featuredmedia":[{"embeddable":true,"href":"https:\/\/eightandargot.com\/en\/wp-json\/wp\/v2\/media\/1012"}],"wp:attachment":[{"href":"https:\/\/eightandargot.com\/en\/wp-json\/wp\/v2\/media?parent=653"}],"wp:term":[{"taxonomy":"product_brand","embeddable":true,"href":"https:\/\/eightandargot.com\/en\/wp-json\/wp\/v2\/product_brand?post=653"},{"taxonomy":"product_cat","embeddable":true,"href":"https:\/\/eightandargot.com\/en\/wp-json\/wp\/v2\/product_cat?post=653"},{"taxonomy":"product_tag","embeddable":true,"href":"https:\/\/eightandargot.com\/en\/wp-json\/wp\/v2\/product_tag?post=653"},{"taxonomy":"labels","embeddable":true,"href":"https:\/\/eightandargot.com\/en\/wp-json\/wp\/v2\/labels?post=653"}],"curies":[{"name":"wp","href":"https:\/\/api.w.org\/{rel}","templated":true}]}}