{"id":654,"date":"2023-10-18T07:12:53","date_gmt":"2023-10-18T07:12:53","guid":{"rendered":"http:\/\/eightandargot.com\/?post_type=product&#038;p=654"},"modified":"2024-12-04T11:30:21","modified_gmt":"2024-12-04T10:30:21","slug":"lerouge-t-bar","status":"publish","type":"product","link":"https:\/\/eightandargot.com\/en\/product\/lerouge-t-bar\/","title":{"rendered":"LeROUGE t-bar"},"content":{"rendered":"<style>.kb-row-layout-id654_ca3398-21 > .kt-row-column-wrap{align-content:start;}:where(.kb-row-layout-id654_ca3398-21 > .kt-row-column-wrap) > .wp-block-kadence-column{justify-content:start;}.kb-row-layout-id654_ca3398-21 > .kt-row-column-wrap{column-gap:var(--global-kb-gap-none, 0rem );row-gap:var(--global-kb-gap-none, 0rem );padding-top:0px;padding-right:0px;padding-bottom:0px;padding-left:0px;grid-template-columns:repeat(2, minmax(0, 1fr));}.kb-row-layout-id654_ca3398-21 > .kt-row-layout-overlay{opacity:0.30;}@media all and (max-width: 1024px){.kb-row-layout-id654_ca3398-21 > .kt-row-column-wrap{grid-template-columns:repeat(2, minmax(0, 1fr));}}@media all and (max-width: 767px){.kb-row-layout-id654_ca3398-21 > .kt-row-column-wrap{grid-template-columns:repeat(2, minmax(0, 1fr));}}<\/style><div class=\"kb-row-layout-wrap kb-row-layout-id654_ca3398-21 alignnone wp-block-kadence-rowlayout\"><div class=\"kt-row-column-wrap kt-has-2-columns kt-row-layout-equal kt-tab-layout-inherit kt-mobile-layout-equal kt-row-valign-top\">\n<style>.kadence-column654_200845-a6 > .kt-inside-inner-col{padding-top:10px;padding-right:10px;padding-bottom:10px;padding-left:10px;}.kadence-column654_200845-a6 > .kt-inside-inner-col,.kadence-column654_200845-a6 > .kt-inside-inner-col:before{border-top-left-radius:0px;border-top-right-radius:0px;border-bottom-right-radius:0px;border-bottom-left-radius:0px;}.kadence-column654_200845-a6 > .kt-inside-inner-col{column-gap:var(--global-kb-gap-sm, 1rem);}.kadence-column654_200845-a6 > .kt-inside-inner-col{flex-direction:column;}.kadence-column654_200845-a6 > .kt-inside-inner-col > .aligncenter{width:100%;}.kadence-column654_200845-a6 > .kt-inside-inner-col:before{opacity:0.3;}.kadence-column654_200845-a6{position:relative;}@media all and (max-width: 1024px){.kadence-column654_200845-a6 > .kt-inside-inner-col{flex-direction:column;justify-content:center;}}@media all and (max-width: 767px){.kadence-column654_200845-a6 > .kt-inside-inner-col{flex-direction:column;justify-content:center;}}<\/style>\n<div class=\"wp-block-kadence-column kadence-column654_200845-a6\"><div class=\"kt-inside-inner-col\"><style>.kb-image654_5880f5-4d .kb-image-has-overlay:after{opacity:0.3;}<\/style>\n<figure class=\"wp-block-kadence-image kb-image654_5880f5-4d size-full kb-image-is-ratio-size\"><div class=\"kb-is-ratio-image kb-image-ratio-port34\"><img loading=\"lazy\" decoding=\"async\" width=\"1242\" height=\"1656\" src=\"https:\/\/eightandargot.com\/wp-content\/uploads\/2023\/10\/LeROUGE-1.jpg\" alt=\"\" class=\"kb-img wp-image-1017\" srcset=\"https:\/\/eightandargot.com\/wp-content\/uploads\/2023\/10\/LeROUGE-1.jpg 1242w, https:\/\/eightandargot.com\/wp-content\/uploads\/2023\/10\/LeROUGE-1-225x300.jpg 225w, https:\/\/eightandargot.com\/wp-content\/uploads\/2023\/10\/LeROUGE-1-768x1024.jpg 768w, https:\/\/eightandargot.com\/wp-content\/uploads\/2023\/10\/LeROUGE-1-1152x1536.jpg 1152w\" sizes=\"auto, (max-width: 1242px) 100vw, 1242px\" \/><\/div><\/figure>\n<\/div><\/div>\n\n\n<style>.kadence-column654_7d6e48-fe > .kt-inside-inner-col{padding-top:10px;padding-right:10px;padding-bottom:10px;padding-left:10px;}.kadence-column654_7d6e48-fe > .kt-inside-inner-col,.kadence-column654_7d6e48-fe > .kt-inside-inner-col:before{border-top-left-radius:0px;border-top-right-radius:0px;border-bottom-right-radius:0px;border-bottom-left-radius:0px;}.kadence-column654_7d6e48-fe > .kt-inside-inner-col{column-gap:var(--global-kb-gap-sm, 1rem);}.kadence-column654_7d6e48-fe > .kt-inside-inner-col{flex-direction:column;}.kadence-column654_7d6e48-fe > .kt-inside-inner-col > .aligncenter{width:100%;}.kadence-column654_7d6e48-fe > .kt-inside-inner-col:before{opacity:0.3;}.kadence-column654_7d6e48-fe{position:relative;}@media all and (max-width: 1024px){.kadence-column654_7d6e48-fe > .kt-inside-inner-col{flex-direction:column;justify-content:center;}}@media all and (max-width: 767px){.kadence-column654_7d6e48-fe > .kt-inside-inner-col{flex-direction:column;justify-content:center;}}<\/style>\n<div class=\"wp-block-kadence-column kadence-column654_7d6e48-fe\"><div class=\"kt-inside-inner-col\"><style>.kb-image654_effb6f-05 .kb-image-has-overlay:after{opacity:0.3;}<\/style>\n<figure class=\"wp-block-kadence-image kb-image654_effb6f-05 size-full kb-image-is-ratio-size\"><div class=\"kb-is-ratio-image kb-image-ratio-port34\"><img loading=\"lazy\" decoding=\"async\" width=\"974\" height=\"720\" src=\"https:\/\/eightandargot.com\/wp-content\/uploads\/2023\/10\/LeROUGE-2.jpg\" alt=\"\" class=\"kb-img wp-image-1018\" srcset=\"https:\/\/eightandargot.com\/wp-content\/uploads\/2023\/10\/LeROUGE-2.jpg 974w, https:\/\/eightandargot.com\/wp-content\/uploads\/2023\/10\/LeROUGE-2-300x222.jpg 300w, https:\/\/eightandargot.com\/wp-content\/uploads\/2023\/10\/LeROUGE-2-768x568.jpg 768w\" sizes=\"auto, (max-width: 974px) 100vw, 974px\" \/><\/div><\/figure>\n<\/div><\/div>\n\n<\/div><\/div>\n\n<style>.kb-row-layout-id654_fc22d6-22 > .kt-row-column-wrap{align-content:start;}:where(.kb-row-layout-id654_fc22d6-22 > .kt-row-column-wrap) > .wp-block-kadence-column{justify-content:start;}.kb-row-layout-id654_fc22d6-22 > .kt-row-column-wrap{column-gap:var(--global-kb-gap-none, 0rem );row-gap:var(--global-kb-gap-none, 0rem );padding-top:0px;padding-right:0px;padding-bottom:0px;padding-left:0px;grid-template-columns:minmax(0, 1fr);}.kb-row-layout-id654_fc22d6-22 > .kt-row-layout-overlay{opacity:0.30;}@media all and (max-width: 1024px){.kb-row-layout-id654_fc22d6-22 > .kt-row-column-wrap{grid-template-columns:minmax(0, 1fr);}}@media all and (max-width: 767px){.kb-row-layout-id654_fc22d6-22 > .kt-row-column-wrap{grid-template-columns:minmax(0, 1fr);}}<\/style><div class=\"kb-row-layout-wrap kb-row-layout-id654_fc22d6-22 alignnone wp-block-kadence-rowlayout\"><div class=\"kt-row-column-wrap kt-has-1-columns kt-row-layout-equal kt-tab-layout-inherit kt-mobile-layout-row kt-row-valign-top\">\n<style>.kadence-column654_b3c2fd-95 > .kt-inside-inner-col{padding-top:10px;padding-right:10px;padding-bottom:10px;padding-left:10px;}.kadence-column654_b3c2fd-95 > .kt-inside-inner-col,.kadence-column654_b3c2fd-95 > .kt-inside-inner-col:before{border-top-left-radius:0px;border-top-right-radius:0px;border-bottom-right-radius:0px;border-bottom-left-radius:0px;}.kadence-column654_b3c2fd-95 > .kt-inside-inner-col{column-gap:var(--global-kb-gap-sm, 1rem);}.kadence-column654_b3c2fd-95 > .kt-inside-inner-col{flex-direction:column;}.kadence-column654_b3c2fd-95 > .kt-inside-inner-col > .aligncenter{width:100%;}.kadence-column654_b3c2fd-95 > .kt-inside-inner-col:before{opacity:0.3;}.kadence-column654_b3c2fd-95{position:relative;}@media all and (max-width: 1024px){.kadence-column654_b3c2fd-95 > .kt-inside-inner-col{flex-direction:column;justify-content:center;}}@media all and (max-width: 767px){.kadence-column654_b3c2fd-95 > .kt-inside-inner-col{flex-direction:column;justify-content:center;}}<\/style>\n<div class=\"wp-block-kadence-column kadence-column654_b3c2fd-95\"><div class=\"kt-inside-inner-col\"><style>.kb-image654_4fb5f9-9b .kb-image-has-overlay:after{opacity:0.3;}<\/style>\n<figure class=\"wp-block-kadence-image kb-image654_4fb5f9-9b size-full kb-image-is-ratio-size\"><div class=\"kb-is-ratio-image kb-image-ratio-land169\"><img loading=\"lazy\" decoding=\"async\" width=\"1080\" height=\"608\" src=\"https:\/\/eightandargot.com\/wp-content\/uploads\/2023\/10\/LeROUGE-3.jpg\" alt=\"\" class=\"kb-img wp-image-1019\" srcset=\"https:\/\/eightandargot.com\/wp-content\/uploads\/2023\/10\/LeROUGE-3.jpg 1080w, https:\/\/eightandargot.com\/wp-content\/uploads\/2023\/10\/LeROUGE-3-300x169.jpg 300w, https:\/\/eightandargot.com\/wp-content\/uploads\/2023\/10\/LeROUGE-3-1024x576.jpg 1024w, https:\/\/eightandargot.com\/wp-content\/uploads\/2023\/10\/LeROUGE-3-768x432.jpg 768w\" sizes=\"auto, (max-width: 1080px) 100vw, 1080px\" \/><\/div><\/figure>\n<\/div><\/div>\n\n<\/div><\/div>\n\n<style>.kb-row-layout-id654_193c47-8d > .kt-row-column-wrap{align-content:start;}:where(.kb-row-layout-id654_193c47-8d > .kt-row-column-wrap) > .wp-block-kadence-column{justify-content:start;}.kb-row-layout-id654_193c47-8d > .kt-row-column-wrap{column-gap:var(--global-kb-gap-none, 0rem );row-gap:var(--global-kb-gap-none, 0rem );padding-top:0px;padding-right:0px;padding-bottom:0px;padding-left:0px;grid-template-columns:repeat(2, minmax(0, 1fr));}.kb-row-layout-id654_193c47-8d > .kt-row-layout-overlay{opacity:0.30;}@media all and (max-width: 1024px){.kb-row-layout-id654_193c47-8d > .kt-row-column-wrap{grid-template-columns:repeat(2, minmax(0, 1fr));}}@media all and (max-width: 767px){.kb-row-layout-id654_193c47-8d > .kt-row-column-wrap{grid-template-columns:repeat(2, minmax(0, 1fr));}}<\/style><div class=\"kb-row-layout-wrap kb-row-layout-id654_193c47-8d alignnone wp-block-kadence-rowlayout\"><div class=\"kt-row-column-wrap kt-has-2-columns kt-row-layout-equal kt-tab-layout-inherit kt-mobile-layout-equal kt-row-valign-top\">\n<style>.kadence-column654_1319b5-68 > .kt-inside-inner-col{padding-top:10px;padding-right:10px;padding-bottom:10px;padding-left:10px;}.kadence-column654_1319b5-68 > .kt-inside-inner-col,.kadence-column654_1319b5-68 > .kt-inside-inner-col:before{border-top-left-radius:0px;border-top-right-radius:0px;border-bottom-right-radius:0px;border-bottom-left-radius:0px;}.kadence-column654_1319b5-68 > .kt-inside-inner-col{column-gap:var(--global-kb-gap-sm, 1rem);}.kadence-column654_1319b5-68 > .kt-inside-inner-col{flex-direction:column;}.kadence-column654_1319b5-68 > .kt-inside-inner-col > .aligncenter{width:100%;}.kadence-column654_1319b5-68 > .kt-inside-inner-col:before{opacity:0.3;}.kadence-column654_1319b5-68{position:relative;}@media all and (max-width: 1024px){.kadence-column654_1319b5-68 > .kt-inside-inner-col{flex-direction:column;justify-content:center;}}@media all and (max-width: 767px){.kadence-column654_1319b5-68 > .kt-inside-inner-col{flex-direction:column;justify-content:center;}}<\/style>\n<div class=\"wp-block-kadence-column kadence-column654_1319b5-68\"><div class=\"kt-inside-inner-col\"><style>.kb-image654_21cfdc-f0 .kb-image-has-overlay:after{opacity:0.3;}<\/style>\n<figure class=\"wp-block-kadence-image kb-image654_21cfdc-f0 size-full kb-image-is-ratio-size\"><div class=\"kb-is-ratio-image kb-image-ratio-port23\"><img loading=\"lazy\" decoding=\"async\" width=\"548\" height=\"826\" src=\"https:\/\/eightandargot.com\/wp-content\/uploads\/2023\/10\/LeROUGE-6.jpg\" alt=\"\" class=\"kb-img wp-image-1022\" srcset=\"https:\/\/eightandargot.com\/wp-content\/uploads\/2023\/10\/LeROUGE-6.jpg 548w, https:\/\/eightandargot.com\/wp-content\/uploads\/2023\/10\/LeROUGE-6-199x300.jpg 199w\" sizes=\"auto, (max-width: 548px) 100vw, 548px\" \/><\/div><\/figure>\n<\/div><\/div>\n\n\n<style>.kadence-column654_ed2355-ac > .kt-inside-inner-col{padding-top:10px;padding-right:10px;padding-bottom:10px;padding-left:10px;}.kadence-column654_ed2355-ac > .kt-inside-inner-col,.kadence-column654_ed2355-ac > .kt-inside-inner-col:before{border-top-left-radius:0px;border-top-right-radius:0px;border-bottom-right-radius:0px;border-bottom-left-radius:0px;}.kadence-column654_ed2355-ac > .kt-inside-inner-col{column-gap:var(--global-kb-gap-sm, 1rem);}.kadence-column654_ed2355-ac > .kt-inside-inner-col{flex-direction:column;}.kadence-column654_ed2355-ac > .kt-inside-inner-col > .aligncenter{width:100%;}.kadence-column654_ed2355-ac > .kt-inside-inner-col:before{opacity:0.3;}.kadence-column654_ed2355-ac{position:relative;}@media all and (max-width: 1024px){.kadence-column654_ed2355-ac > .kt-inside-inner-col{flex-direction:column;justify-content:center;}}@media all and (max-width: 767px){.kadence-column654_ed2355-ac > .kt-inside-inner-col{flex-direction:column;justify-content:center;}}<\/style>\n<div class=\"wp-block-kadence-column kadence-column654_ed2355-ac\"><div class=\"kt-inside-inner-col\"><style>.kb-image654_2a7bee-4b .kb-image-has-overlay:after{opacity:0.3;}<\/style>\n<figure class=\"wp-block-kadence-image kb-image654_2a7bee-4b size-full kb-image-is-ratio-size\"><div class=\"kb-is-ratio-image kb-image-ratio-port23\"><img loading=\"lazy\" decoding=\"async\" width=\"1071\" height=\"1058\" src=\"https:\/\/eightandargot.com\/wp-content\/uploads\/2023\/10\/LeROUGE-5.jpg\" alt=\"\" class=\"kb-img wp-image-1021\" srcset=\"https:\/\/eightandargot.com\/wp-content\/uploads\/2023\/10\/LeROUGE-5.jpg 1071w, https:\/\/eightandargot.com\/wp-content\/uploads\/2023\/10\/LeROUGE-5-100x100.jpg 100w, https:\/\/eightandargot.com\/wp-content\/uploads\/2023\/10\/LeROUGE-5-300x296.jpg 300w, https:\/\/eightandargot.com\/wp-content\/uploads\/2023\/10\/LeROUGE-5-1024x1012.jpg 1024w, https:\/\/eightandargot.com\/wp-content\/uploads\/2023\/10\/LeROUGE-5-768x759.jpg 768w\" sizes=\"auto, (max-width: 1071px) 100vw, 1071px\" \/><\/div><\/figure>\n<\/div><\/div>\n\n<\/div><\/div>\n\n<style>.kb-row-layout-id654_5303d9-62 > .kt-row-column-wrap{align-content:start;}:where(.kb-row-layout-id654_5303d9-62 > .kt-row-column-wrap) > .wp-block-kadence-column{justify-content:start;}.kb-row-layout-id654_5303d9-62 > .kt-row-column-wrap{column-gap:var(--global-kb-gap-none, 0rem );row-gap:var(--global-kb-gap-none, 0rem );padding-top:0px;padding-right:0px;padding-bottom:0px;padding-left:0px;grid-template-columns:minmax(0, 1fr);}.kb-row-layout-id654_5303d9-62 > .kt-row-layout-overlay{opacity:0.30;}@media all and (max-width: 1024px){.kb-row-layout-id654_5303d9-62 > .kt-row-column-wrap{grid-template-columns:minmax(0, 1fr);}}@media all and (max-width: 767px){.kb-row-layout-id654_5303d9-62 > .kt-row-column-wrap{grid-template-columns:minmax(0, 1fr);}}<\/style><div class=\"kb-row-layout-wrap kb-row-layout-id654_5303d9-62 alignnone wp-block-kadence-rowlayout\"><div class=\"kt-row-column-wrap kt-has-1-columns kt-row-layout-equal kt-tab-layout-inherit kt-mobile-layout-row kt-row-valign-top\">\n<style>.kadence-column654_ad6227-52 > .kt-inside-inner-col{padding-top:10px;padding-right:10px;padding-bottom:10px;padding-left:10px;}.kadence-column654_ad6227-52 > .kt-inside-inner-col,.kadence-column654_ad6227-52 > .kt-inside-inner-col:before{border-top-left-radius:0px;border-top-right-radius:0px;border-bottom-right-radius:0px;border-bottom-left-radius:0px;}.kadence-column654_ad6227-52 > .kt-inside-inner-col{column-gap:var(--global-kb-gap-sm, 1rem);}.kadence-column654_ad6227-52 > .kt-inside-inner-col{flex-direction:column;}.kadence-column654_ad6227-52 > .kt-inside-inner-col > .aligncenter{width:100%;}.kadence-column654_ad6227-52 > .kt-inside-inner-col:before{opacity:0.3;}.kadence-column654_ad6227-52{position:relative;}@media all and (max-width: 1024px){.kadence-column654_ad6227-52 > .kt-inside-inner-col{flex-direction:column;justify-content:center;}}@media all and (max-width: 767px){.kadence-column654_ad6227-52 > .kt-inside-inner-col{flex-direction:column;justify-content:center;}}<\/style>\n<div class=\"wp-block-kadence-column kadence-column654_ad6227-52\"><div class=\"kt-inside-inner-col\"><\/div><\/div>\n\n<\/div><\/div>","protected":false},"excerpt":{"rendered":"<p>The LeROUGE style is handcrafted in Spain from striking red patent leather. The 7.5 cm block heel offers the perfect blend of lift, stability, and ease, whether you're navigating your day or enjoying a night out. Comfort-driven features include a rounded, wider toe box to alleviate foot crowding, as well as a carefully designed shape and pitch of the shoe\u2019s structure to enhance back comfort. Adjustable silver buckle fastening.<\/p>\n<p><strong>What we love the most:<\/strong> The charisma of its checkerboard pattern heel.<\/p>","protected":false},"featured_media":1018,"template":"","meta":{"_acf_changed":true,"_kad_blocks_custom_css":"","_kad_blocks_head_custom_js":"","_kad_blocks_body_custom_js":"","_kad_blocks_footer_custom_js":"","_kadence_starter_templates_imported_post":false,"_kad_post_transparent":"default","_kad_post_title":"","_kad_post_layout":"default","_kad_post_sidebar_id":"","_kad_post_content_style":"default","_kad_post_vertical_padding":"default","_kad_post_feature":"","_kad_post_feature_position":"","_kad_post_header":false,"_kad_post_footer":false},"product_brand":[],"product_cat":[44],"product_tag":[],"labels":[75],"class_list":{"0":"post-654","1":"product","2":"type-product","3":"status-publish","4":"has-post-thumbnail","6":"product_cat-zapatos-de-tacon","7":"labels-agotado","9":"first","10":"instock","11":"taxable","12":"shipping-taxable","13":"product-type-variable","14":"entry","15":"content-bg","16":"loop-entry"},"acf":[],"yoast_head":"<!-- This site is optimized with the Yoast SEO plugin v25.5 - https:\/\/yoast.com\/wordpress\/plugins\/seo\/ -->\n<title>LeROUGE t-bar - EIGHT &amp; ARG\u00d4T<\/title>\n<meta name=\"robots\" content=\"index, follow, max-snippet:-1, max-image-preview:large, max-video-preview:-1\" \/>\n<link rel=\"canonical\" href=\"https:\/\/eightandargot.com\/en\/product\/lerouge-t-bar\/\" \/>\n<meta property=\"og:locale\" content=\"en_GB\" \/>\n<meta property=\"og:type\" content=\"article\" \/>\n<meta property=\"og:title\" content=\"LeROUGE t-bar - EIGHT &amp; ARG\u00d4T\" \/>\n<meta property=\"og:description\" content=\"El modelo LeROUGE est\u00e1 elaborado artesanalmente en Espa\u00f1a con piel acharolada color rojo. Super c\u00f3modo para aguantar todo el d\u00eda (y noche!), gracias a la estudiada forma e inclinaci\u00f3n de su horma (para mayor comodidad de la espalda), y a su ancho tac\u00f3n de 7,5 cm altura. Cierre con hebilla plateada y broche regulable. Lo que m\u00e1s nos gusta: La distinci\u00f3n de su tac\u00f3n dise\u00f1o ajedrez.\" \/>\n<meta property=\"og:url\" content=\"https:\/\/eightandargot.com\/en\/product\/lerouge-t-bar\/\" \/>\n<meta property=\"og:site_name\" content=\"EIGHT &amp; ARG\u00d4T\" \/>\n<meta property=\"article:modified_time\" content=\"2024-12-04T10:30:21+00:00\" \/>\n<meta property=\"og:image\" content=\"https:\/\/eightandargot.com\/wp-content\/uploads\/2023\/10\/LeROUGE-2.jpg\" \/>\n\t<meta property=\"og:image:width\" content=\"974\" \/>\n\t<meta property=\"og:image:height\" content=\"720\" \/>\n\t<meta property=\"og:image:type\" content=\"image\/jpeg\" \/>\n<meta name=\"twitter:card\" content=\"summary_large_image\" \/>\n<meta name=\"twitter:label1\" content=\"Estimated reading time\" \/>\n\t<meta name=\"twitter:data1\" content=\"2 minutes\" \/>\n<script type=\"application\/ld+json\" class=\"yoast-schema-graph\">{\"@context\":\"https:\/\/schema.org\",\"@graph\":[{\"@type\":\"WebPage\",\"@id\":\"https:\/\/eightandargot.com\/producto\/lerouge-t-bar\/\",\"url\":\"https:\/\/eightandargot.com\/producto\/lerouge-t-bar\/\",\"name\":\"LeROUGE t-bar - EIGHT &amp; ARG\u00d4T\",\"isPartOf\":{\"@id\":\"https:\/\/eightandargot.com\/#website\"},\"primaryImageOfPage\":{\"@id\":\"https:\/\/eightandargot.com\/producto\/lerouge-t-bar\/#primaryimage\"},\"image\":{\"@id\":\"https:\/\/eightandargot.com\/producto\/lerouge-t-bar\/#primaryimage\"},\"thumbnailUrl\":\"https:\/\/eightandargot.com\/wp-content\/uploads\/2023\/10\/LeROUGE-2.jpg\",\"datePublished\":\"2023-10-18T07:12:53+00:00\",\"dateModified\":\"2024-12-04T10:30:21+00:00\",\"breadcrumb\":{\"@id\":\"https:\/\/eightandargot.com\/producto\/lerouge-t-bar\/#breadcrumb\"},\"inLanguage\":\"en-GB\",\"potentialAction\":[{\"@type\":\"ReadAction\",\"target\":[\"https:\/\/eightandargot.com\/producto\/lerouge-t-bar\/\"]}]},{\"@type\":\"ImageObject\",\"inLanguage\":\"en-GB\",\"@id\":\"https:\/\/eightandargot.com\/producto\/lerouge-t-bar\/#primaryimage\",\"url\":\"https:\/\/eightandargot.com\/wp-content\/uploads\/2023\/10\/LeROUGE-2.jpg\",\"contentUrl\":\"https:\/\/eightandargot.com\/wp-content\/uploads\/2023\/10\/LeROUGE-2.jpg\",\"width\":974,\"height\":720},{\"@type\":\"BreadcrumbList\",\"@id\":\"https:\/\/eightandargot.com\/producto\/lerouge-t-bar\/#breadcrumb\",\"itemListElement\":[{\"@type\":\"ListItem\",\"position\":1,\"name\":\"Portada\",\"item\":\"https:\/\/eightandargot.com\/\"},{\"@type\":\"ListItem\",\"position\":2,\"name\":\"Shop\",\"item\":\"https:\/\/eightandargot.com\/shop\/\"},{\"@type\":\"ListItem\",\"position\":3,\"name\":\"LeROUGE t-bar\"}]},{\"@type\":\"WebSite\",\"@id\":\"https:\/\/eightandargot.com\/#website\",\"url\":\"https:\/\/eightandargot.com\/\",\"name\":\"EIGHT &amp; ARG\u00d4T\",\"description\":\"Boutique Online\",\"publisher\":{\"@id\":\"https:\/\/eightandargot.com\/#organization\"},\"potentialAction\":[{\"@type\":\"SearchAction\",\"target\":{\"@type\":\"EntryPoint\",\"urlTemplate\":\"https:\/\/eightandargot.com\/?s={search_term_string}\"},\"query-input\":{\"@type\":\"PropertyValueSpecification\",\"valueRequired\":true,\"valueName\":\"search_term_string\"}}],\"inLanguage\":\"en-GB\"},{\"@type\":\"Organization\",\"@id\":\"https:\/\/eightandargot.com\/#organization\",\"name\":\"EIGHT &amp; ARG\u00d4T\",\"url\":\"https:\/\/eightandargot.com\/\",\"logo\":{\"@type\":\"ImageObject\",\"inLanguage\":\"en-GB\",\"@id\":\"https:\/\/eightandargot.com\/#\/schema\/logo\/image\/\",\"url\":\"https:\/\/eightandargot.com\/wp-content\/uploads\/2023\/10\/logo-1.png\",\"contentUrl\":\"https:\/\/eightandargot.com\/wp-content\/uploads\/2023\/10\/logo-1.png\",\"width\":1068,\"height\":128,\"caption\":\"EIGHT &amp; ARG\u00d4T\"},\"image\":{\"@id\":\"https:\/\/eightandargot.com\/#\/schema\/logo\/image\/\"}}]}<\/script>\n<!-- \/ Yoast SEO plugin. -->","yoast_head_json":{"title":"LeROUGE t-bar - EIGHT &amp; ARG\u00d4T","robots":{"index":"index","follow":"follow","max-snippet":"max-snippet:-1","max-image-preview":"max-image-preview:large","max-video-preview":"max-video-preview:-1"},"canonical":"https:\/\/eightandargot.com\/en\/product\/lerouge-t-bar\/","og_locale":"en_GB","og_type":"article","og_title":"LeROUGE t-bar - EIGHT &amp; ARG\u00d4T","og_description":"El modelo LeROUGE est\u00e1 elaborado artesanalmente en Espa\u00f1a con piel acharolada color rojo. Super c\u00f3modo para aguantar todo el d\u00eda (y noche!), gracias a la estudiada forma e inclinaci\u00f3n de su horma (para mayor comodidad de la espalda), y a su ancho tac\u00f3n de 7,5 cm altura. Cierre con hebilla plateada y broche regulable. Lo que m\u00e1s nos gusta: La distinci\u00f3n de su tac\u00f3n dise\u00f1o ajedrez.","og_url":"https:\/\/eightandargot.com\/en\/product\/lerouge-t-bar\/","og_site_name":"EIGHT &amp; ARG\u00d4T","article_modified_time":"2024-12-04T10:30:21+00:00","og_image":[{"width":974,"height":720,"url":"https:\/\/eightandargot.com\/wp-content\/uploads\/2023\/10\/LeROUGE-2.jpg","type":"image\/jpeg"}],"twitter_card":"summary_large_image","twitter_misc":{"Estimated reading time":"2 minutes"},"schema":{"@context":"https:\/\/schema.org","@graph":[{"@type":"WebPage","@id":"https:\/\/eightandargot.com\/producto\/lerouge-t-bar\/","url":"https:\/\/eightandargot.com\/producto\/lerouge-t-bar\/","name":"LeROUGE t-bar - EIGHT &amp; ARG\u00d4T","isPartOf":{"@id":"https:\/\/eightandargot.com\/#website"},"primaryImageOfPage":{"@id":"https:\/\/eightandargot.com\/producto\/lerouge-t-bar\/#primaryimage"},"image":{"@id":"https:\/\/eightandargot.com\/producto\/lerouge-t-bar\/#primaryimage"},"thumbnailUrl":"https:\/\/eightandargot.com\/wp-content\/uploads\/2023\/10\/LeROUGE-2.jpg","datePublished":"2023-10-18T07:12:53+00:00","dateModified":"2024-12-04T10:30:21+00:00","breadcrumb":{"@id":"https:\/\/eightandargot.com\/producto\/lerouge-t-bar\/#breadcrumb"},"inLanguage":"en-GB","potentialAction":[{"@type":"ReadAction","target":["https:\/\/eightandargot.com\/producto\/lerouge-t-bar\/"]}]},{"@type":"ImageObject","inLanguage":"en-GB","@id":"https:\/\/eightandargot.com\/producto\/lerouge-t-bar\/#primaryimage","url":"https:\/\/eightandargot.com\/wp-content\/uploads\/2023\/10\/LeROUGE-2.jpg","contentUrl":"https:\/\/eightandargot.com\/wp-content\/uploads\/2023\/10\/LeROUGE-2.jpg","width":974,"height":720},{"@type":"BreadcrumbList","@id":"https:\/\/eightandargot.com\/producto\/lerouge-t-bar\/#breadcrumb","itemListElement":[{"@type":"ListItem","position":1,"name":"Portada","item":"https:\/\/eightandargot.com\/"},{"@type":"ListItem","position":2,"name":"Shop","item":"https:\/\/eightandargot.com\/shop\/"},{"@type":"ListItem","position":3,"name":"LeROUGE t-bar"}]},{"@type":"WebSite","@id":"https:\/\/eightandargot.com\/#website","url":"https:\/\/eightandargot.com\/","name":"EIGHT &amp; ARG\u00d4T","description":"Boutique Online","publisher":{"@id":"https:\/\/eightandargot.com\/#organization"},"potentialAction":[{"@type":"SearchAction","target":{"@type":"EntryPoint","urlTemplate":"https:\/\/eightandargot.com\/?s={search_term_string}"},"query-input":{"@type":"PropertyValueSpecification","valueRequired":true,"valueName":"search_term_string"}}],"inLanguage":"en-GB"},{"@type":"Organization","@id":"https:\/\/eightandargot.com\/#organization","name":"EIGHT &amp; ARG\u00d4T","url":"https:\/\/eightandargot.com\/","logo":{"@type":"ImageObject","inLanguage":"en-GB","@id":"https:\/\/eightandargot.com\/#\/schema\/logo\/image\/","url":"https:\/\/eightandargot.com\/wp-content\/uploads\/2023\/10\/logo-1.png","contentUrl":"https:\/\/eightandargot.com\/wp-content\/uploads\/2023\/10\/logo-1.png","width":1068,"height":128,"caption":"EIGHT &amp; ARG\u00d4T"},"image":{"@id":"https:\/\/eightandargot.com\/#\/schema\/logo\/image\/"}}]}},"taxonomy_info":{"product_cat":[{"value":44,"label":"Zapatos de Tac\u00f3n"}],"labels":[{"value":75,"label":"AGOTADO"}]},"featured_image_src_large":["https:\/\/eightandargot.com\/wp-content\/uploads\/2023\/10\/LeROUGE-2.jpg",974,720,false],"author_info":[],"comment_info":"","_links":{"self":[{"href":"https:\/\/eightandargot.com\/en\/wp-json\/wp\/v2\/product\/654","targetHints":{"allow":["GET"]}}],"collection":[{"href":"https:\/\/eightandargot.com\/en\/wp-json\/wp\/v2\/product"}],"about":[{"href":"https:\/\/eightandargot.com\/en\/wp-json\/wp\/v2\/types\/product"}],"wp:featuredmedia":[{"embeddable":true,"href":"https:\/\/eightandargot.com\/en\/wp-json\/wp\/v2\/media\/1018"}],"wp:attachment":[{"href":"https:\/\/eightandargot.com\/en\/wp-json\/wp\/v2\/media?parent=654"}],"wp:term":[{"taxonomy":"product_brand","embeddable":true,"href":"https:\/\/eightandargot.com\/en\/wp-json\/wp\/v2\/product_brand?post=654"},{"taxonomy":"product_cat","embeddable":true,"href":"https:\/\/eightandargot.com\/en\/wp-json\/wp\/v2\/product_cat?post=654"},{"taxonomy":"product_tag","embeddable":true,"href":"https:\/\/eightandargot.com\/en\/wp-json\/wp\/v2\/product_tag?post=654"},{"taxonomy":"labels","embeddable":true,"href":"https:\/\/eightandargot.com\/en\/wp-json\/wp\/v2\/labels?post=654"}],"curies":[{"name":"wp","href":"https:\/\/api.w.org\/{rel}","templated":true}]}}